{"id":7572,"date":"2021-08-20T00:04:42","date_gmt":"2021-08-19T22:04:42","guid":{"rendered":"https:\/\/digitalhistory.unite.it\/los-paises-bajos\/"},"modified":"2021-11-23T15:28:57","modified_gmt":"2021-11-23T14:28:57","slug":"los-paises-bajos","status":"publish","type":"page","link":"https:\/\/digitalhistory.unite.it\/es\/territorios\/itinerarios-internacionales\/estatuas-ecuestres-de-reyes-espanoles\/las-estatuas-ecuestres-y-la-monarquia-espanola\/los-paises-bajos\/","title":{"rendered":"Los Pa\u00edses Bajos"},"content":{"rendered":"<h1>Los Pa\u00edses Bajos <\/h1>\n<div class=\"testo\">\n<p style=\"text-align: justify\"><img loading=\"lazy\" decoding=\"async\" src=\"https:\/\/digitalhistory.unite.it\/wp-content\/uploads\/2021\/08\/paesi_bassi_339x161.jpg\" width=\"339\" height=\"161\" alt=\"Paesi Bassi\" align=\"left\">El conjunto de territorios conocidos como los Pa\u00edses Bajos perteneci\u00f3 en el siglo XV al ducado de Borgo\u00f1a. En la corte borgo\u00f1ona, abierta a las influencias human\u00edsticas, naci\u00f3 el primer c\u00f3dice de etiqueta cortesana, que en poco tiempo se difundi\u00f3 por las principales cortes europeas. A la muerte del \u00faltimo duque, Carlos el Temerario (1433-1477), los Pa\u00edses Bajos pasaron a formar parte de los dominios de los Habsburgo, con motivo del matrimonio de Mar\u00eda, hija de Carlos, y el Archiduque Maximiliano I. La estructura territorial variada, compuesta por provincias de distintas lenguas, sistemas pol\u00edticos y sistemas econ\u00f3micos, conoci\u00f3 un per\u00edodo de riqueza y expansi\u00f3n durante el siglo XVI. Felipe el Hermoso (1478-1506) y Carlos V (1500-1558) trataron de conseguir el apoyo de los dirigentes locales y los establecieron en los dominios de los Habsburgo. Despu\u00e9s de su partida (1517), Carlos dej\u00f3 como gobernadores primero a su t\u00eda Margarita y luego a su hermana Mar\u00eda. Su hijo, Felipe II (1527-1598) no trat\u00f3 a los Pa\u00edses Bajos con el mismo respeto que su padre, siendo considerado por sus s\u00fabditos como un soberano extranjero. Una recesi\u00f3n econ\u00f3mica, sumada al descontento de la aristocracia local excluidos de los oficios de poder y el problema religioso derivado de la presencia de una creciente comunidad de hugonotes, fueron el origen del estallido de la revuelta de los Pa\u00edses Bajos y de una guerra que durar\u00eda ochenta a\u00f1os (1568-1648), sin que los Habsburgo fueran capaces de recuperar el control del territorio. Despu\u00e9s de la Tregua de los Doce A\u00f1os (1609-1621) la guerra se reanud\u00f3 dentro del marco del conflicto m\u00e1s general conocido como la Guerra de los Treinta A\u00f1os (1618-1648). Con la Paz de Westfalia (1648) las siete provincias unidas se independizaron de la Monarqu\u00eda Habsb\u00farguica, separ\u00e1ndose de las otras provincias del sur. Convertida en una potencia colonial y comercial l\u00edder, las Provincias Unidas se enfrentaron en varias ocasiones a Inglaterra en la segunda mitad del siglo XVII, hasta que Guillermo III de Orange fue llamado al trono de Inglaterra en 1688.<\/p>\n<p>Para saber m\u00e1s:<\/p>\n<ul>\n<li style=\"text-align: justify\">S. Schama, <em>The Embarassment of Riches. An Interpretation of Dutch Culture in the Golden Age<\/em>, Los \u00c1ngeles 1988.<\/li>\n<li style=\"text-align: justify\">J.I. Israel, <em>The Dutch Republic. Its Rise, Greatness and Fall, 1477-1806<\/em>, Oxford 1998.<\/li>\n<\/ul><\/div>\n<p><\/p>\n","protected":false},"excerpt":{"rendered":"<p>Los Pa\u00edses Bajos El conjunto de territorios conocidos como los Pa\u00edses Bajos perteneci\u00f3 en el siglo XV al ducado de Borgo\u00f1a. En la corte borgo\u00f1ona, abierta a las influencias human\u00edsticas, naci\u00f3 el primer c\u00f3dice de etiqueta cortesana, que en poco tiempo se difundi\u00f3 por las&hellip;<\/p>\n","protected":false},"author":1,"featured_media":0,"parent":6704,"menu_order":0,"comment_status":"closed","ping_status":"closed","template":"","meta":{"footnotes":""},"class_list":["post-7572","page","type-page","status-publish","hentry"],"_links":{"self":[{"href":"https:\/\/digitalhistory.unite.it\/es\/wp-json\/wp\/v2\/pages\/7572","targetHints":{"allow":["GET"]}}],"collection":[{"href":"https:\/\/digitalhistory.unite.it\/es\/wp-json\/wp\/v2\/pages"}],"about":[{"href":"https:\/\/digitalhistory.unite.it\/es\/wp-json\/wp\/v2\/types\/page"}],"author":[{"embeddable":true,"href":"https:\/\/digitalhistory.unite.it\/es\/wp-json\/wp\/v2\/users\/1"}],"replies":[{"embeddable":true,"href":"https:\/\/digitalhistory.unite.it\/es\/wp-json\/wp\/v2\/comments?post=7572"}],"version-history":[{"count":2,"href":"https:\/\/digitalhistory.unite.it\/es\/wp-json\/wp\/v2\/pages\/7572\/revisions"}],"predecessor-version":[{"id":11984,"href":"https:\/\/digitalhistory.unite.it\/es\/wp-json\/wp\/v2\/pages\/7572\/revisions\/11984"}],"up":[{"embeddable":true,"href":"https:\/\/digitalhistory.unite.it\/es\/wp-json\/wp\/v2\/pages\/6704"}],"wp:attachment":[{"href":"https:\/\/digitalhistory.unite.it\/es\/wp-json\/wp\/v2\/media?parent=7572"}],"curies":[{"name":"wp","href":"https:\/\/api.w.org\/{rel}","templated":true}]}}