{"id":7573,"date":"2021-08-20T00:04:42","date_gmt":"2021-08-19T22:04:42","guid":{"rendered":"https:\/\/digitalhistory.unite.it\/la-guerra-de-sucesion-espanola\/"},"modified":"2021-11-23T15:27:36","modified_gmt":"2021-11-23T14:27:36","slug":"la-guerra-de-sucesion-espanola","status":"publish","type":"page","link":"https:\/\/digitalhistory.unite.it\/es\/territorios\/itinerarios-internacionales\/estatuas-ecuestres-de-reyes-espanoles\/las-estatuas-ecuestres-y-la-monarquia-espanola\/la-guerra-de-sucesion-espanola\/","title":{"rendered":"La Guerra de Sucesi\u00f3n espa\u00f1ola"},"content":{"rendered":"<h1>La Guerra de Sucesi\u00f3n espa\u00f1ola <\/h1>\n<div class=\"testo\">\n<p style=\"text-align: justify\">A la muerte sin herederos del rey Carlos II de Habsburgo, la vacante del trono espa\u00f1ol fue la causa de un gran conflicto europeo (1701-1713). Poco antes de su muerte, Carlos II hab\u00eda designado como su heredero a Felipe de Anjou (1683-1746), nieto del rey Luis XIV de Francia. El Rey Sol pod\u00eda gozar de una estrecha relaci\u00f3n con el soberano fallecido, de quiera era primo de sangre. En contra de la uni\u00f3n entre las coronas de Francia y Espa\u00f1a, los Habsburgo de Austria se opusieron con su propio candidato, el archiduque Carlos, pronto apoyado por una coalici\u00f3n internacional formada por las Provincias Unidas, Inglaterra, Prusia, Portugal, el Ducado de Saboya y varios pr\u00edncipes alemanes (1701, Gran Alianza de La Haya). El predominio de las tropas filohasburguicas en el campo de batalla se frustr\u00f3 cuando, en 1711, el archiduque Carlos sucedi\u00f3 a su hermano mayor Jos\u00e9 I en el trono imperial. No queriendo colocar un emperador que siguiera los pasos de Carlos V y su vasto imperio, los aliados acordaron con los Borbones el Tratado de Utrecht (1713), mientras que la paz entre Espa\u00f1a y el Imperio lleg\u00f3 al a\u00f1o siguiente, con el Tratado de Rastadt (1714). Entre las muchas consecuencias de esos tratados estaban: la Corona espa\u00f1ola fue reconocida a Felipe V de Borb\u00f3n; el nuevo rey perdi\u00f3 las posesiones italianas, pasando a ser del Imperio, con la excepci\u00f3n de Sicilia, que fue asignada a los Saboya con el t\u00edtulo real; Inglaterra gan\u00f3 las fortalezas militares y comerciales de Gibraltar y Menorca.<\/p>\n<p>Leer m\u00e1s:<\/p>\n<ul>\n<li style=\"text-align: justify\">L. Frey, <em>A question of empire. Leopold I and the war of Spanish succession, 1701- 1705<\/em>, Nueva York 1983.<\/li>\n<li style=\"text-align: justify\">L. Frey, <em>The treaties of the War of the Spanish Succession. An historical and critical dictionary<\/em>, Westport 1995.<\/li>\n<li style=\"text-align: justify\">A. \u00c1lvarez-Ossorio Alvari\u00f1o, <em>Famiglie, nazioni e Monarchia. Il sistema europeo durante la Guerra di Successione spagnola<\/em>, en \u00abCheiron\u00bb, 39-40 (2003).<\/li>\n<\/ul><\/div>\n<p><\/p>\n","protected":false},"excerpt":{"rendered":"<p>La Guerra de Sucesi\u00f3n espa\u00f1ola A la muerte sin herederos del rey Carlos II de Habsburgo, la vacante del trono espa\u00f1ol fue la causa de un gran conflicto europeo (1701-1713). Poco antes de su muerte, Carlos II hab\u00eda designado como su heredero a Felipe de&hellip;<\/p>\n","protected":false},"author":1,"featured_media":0,"parent":6704,"menu_order":0,"comment_status":"closed","ping_status":"closed","template":"","meta":{"footnotes":""},"class_list":["post-7573","page","type-page","status-publish","hentry"],"_links":{"self":[{"href":"https:\/\/digitalhistory.unite.it\/es\/wp-json\/wp\/v2\/pages\/7573","targetHints":{"allow":["GET"]}}],"collection":[{"href":"https:\/\/digitalhistory.unite.it\/es\/wp-json\/wp\/v2\/pages"}],"about":[{"href":"https:\/\/digitalhistory.unite.it\/es\/wp-json\/wp\/v2\/types\/page"}],"author":[{"embeddable":true,"href":"https:\/\/digitalhistory.unite.it\/es\/wp-json\/wp\/v2\/users\/1"}],"replies":[{"embeddable":true,"href":"https:\/\/digitalhistory.unite.it\/es\/wp-json\/wp\/v2\/comments?post=7573"}],"version-history":[{"count":3,"href":"https:\/\/digitalhistory.unite.it\/es\/wp-json\/wp\/v2\/pages\/7573\/revisions"}],"predecessor-version":[{"id":11107,"href":"https:\/\/digitalhistory.unite.it\/es\/wp-json\/wp\/v2\/pages\/7573\/revisions\/11107"}],"up":[{"embeddable":true,"href":"https:\/\/digitalhistory.unite.it\/es\/wp-json\/wp\/v2\/pages\/6704"}],"wp:attachment":[{"href":"https:\/\/digitalhistory.unite.it\/es\/wp-json\/wp\/v2\/media?parent=7573"}],"curies":[{"name":"wp","href":"https:\/\/api.w.org\/{rel}","templated":true}]}}