{"id":7574,"date":"2021-08-20T00:04:42","date_gmt":"2021-08-19T22:04:42","guid":{"rendered":"https:\/\/digitalhistory.unite.it\/revuelta-de-portugal\/"},"modified":"2021-11-23T15:28:56","modified_gmt":"2021-11-23T14:28:56","slug":"revuelta-de-portugal","status":"publish","type":"page","link":"https:\/\/digitalhistory.unite.it\/es\/territorios\/itinerarios-internacionales\/estatuas-ecuestres-de-reyes-espanoles\/felipe-iv-y-la-plaza-de-oriente-en-madrid\/revuelta-de-portugal\/","title":{"rendered":"Revuelta de Portugal"},"content":{"rendered":"<h1>Revuelta de Portugal <\/h1>\n<div class=\"testo\">\n<p style=\"text-align: justify\">Despu\u00e9s de la batalla de Alcazarquivir (1578) y la muerte del \u00faltimo rey de la dinast\u00eda de Avis, Sebasti\u00e1n I, el reino de Portugal confluye, junto con su vasto imperio colonial, en la monarqu\u00eda de los Habsburgo de Felipe II (1527-1598). La uni\u00f3n de las coronas de Espa\u00f1a y Portugal dur\u00f3 sesenta a\u00f1os (1580-1640), durante los cuales se lleg\u00f3 incluso a plantear cambiar la capital de Madrid a Lisboa. En 1640, aprovechando la participaci\u00f3n espa\u00f1ola en la Guerra de Treinta A\u00f1os y el intento de sofocar la revuelta catalana, el reino de Portugal se levant\u00f3, animando por el nuevo rey Juan IV, duque de Braganza. Las recriminaciones lusitanas se centraron en la falta de participaci\u00f3n de sus \u00e9lites en el gobierno de la monarqu\u00eda y el papel marginal reservado a los intereses portugueses, como demostraba la escasa defensa de las colonias americanas y asi\u00e1ticas de los ataques holandeses. Despu\u00e9s del asesinato del secretario de Estado Miguel de Vasconcelos y la detenci\u00f3n de la prima del rey, la duquesa de Mantua Margarita de Saboya, Felipe IV de Espa\u00f1a (1605-1665) trat\u00f3 en vano de recuperar el reino. Tras una serie de batallas perdidas en los pr\u00f3ximos 25 a\u00f1os, Espa\u00f1a reconoci\u00f3 oficialmente la independencia de los portugueses con el Tratado de Lisboa (1668).<\/p>\n<\/p><\/div>\n<p><\/p>\n","protected":false},"excerpt":{"rendered":"<p>Revuelta de Portugal Despu\u00e9s de la batalla de Alcazarquivir (1578) y la muerte del \u00faltimo rey de la dinast\u00eda de Avis, Sebasti\u00e1n I, el reino de Portugal confluye, junto con su vasto imperio colonial, en la monarqu\u00eda de los Habsburgo de Felipe II (1527-1598). La&hellip;<\/p>\n","protected":false},"author":1,"featured_media":0,"parent":6706,"menu_order":0,"comment_status":"closed","ping_status":"closed","template":"","meta":{"footnotes":""},"class_list":["post-7574","page","type-page","status-publish","hentry"],"_links":{"self":[{"href":"https:\/\/digitalhistory.unite.it\/es\/wp-json\/wp\/v2\/pages\/7574","targetHints":{"allow":["GET"]}}],"collection":[{"href":"https:\/\/digitalhistory.unite.it\/es\/wp-json\/wp\/v2\/pages"}],"about":[{"href":"https:\/\/digitalhistory.unite.it\/es\/wp-json\/wp\/v2\/types\/page"}],"author":[{"embeddable":true,"href":"https:\/\/digitalhistory.unite.it\/es\/wp-json\/wp\/v2\/users\/1"}],"replies":[{"embeddable":true,"href":"https:\/\/digitalhistory.unite.it\/es\/wp-json\/wp\/v2\/comments?post=7574"}],"version-history":[{"count":2,"href":"https:\/\/digitalhistory.unite.it\/es\/wp-json\/wp\/v2\/pages\/7574\/revisions"}],"predecessor-version":[{"id":11973,"href":"https:\/\/digitalhistory.unite.it\/es\/wp-json\/wp\/v2\/pages\/7574\/revisions\/11973"}],"up":[{"embeddable":true,"href":"https:\/\/digitalhistory.unite.it\/es\/wp-json\/wp\/v2\/pages\/6706"}],"wp:attachment":[{"href":"https:\/\/digitalhistory.unite.it\/es\/wp-json\/wp\/v2\/media?parent=7574"}],"curies":[{"name":"wp","href":"https:\/\/api.w.org\/{rel}","templated":true}]}}