{"id":7575,"date":"2021-08-20T00:04:42","date_gmt":"2021-08-19T22:04:42","guid":{"rendered":"https:\/\/digitalhistory.unite.it\/la-revuelta-catalana\/"},"modified":"2021-11-23T15:28:56","modified_gmt":"2021-11-23T14:28:56","slug":"la-revuelta-catalana","status":"publish","type":"page","link":"https:\/\/digitalhistory.unite.it\/es\/territorios\/itinerarios-internacionales\/estatuas-ecuestres-de-reyes-espanoles\/felipe-iv-y-la-plaza-de-oriente-en-madrid\/la-revuelta-catalana\/","title":{"rendered":"La revuelta catalana"},"content":{"rendered":"<h1>La revuelta catalana <\/h1>\n<div class=\"testo\">\n<p style=\"text-align: justify\">Catalu\u00f1a ha sido la ciudad m\u00e1s pr\u00f3spera y rica del reino de Arag\u00f3n, equipada con una amplia gama de privilegios e inmunidades que ni siquiera los poderosos soberanos de Castilla pod\u00edan violar. Catalu\u00f1a se rebel\u00f3 en defensa de estos derechos y frente al intento de Felipe IV (1605-1665) y el conde-duque de Olivares (1587-1645) para que Catalu\u00f1a colaborara m\u00e1s en la financiaci\u00f3n de las guerras que la monarqu\u00eda de los Habsburgo estaba llevando en Europa durante la guerra de los Treinta A\u00f1os (1618-1648). Entre el 22 de mayo y el 7 de junio de 1640, los acontecimientos se sucedieron r\u00e1pidamente: la poblaci\u00f3n catalana, cansada de a\u00f1os de guerra y de la presencia en el territorio de las tropas encargadas de responder a los ataques de la vecina Francia, tom\u00f3 las armas en diferentes lugares de Catalu\u00f1a. Ante este giro inesperado de los acontecimientos y el asesinato del virrey Santa Coloma, los grupos dirigentes catalanes, liderados por el carism\u00e1tico Pau Claris, proclamaron la Rep\u00fablica catalana bajo la protecci\u00f3n de Luis XIII de Francia. A diferencia del caso portugu\u00e9s, sin embargo, la revuelta de Catalu\u00f1a no estaba destinada a durar: las divisiones internas en su grupo dirigente, la muerte de Pau Claris y los \u00e9xitos del ej\u00e9rcito espa\u00f1ol enviado por Felipe IV despu\u00e9s del final de la Guerra de los Treinta A\u00f1os (1648) provoc\u00f3 el t\u00e9rmino de la sublevaci\u00f3n. Barcelona fue reconquistada por don Juan de Austria el 11 de octubre de 1652.<\/p>\n<p>Leer m\u00e1s:<\/p>\n<ul>\n<li style=\"text-align: justify\">J.H. Elliott, <em>The Revolt of the Catalans. A Study in the Decline of Spain (1598-1640)<\/em>, Cambridge 1963.<\/li>\n<li style=\"text-align: justify\">R. Garc\u00eda C\u00e1rcel, <em>Pau Claris. La revolta catalana<\/em>, Barcelona 1980.<\/li>\n<\/ul><\/div>\n<p><\/p>\n","protected":false},"excerpt":{"rendered":"<p>La revuelta catalana Catalu\u00f1a ha sido la ciudad m\u00e1s pr\u00f3spera y rica del reino de Arag\u00f3n, equipada con una amplia gama de privilegios e inmunidades que ni siquiera los poderosos soberanos de Castilla pod\u00edan violar. Catalu\u00f1a se rebel\u00f3 en defensa de estos derechos y frente&hellip;<\/p>\n","protected":false},"author":1,"featured_media":0,"parent":6706,"menu_order":0,"comment_status":"closed","ping_status":"closed","template":"","meta":{"footnotes":""},"class_list":["post-7575","page","type-page","status-publish","hentry"],"_links":{"self":[{"href":"https:\/\/digitalhistory.unite.it\/es\/wp-json\/wp\/v2\/pages\/7575","targetHints":{"allow":["GET"]}}],"collection":[{"href":"https:\/\/digitalhistory.unite.it\/es\/wp-json\/wp\/v2\/pages"}],"about":[{"href":"https:\/\/digitalhistory.unite.it\/es\/wp-json\/wp\/v2\/types\/page"}],"author":[{"embeddable":true,"href":"https:\/\/digitalhistory.unite.it\/es\/wp-json\/wp\/v2\/users\/1"}],"replies":[{"embeddable":true,"href":"https:\/\/digitalhistory.unite.it\/es\/wp-json\/wp\/v2\/comments?post=7575"}],"version-history":[{"count":2,"href":"https:\/\/digitalhistory.unite.it\/es\/wp-json\/wp\/v2\/pages\/7575\/revisions"}],"predecessor-version":[{"id":11972,"href":"https:\/\/digitalhistory.unite.it\/es\/wp-json\/wp\/v2\/pages\/7575\/revisions\/11972"}],"up":[{"embeddable":true,"href":"https:\/\/digitalhistory.unite.it\/es\/wp-json\/wp\/v2\/pages\/6706"}],"wp:attachment":[{"href":"https:\/\/digitalhistory.unite.it\/es\/wp-json\/wp\/v2\/media?parent=7575"}],"curies":[{"name":"wp","href":"https:\/\/api.w.org\/{rel}","templated":true}]}}