{"id":7576,"date":"2021-08-20T00:04:42","date_gmt":"2021-08-19T22:04:42","guid":{"rendered":"https:\/\/digitalhistory.unite.it\/velazquez-2\/"},"modified":"2021-11-23T15:28:55","modified_gmt":"2021-11-23T14:28:55","slug":"velazquez-2","status":"publish","type":"page","link":"https:\/\/digitalhistory.unite.it\/es\/territorios\/itinerarios-internacionales\/estatuas-ecuestres-de-reyes-espanoles\/felipe-iv-y-la-plaza-de-oriente-en-madrid\/velazquez-2\/","title":{"rendered":"Diego Rodr\u00edguez de Silva y Vel\u00e1zquez"},"content":{"rendered":"<h1>Diego Rodr\u00edguez de Silva y Vel\u00e1zquez <\/h1>\n<div class=\"testo\">\n<p style=\"text-align: justify\"><img loading=\"lazy\" decoding=\"async\" src=\"https:\/\/digitalhistory.unite.it\/wp-content\/uploads\/2021\/08\/self-portrait_by_diego_vel_zquez__fileminimizer__227x279.jpg\" width=\"227\" height=\"279\" alt=\"Velazquez\" align=\"left\">Diego Rodr\u00edguez de Silva y Vel\u00e1zquez (1599-1660) fue uno de los m\u00e1s grandes artistas del <em>Siglo de Oro<\/em> espa\u00f1ol. Nacido en Sevilla, Vel\u00e1zquez se convirti\u00f3, en 1623, gracias al apoyo decisivo del Conde-Duque de Olivares (1587-1645), en el pintor oficial de la corte de Felipe IV (1605-1665). En los a\u00f1os siguientes realiz\u00f3 sus retratos m\u00e1s celebres del rey, del valido y de varios miembros de la familia real. Enriqueci\u00f3 profundamente su arte las dos largas estancias que pas\u00f3 en Italia, durante las cuales hizo algunas de sus obras m\u00e1s famosas, como la <em>Fragua de Vulcano<\/em>, la <em>Venus del espejo<\/em> y el retrato del Papa Inocencio X. Regres\u00f3 a Espa\u00f1a y sigui\u00f3 retratando no s\u00f3lo a los miembros de la familia real, sino tambi\u00e9n a los enanos y bufones de corte, e inmortaliz\u00f3 con la <em>Rendici\u00f3n de Breda<\/em> uno de los eventos m\u00e1s importantes de la guerra de los Treinta A\u00f1os (1618-1648). En <em>Las Meninas<\/em>, considerada su obra maestra, Vel\u00e1zquez tambi\u00e9n se represent\u00f3 a s\u00ed mismo junto a la familia real y otros protagonistas de la vida cortesana.<\/p>\n<\/p><\/div>\n<p><\/p>\n","protected":false},"excerpt":{"rendered":"<p>Diego Rodr\u00edguez de Silva y Vel\u00e1zquez Diego Rodr\u00edguez de Silva y Vel\u00e1zquez (1599-1660) fue uno de los m\u00e1s grandes artistas del Siglo de Oro espa\u00f1ol. Nacido en Sevilla, Vel\u00e1zquez se convirti\u00f3, en 1623, gracias al apoyo decisivo del Conde-Duque de Olivares (1587-1645), en el pintor&hellip;<\/p>\n","protected":false},"author":1,"featured_media":0,"parent":6706,"menu_order":0,"comment_status":"closed","ping_status":"closed","template":"","meta":{"footnotes":""},"class_list":["post-7576","page","type-page","status-publish","hentry"],"_links":{"self":[{"href":"https:\/\/digitalhistory.unite.it\/es\/wp-json\/wp\/v2\/pages\/7576","targetHints":{"allow":["GET"]}}],"collection":[{"href":"https:\/\/digitalhistory.unite.it\/es\/wp-json\/wp\/v2\/pages"}],"about":[{"href":"https:\/\/digitalhistory.unite.it\/es\/wp-json\/wp\/v2\/types\/page"}],"author":[{"embeddable":true,"href":"https:\/\/digitalhistory.unite.it\/es\/wp-json\/wp\/v2\/users\/1"}],"replies":[{"embeddable":true,"href":"https:\/\/digitalhistory.unite.it\/es\/wp-json\/wp\/v2\/comments?post=7576"}],"version-history":[{"count":2,"href":"https:\/\/digitalhistory.unite.it\/es\/wp-json\/wp\/v2\/pages\/7576\/revisions"}],"predecessor-version":[{"id":11970,"href":"https:\/\/digitalhistory.unite.it\/es\/wp-json\/wp\/v2\/pages\/7576\/revisions\/11970"}],"up":[{"embeddable":true,"href":"https:\/\/digitalhistory.unite.it\/es\/wp-json\/wp\/v2\/pages\/6706"}],"wp:attachment":[{"href":"https:\/\/digitalhistory.unite.it\/es\/wp-json\/wp\/v2\/media?parent=7576"}],"curies":[{"name":"wp","href":"https:\/\/api.w.org\/{rel}","templated":true}]}}