{"id":7577,"date":"2021-08-20T00:04:42","date_gmt":"2021-08-19T22:04:42","guid":{"rendered":"https:\/\/digitalhistory.unite.it\/galileo-galilei\/"},"modified":"2021-11-23T17:45:12","modified_gmt":"2021-11-23T16:45:12","slug":"galileo-galilei","status":"publish","type":"page","link":"https:\/\/digitalhistory.unite.it\/es\/territorios\/itinerarios-internacionales\/estatuas-ecuestres-de-reyes-espanoles\/felipe-iv-y-la-plaza-de-oriente-en-madrid\/galileo-galilei\/","title":{"rendered":"Galileo Galilei"},"content":{"rendered":"<h1>Galileo Galilei <\/h1>\n<div class=\"testo\">\n<p style=\"text-align: justify\"><img loading=\"lazy\" decoding=\"async\" src=\"https:\/\/digitalhistory.unite.it\/wp-content\/uploads\/2021\/08\/galileo_227x279.jpg\" width=\"227\" height=\"279\" alt=\"Galileo\" align=\"left\">Galileo Galilei (1564-1642) fue un f\u00edsico, astr\u00f3nomo, matem\u00e1tico y fil\u00f3sofo, iniciador del moderno m\u00e9todo experimental. Despu\u00e9s de los primeros estudios y los descubrimientos de su juventud, obtuvo la c\u00e1tedra de matem\u00e1ticas en Pisa (1589), aunque, tres a\u00f1os m\u00e1s tarde, se traslad\u00f3 a Padua. En 1609 perfeccion\u00f3 el telescopio, que utiliz\u00f3 para sus descubrimientos astron\u00f3micos, despu\u00e9s mostrados en el <em>Sidereus Nuncius<\/em> (1610): los sat\u00e9lites de J\u00fapiter, las fases de Venus y las manchas solares. Despu\u00e9s de regresar a Pisa, a invitaci\u00f3n del gran duque Cosme II, Galileo describe en <em>El ensayador<\/em> (1623) el m\u00e9todo de la ciencia moderna. Su apoyo al sistema helioc\u00e9ntrico de Cop\u00e9rnico, en contraste con la teor\u00eda geoc\u00e9ntrica de Ptolomeo-aristot\u00e9lica, sin embargo, llam\u00f3 la atenci\u00f3n de la Iglesia. Despu\u00e9s de la publicaci\u00f3n del <em>Di\u00e1logo sobre los dos m\u00e1ximos sistemas del mundo<\/em> (1632), fue llamado a Roma y juzgado por herej\u00eda. Abjur\u00f3 de su tesis y fue condenado, ya viejo y enfermo, al confinamiento en Arcetri, donde continu\u00f3 su investigaci\u00f3n con ayuda de sus disc\u00edpulos.<\/p>\n<\/p><\/div>\n<p><\/p>\n","protected":false},"excerpt":{"rendered":"<p>Galileo Galilei Galileo Galilei (1564-1642) fue un f\u00edsico, astr\u00f3nomo, matem\u00e1tico y fil\u00f3sofo, iniciador del moderno m\u00e9todo experimental. Despu\u00e9s de los primeros estudios y los descubrimientos de su juventud, obtuvo la c\u00e1tedra de matem\u00e1ticas en Pisa (1589), aunque, tres a\u00f1os m\u00e1s tarde, se traslad\u00f3 a Padua.&hellip;<\/p>\n","protected":false},"author":1,"featured_media":0,"parent":6706,"menu_order":0,"comment_status":"closed","ping_status":"closed","template":"","meta":{"footnotes":""},"class_list":["post-7577","page","type-page","status-publish","hentry"],"_links":{"self":[{"href":"https:\/\/digitalhistory.unite.it\/es\/wp-json\/wp\/v2\/pages\/7577","targetHints":{"allow":["GET"]}}],"collection":[{"href":"https:\/\/digitalhistory.unite.it\/es\/wp-json\/wp\/v2\/pages"}],"about":[{"href":"https:\/\/digitalhistory.unite.it\/es\/wp-json\/wp\/v2\/types\/page"}],"author":[{"embeddable":true,"href":"https:\/\/digitalhistory.unite.it\/es\/wp-json\/wp\/v2\/users\/1"}],"replies":[{"embeddable":true,"href":"https:\/\/digitalhistory.unite.it\/es\/wp-json\/wp\/v2\/comments?post=7577"}],"version-history":[{"count":2,"href":"https:\/\/digitalhistory.unite.it\/es\/wp-json\/wp\/v2\/pages\/7577\/revisions"}],"predecessor-version":[{"id":11971,"href":"https:\/\/digitalhistory.unite.it\/es\/wp-json\/wp\/v2\/pages\/7577\/revisions\/11971"}],"up":[{"embeddable":true,"href":"https:\/\/digitalhistory.unite.it\/es\/wp-json\/wp\/v2\/pages\/6706"}],"wp:attachment":[{"href":"https:\/\/digitalhistory.unite.it\/es\/wp-json\/wp\/v2\/media?parent=7577"}],"curies":[{"name":"wp","href":"https:\/\/api.w.org\/{rel}","templated":true}]}}