{"id":7578,"date":"2021-08-20T00:04:42","date_gmt":"2021-08-19T22:04:42","guid":{"rendered":"https:\/\/digitalhistory.unite.it\/guerra-de-mesina\/"},"modified":"2021-11-23T15:28:58","modified_gmt":"2021-11-23T14:28:58","slug":"guerra-de-mesina","status":"publish","type":"page","link":"https:\/\/digitalhistory.unite.it\/es\/territorios\/itinerarios-internacionales\/estatuas-ecuestres-de-reyes-espanoles\/una-excepcion-carlos-ii-y-una-particular-representacion\/guerra-de-mesina\/","title":{"rendered":"Guerra de Mesina"},"content":{"rendered":"<h1>Guerra de Mesina <\/h1>\n<div class=\"testo\">\n<p style=\"text-align: justify\">En 1647, mientras Palermo y una parte de Sicilia se rebelaron contra Espa\u00f1a, Mesina se mantuvo leal a la Corona. En los a\u00f1os siguientes, sin embargo, la corte de Madrid trat\u00f3 de reducir la autonom\u00eda y las libertades de impuestos de Mesina, creando las condiciones favorables para una rebeli\u00f3n secesionista (1674-1678), que amenazaba con pasar a Sicilia a manos de los franceses. La facci\u00f3n autonomista del Senado de Mesina, llamada de los malvezzi, que contrastaba con el grupo leg\u00edtimo y filo espa\u00f1ol de los merli, logr\u00f3 imponerse. El asedio de los espa\u00f1oles, sin embargo, oblig\u00f3 a los insurgentes a pedir la ayuda de los franceses (1673) y reconocer a Luis XIV (1638-1715) como su soberano (1675). El resultado fue una campa\u00f1a militar (1674-1678), durante la cual los franceses trataron de tomar el control del este de Sicilia. Los espa\u00f1oles lograron frenar la revuelta, que estaba luchando por expandirse en otras ciudades, gracias a los desacuerdos entre mesineses y franceses. El alto costo de las expediciones y los escasos resultados esperados persuadieron a Luis XIV a firmar un tratado de paz con Espa\u00f1a, que preve\u00eda la retirada de las tropas francesas de la isla (que fueron seguidos por muchos exiliados mesineses). El regreso de los espa\u00f1oles, seguido de una represi\u00f3n moderada, marc\u00f3 el final de los privilegios de Mesina. Las tropas espa\u00f1olas destruyeron los s\u00edmbolos de poder de la ciudad y construyeron una fortaleza (la &#8220;ciudadela&#8221;) para prevenir y contrarrestar mejor las acciones futuras.<\/p>\n<p>  Para saber m\u00e1s:<\/p>\n<ul>\n<li style=\"text-align: justify\">F. Benigno, <em>Lotta politica e sbocco rivoluzionario: riflessioni sul caso di Messina (1674-1678)<\/em>, in \u00abStorica\u00bb, 13(1999), pp. 7-56.<\/li>\n<li style=\"text-align: justify\">L.A. Ribot Garc\u00eda, <em>La monarqu\u00eda de Espa\u00f1a y la guerra de Mesina (1674-1678)<\/em>, San Sebasti\u00e1n de los Reyes 2002.<\/li>\n<\/ul><\/div>\n<p><\/p>\n","protected":false},"excerpt":{"rendered":"<p>Guerra de Mesina En 1647, mientras Palermo y una parte de Sicilia se rebelaron contra Espa\u00f1a, Mesina se mantuvo leal a la Corona. En los a\u00f1os siguientes, sin embargo, la corte de Madrid trat\u00f3 de reducir la autonom\u00eda y las libertades de impuestos de Mesina,&hellip;<\/p>\n","protected":false},"author":1,"featured_media":0,"parent":6707,"menu_order":0,"comment_status":"closed","ping_status":"closed","template":"","meta":{"footnotes":""},"class_list":["post-7578","page","type-page","status-publish","hentry"],"_links":{"self":[{"href":"https:\/\/digitalhistory.unite.it\/es\/wp-json\/wp\/v2\/pages\/7578","targetHints":{"allow":["GET"]}}],"collection":[{"href":"https:\/\/digitalhistory.unite.it\/es\/wp-json\/wp\/v2\/pages"}],"about":[{"href":"https:\/\/digitalhistory.unite.it\/es\/wp-json\/wp\/v2\/types\/page"}],"author":[{"embeddable":true,"href":"https:\/\/digitalhistory.unite.it\/es\/wp-json\/wp\/v2\/users\/1"}],"replies":[{"embeddable":true,"href":"https:\/\/digitalhistory.unite.it\/es\/wp-json\/wp\/v2\/comments?post=7578"}],"version-history":[{"count":2,"href":"https:\/\/digitalhistory.unite.it\/es\/wp-json\/wp\/v2\/pages\/7578\/revisions"}],"predecessor-version":[{"id":11991,"href":"https:\/\/digitalhistory.unite.it\/es\/wp-json\/wp\/v2\/pages\/7578\/revisions\/11991"}],"up":[{"embeddable":true,"href":"https:\/\/digitalhistory.unite.it\/es\/wp-json\/wp\/v2\/pages\/6707"}],"wp:attachment":[{"href":"https:\/\/digitalhistory.unite.it\/es\/wp-json\/wp\/v2\/media?parent=7578"}],"curies":[{"name":"wp","href":"https:\/\/api.w.org\/{rel}","templated":true}]}}