{"id":7579,"date":"2021-08-20T00:04:42","date_gmt":"2021-08-19T22:04:42","guid":{"rendered":"https:\/\/digitalhistory.unite.it\/mariana-de-austria\/"},"modified":"2021-11-23T15:28:58","modified_gmt":"2021-11-23T14:28:58","slug":"mariana-de-austria","status":"publish","type":"page","link":"https:\/\/digitalhistory.unite.it\/es\/territorios\/itinerarios-internacionales\/estatuas-ecuestres-de-reyes-espanoles\/una-excepcion-carlos-ii-y-una-particular-representacion\/mariana-de-austria\/","title":{"rendered":"Mariana de Austria"},"content":{"rendered":"<h1>Mariana de Austria <\/h1>\n<div class=\"testo\">\n<p style=\"text-align: justify\"><img loading=\"lazy\" decoding=\"async\" src=\"https:\/\/digitalhistory.unite.it\/wp-content\/uploads\/2021\/08\/mariana_of_austria_226x267.jpg\" width=\"226\" height=\"267\" alt=\"Mariana de Austria\" align=\"left\">Mariana de Austria (1634-1696) era la hija del emperador Fernando III y de su primera esposa Mar\u00eda Ana de Espa\u00f1a, hija del rey Felipe III (1578-1621). Destinada al matrimonio con el heredero al trono espa\u00f1ol, su primo Baltasar Carlos (1629-1646), se cas\u00f3 con el padre en lugar de este \u00faltimo, su t\u00edo Felipe IV (1605-1665). Despu\u00e9s de la muerte de Baltasar Carlos, el rey tuvo que volverse a casar para asegurar la sucesi\u00f3n al trono. Sin embargo, de los cinco hijos de la pareja, el \u00fanico que sobrevivi\u00f3 a la muerte de su padre fue el d\u00e9bil Carlos II (1661-1700). Mariana ejerci\u00f3 la regencia del reino hasta 1675, pero m\u00e1s tarde mantuvo un papel pol\u00edtico fuerte al lado de su hijo, que sufr\u00eda deficiencias f\u00edsicas y mentales. El enfrentamiento con el hijo natural de Felipe IV, don Juan de Austria (1629-1679), le empuj\u00f3 a ella y a Carlos II a salir de Madrid durante dos a\u00f1os (1677-1679). Ella muri\u00f3 de c\u00e1ncer de mama a la edad de 62 a\u00f1os. A ella le deben su nombre las Islas Marianas en el Oc\u00e9ano Pac\u00edfico.<\/p>\n<p>Leer m\u00e1s:<\/p>\n<ul>\n<li style=\"text-align: justify\">J. Calvo Poyato, <em>La vida y la \u00e9poca de Carlos II el Hechizado<\/em>, Barcelona 1998.<\/li>\n<li style=\"text-align: justify\">L. Oliv\u00e1n Santaliestra, <em>Mariana de Austria. Imagen, poder y diplomacia de una reina cortesana<\/em>, Madrid 2007.<\/li>\n<\/ul><\/div>\n<p><\/p>\n","protected":false},"excerpt":{"rendered":"<p>Mariana de Austria Mariana de Austria (1634-1696) era la hija del emperador Fernando III y de su primera esposa Mar\u00eda Ana de Espa\u00f1a, hija del rey Felipe III (1578-1621). Destinada al matrimonio con el heredero al trono espa\u00f1ol, su primo Baltasar Carlos (1629-1646), se cas\u00f3&hellip;<\/p>\n","protected":false},"author":1,"featured_media":0,"parent":6707,"menu_order":0,"comment_status":"closed","ping_status":"closed","template":"","meta":{"footnotes":""},"class_list":["post-7579","page","type-page","status-publish","hentry"],"_links":{"self":[{"href":"https:\/\/digitalhistory.unite.it\/es\/wp-json\/wp\/v2\/pages\/7579","targetHints":{"allow":["GET"]}}],"collection":[{"href":"https:\/\/digitalhistory.unite.it\/es\/wp-json\/wp\/v2\/pages"}],"about":[{"href":"https:\/\/digitalhistory.unite.it\/es\/wp-json\/wp\/v2\/types\/page"}],"author":[{"embeddable":true,"href":"https:\/\/digitalhistory.unite.it\/es\/wp-json\/wp\/v2\/users\/1"}],"replies":[{"embeddable":true,"href":"https:\/\/digitalhistory.unite.it\/es\/wp-json\/wp\/v2\/comments?post=7579"}],"version-history":[{"count":2,"href":"https:\/\/digitalhistory.unite.it\/es\/wp-json\/wp\/v2\/pages\/7579\/revisions"}],"predecessor-version":[{"id":11992,"href":"https:\/\/digitalhistory.unite.it\/es\/wp-json\/wp\/v2\/pages\/7579\/revisions\/11992"}],"up":[{"embeddable":true,"href":"https:\/\/digitalhistory.unite.it\/es\/wp-json\/wp\/v2\/pages\/6707"}],"wp:attachment":[{"href":"https:\/\/digitalhistory.unite.it\/es\/wp-json\/wp\/v2\/media?parent=7579"}],"curies":[{"name":"wp","href":"https:\/\/api.w.org\/{rel}","templated":true}]}}