{"id":7580,"date":"2021-08-20T00:04:42","date_gmt":"2021-08-19T22:04:42","guid":{"rendered":"https:\/\/digitalhistory.unite.it\/guerra-de-sucesion-polaca\/"},"modified":"2021-11-23T15:28:56","modified_gmt":"2021-11-23T14:28:56","slug":"guerra-de-sucesion-polaca","status":"publish","type":"page","link":"https:\/\/digitalhistory.unite.it\/es\/territorios\/itinerarios-internacionales\/estatuas-ecuestres-de-reyes-espanoles\/felipe-v-y-una-estatua-perdida\/guerra-de-sucesion-polaca\/","title":{"rendered":"Guerra de Sucesi\u00f3n Polaca"},"content":{"rendered":"<h1>Guerra de Sucesi\u00f3n Polaca <\/h1>\n<div class=\"testo\">\n<p style=\"text-align: justify\">Despu\u00e9s de la muerte del rey Augusto II Wettin de Sajonia (1733), el trono de Polonia se vio dividido en dos pretendientes: Estanislao Leszczynski, un noble polaco que contaba con el apoyo de Luis XV de Francia (1710-1774), quien se hab\u00eda casado con su hija, y Augusto III Wettin, hijo del difunto rey. Los Borbones de Espa\u00f1a se alinearon con sus parientes en Francia, mientras que el Imperio y Rusia apoyaron a Augusto III. El conflicto armado entre las dos coaliciones termin\u00f3 con la paz de Viena (1738). El trono de Polonia le fue reconocido a Augusto III, mientras Leszczynski obtuvo el ducado de Lorena, pero s\u00f3lo a t\u00edtulo vitalicio y con la condici\u00f3n de que el territorio pasara, despu\u00e9s de su muerte, a la hija, y por ello, a la corona francesa. El duque de Lorena depuesto, Francisco (1708-1763), yerno del emperador Carlos VI (1685-1740), tuvo a cambio el Gran Ducado de Toscana. El emperador, a su vez, mantuvo el Estado de Mil\u00e1n, obtuvo el ducado de Parma y Piacenza, pero perdi\u00f3 los reinos de N\u00e1poles y Sicilia, dados a Carlos de Borb\u00f3n (1716-1788), hijo de Felipe V de Espa\u00f1a.<\/p>\n<\/p><\/div>\n<p><\/p>\n","protected":false},"excerpt":{"rendered":"<p>Guerra de Sucesi\u00f3n Polaca Despu\u00e9s de la muerte del rey Augusto II Wettin de Sajonia (1733), el trono de Polonia se vio dividido en dos pretendientes: Estanislao Leszczynski, un noble polaco que contaba con el apoyo de Luis XV de Francia (1710-1774), quien se hab\u00eda&hellip;<\/p>\n","protected":false},"author":1,"featured_media":0,"parent":6708,"menu_order":0,"comment_status":"closed","ping_status":"closed","template":"","meta":{"footnotes":""},"class_list":["post-7580","page","type-page","status-publish","hentry"],"_links":{"self":[{"href":"https:\/\/digitalhistory.unite.it\/es\/wp-json\/wp\/v2\/pages\/7580","targetHints":{"allow":["GET"]}}],"collection":[{"href":"https:\/\/digitalhistory.unite.it\/es\/wp-json\/wp\/v2\/pages"}],"about":[{"href":"https:\/\/digitalhistory.unite.it\/es\/wp-json\/wp\/v2\/types\/page"}],"author":[{"embeddable":true,"href":"https:\/\/digitalhistory.unite.it\/es\/wp-json\/wp\/v2\/users\/1"}],"replies":[{"embeddable":true,"href":"https:\/\/digitalhistory.unite.it\/es\/wp-json\/wp\/v2\/comments?post=7580"}],"version-history":[{"count":2,"href":"https:\/\/digitalhistory.unite.it\/es\/wp-json\/wp\/v2\/pages\/7580\/revisions"}],"predecessor-version":[{"id":11976,"href":"https:\/\/digitalhistory.unite.it\/es\/wp-json\/wp\/v2\/pages\/7580\/revisions\/11976"}],"up":[{"embeddable":true,"href":"https:\/\/digitalhistory.unite.it\/es\/wp-json\/wp\/v2\/pages\/6708"}],"wp:attachment":[{"href":"https:\/\/digitalhistory.unite.it\/es\/wp-json\/wp\/v2\/media?parent=7580"}],"curies":[{"name":"wp","href":"https:\/\/api.w.org\/{rel}","templated":true}]}}