{"id":7581,"date":"2021-08-20T00:04:42","date_gmt":"2021-08-19T22:04:42","guid":{"rendered":"https:\/\/digitalhistory.unite.it\/guerra-de-sucesion-austriaca\/"},"modified":"2021-11-23T15:28:56","modified_gmt":"2021-11-23T14:28:56","slug":"guerra-de-sucesion-austriaca","status":"publish","type":"page","link":"https:\/\/digitalhistory.unite.it\/es\/territorios\/itinerarios-internacionales\/estatuas-ecuestres-de-reyes-espanoles\/felipe-v-y-una-estatua-perdida\/guerra-de-sucesion-austriaca\/","title":{"rendered":"Guerra de Sucesi\u00f3n Austriaca"},"content":{"rendered":"<h1>Guerra de Sucesi\u00f3n Austriaca <\/h1>\n<div class=\"testo\">\n<p style=\"text-align: justify\">Apenas dos a\u00f1os despu\u00e9s de la paz de Viena (1738), la muerte sin herederos varones del emperador Carlos VI (1685-1740) dio origen a una nueva guerra de sucesi\u00f3n. Si Carlos ya hab\u00eda nombrado a Francisco de Lorena (1708-1763), esposo de su hija Mar\u00eda Teresa (1717-1780), como el nuevo emperador, mucho m\u00e1s controvertida fue la sucesi\u00f3n de los dominios heredados de la casa de Habsburgo, como Austria, Bohemia y Hungr\u00eda. Con la Pragm\u00e1tica Sanci\u00f3n de 1713, Carlos, de hecho, hab\u00eda cambiado la ley de sucesi\u00f3n, lo que favoreci\u00f3 el linaje directo, aunque femenino, de su hija Mar\u00eda Teresa respecto a la l\u00ednea colateral. A su muerte, el elector de Sajonia y el duque de Baviera, los maridos de las dos hijas del hermano mayor de Carlos VI y el emperador anterior Jos\u00e9 I (1678-1711), reclamaron los territorios de los Habsburgo, con el apoyo de Francia, Espa\u00f1a, Prusia y Cerde\u00f1a. Al mismo tiempo, apoyaron la elecci\u00f3n al trono imperial del duque Carlos Alberto de Baviera. Despu\u00e9s de ocho a\u00f1os de enfrentamientos militares y complicadas negociaciones diplom\u00e1ticas, la Paz de Aquisgr\u00e1n (1748) reconoci\u00f3 la sucesi\u00f3n de Mar\u00eda Teresa a los dominios de los Habsburgo y el trono imperial a su marido Francisco. La Prusia emergente obtuvo la rica regi\u00f3n de Silesia, mientras que el segundo hijo de Felipe V de Espa\u00f1a fue reconocido como duque de Parma y Piacenza con el nombre de Felipe I.<\/p>\n<\/p><\/div>\n<p><\/p>\n","protected":false},"excerpt":{"rendered":"<p>Guerra de Sucesi\u00f3n Austriaca Apenas dos a\u00f1os despu\u00e9s de la paz de Viena (1738), la muerte sin herederos varones del emperador Carlos VI (1685-1740) dio origen a una nueva guerra de sucesi\u00f3n. Si Carlos ya hab\u00eda nombrado a Francisco de Lorena (1708-1763), esposo de su&hellip;<\/p>\n","protected":false},"author":1,"featured_media":0,"parent":6708,"menu_order":0,"comment_status":"closed","ping_status":"closed","template":"","meta":{"footnotes":""},"class_list":["post-7581","page","type-page","status-publish","hentry"],"_links":{"self":[{"href":"https:\/\/digitalhistory.unite.it\/es\/wp-json\/wp\/v2\/pages\/7581","targetHints":{"allow":["GET"]}}],"collection":[{"href":"https:\/\/digitalhistory.unite.it\/es\/wp-json\/wp\/v2\/pages"}],"about":[{"href":"https:\/\/digitalhistory.unite.it\/es\/wp-json\/wp\/v2\/types\/page"}],"author":[{"embeddable":true,"href":"https:\/\/digitalhistory.unite.it\/es\/wp-json\/wp\/v2\/users\/1"}],"replies":[{"embeddable":true,"href":"https:\/\/digitalhistory.unite.it\/es\/wp-json\/wp\/v2\/comments?post=7581"}],"version-history":[{"count":2,"href":"https:\/\/digitalhistory.unite.it\/es\/wp-json\/wp\/v2\/pages\/7581\/revisions"}],"predecessor-version":[{"id":11975,"href":"https:\/\/digitalhistory.unite.it\/es\/wp-json\/wp\/v2\/pages\/7581\/revisions\/11975"}],"up":[{"embeddable":true,"href":"https:\/\/digitalhistory.unite.it\/es\/wp-json\/wp\/v2\/pages\/6708"}],"wp:attachment":[{"href":"https:\/\/digitalhistory.unite.it\/es\/wp-json\/wp\/v2\/media?parent=7581"}],"curies":[{"name":"wp","href":"https:\/\/api.w.org\/{rel}","templated":true}]}}