{"id":7582,"date":"2021-08-20T00:04:42","date_gmt":"2021-08-19T22:04:42","guid":{"rendered":"https:\/\/digitalhistory.unite.it\/reino-de-mallorca\/"},"modified":"2021-11-23T15:28:56","modified_gmt":"2021-11-23T14:28:56","slug":"reino-de-mallorca","status":"publish","type":"page","link":"https:\/\/digitalhistory.unite.it\/es\/territorios\/itinerarios-internacionales\/estatuas-ecuestres-de-reyes-espanoles\/felipe-v-y-una-estatua-perdida\/reino-de-mallorca\/","title":{"rendered":"Reino de Mallorca"},"content":{"rendered":"<h1>Reino de Mallorca <\/h1>\n<div class=\"testo\">\n<p style=\"text-align: justify\">El reino de Mallorca fue fundado por Jaime I de Arag\u00f3n, llamado el Conquistador, quien acab\u00f3 con la dominaci\u00f3n musulmana de las Islas Baleares (Mallorca y Menorca) y las islas Pitiusas (Ibiza y Formentera). Impulsado por un poderoso grupo de comerciantes catalanes, ansiosos por poner fin a las incursiones de los piratas moros, el rey de Arag\u00f3n emprendi\u00f3 una acci\u00f3n militar en 1229, poniendo fin en unos pocos a\u00f1os. Eran parte del reino tambi\u00e9n los territorios que Jaime ten\u00eda en el continente, a saber, los condados de Rosell\u00f3n, donde estaba la capital de Perpi\u00f1\u00e1n, y Cerda\u00f1a y las zonas de Montpellier, Carlat y Aumelas. Incorporado a la Corona de Arag\u00f3n y luego a la monarqu\u00eda de los Habsburgo (1516-1700), el reino, sin embargo, sigui\u00f3 manteniendo sus propias leyes y costumbres; los fueros. Para ejercer el poder en nombre del rey, fue enviado desde Madrid un virrey. Con la llegada al trono de Felipe V (1683-1746), el reino de Mallorca, as\u00ed como los reinos de Arag\u00f3n, Valencia y Catalu\u00f1a, se redujeron a provincias de la monarqu\u00eda espa\u00f1ola, conforme a las leyes y jurisdicciones castellanas.<\/p>\n<\/p><\/div>\n<p><\/p>\n","protected":false},"excerpt":{"rendered":"<p>Reino de Mallorca El reino de Mallorca fue fundado por Jaime I de Arag\u00f3n, llamado el Conquistador, quien acab\u00f3 con la dominaci\u00f3n musulmana de las Islas Baleares (Mallorca y Menorca) y las islas Pitiusas (Ibiza y Formentera). Impulsado por un poderoso grupo de comerciantes catalanes,&hellip;<\/p>\n","protected":false},"author":1,"featured_media":0,"parent":6708,"menu_order":0,"comment_status":"closed","ping_status":"closed","template":"","meta":{"footnotes":""},"class_list":["post-7582","page","type-page","status-publish","hentry"],"_links":{"self":[{"href":"https:\/\/digitalhistory.unite.it\/es\/wp-json\/wp\/v2\/pages\/7582","targetHints":{"allow":["GET"]}}],"collection":[{"href":"https:\/\/digitalhistory.unite.it\/es\/wp-json\/wp\/v2\/pages"}],"about":[{"href":"https:\/\/digitalhistory.unite.it\/es\/wp-json\/wp\/v2\/types\/page"}],"author":[{"embeddable":true,"href":"https:\/\/digitalhistory.unite.it\/es\/wp-json\/wp\/v2\/users\/1"}],"replies":[{"embeddable":true,"href":"https:\/\/digitalhistory.unite.it\/es\/wp-json\/wp\/v2\/comments?post=7582"}],"version-history":[{"count":2,"href":"https:\/\/digitalhistory.unite.it\/es\/wp-json\/wp\/v2\/pages\/7582\/revisions"}],"predecessor-version":[{"id":11977,"href":"https:\/\/digitalhistory.unite.it\/es\/wp-json\/wp\/v2\/pages\/7582\/revisions\/11977"}],"up":[{"embeddable":true,"href":"https:\/\/digitalhistory.unite.it\/es\/wp-json\/wp\/v2\/pages\/6708"}],"wp:attachment":[{"href":"https:\/\/digitalhistory.unite.it\/es\/wp-json\/wp\/v2\/media?parent=7582"}],"curies":[{"name":"wp","href":"https:\/\/api.w.org\/{rel}","templated":true}]}}