{"id":7583,"date":"2021-08-20T00:04:42","date_gmt":"2021-08-19T22:04:42","guid":{"rendered":"https:\/\/digitalhistory.unite.it\/los-genoveses-entre-italia-y-espana-enepoca-barroca\/"},"modified":"2021-11-23T15:28:59","modified_gmt":"2021-11-23T14:28:59","slug":"los-genoveses-entre-italia-y-espana-enepoca-barroca","status":"publish","type":"page","link":"https:\/\/digitalhistory.unite.it\/es\/territorios\/itinerarios-internacionales\/los-genoveses-entre-italia-y-espana-enepoca-barroca\/","title":{"rendered":"Los genoveses entre Italia y Espa\u00f1a en \u00c9poca Barroca"},"content":{"rendered":"<h1>Los genoveses entre Italia y Espa\u00f1a en \u00c9poca Barroca <\/h1>\n<div class=\"testo\">\n<ul>\n<li><a href=\"\/es\/territorios\/itinerarios-internacionales\/los-genoveses-entre-italia-y-espana-en-epoca-barroca\/una-comunidad-rica-y-potente\/\" title=\"Una comunidad rica y potente\">Una comunidad rica y potente<\/a><\/li>\n<li><a href=\"\/es\/territorios\/itinerarios-internacionales\/los-genoveses-entre-italia-y-espana-en-epoca-barroca\/la-iglesia-de-san-jorge-de-los-genoveses-en-palermo\/\" title=\"La iglesia de San Jorge de los Genoveses en Palermo\">La iglesia de San Jorge de los Genoveses en Palermo<\/a><\/li>\n<li><a href=\"\/es\/territorios\/itinerarios-internacionales\/los-genoveses-entre-italia-y-espana-en-epoca-barroca\/la-iglesia-de-san-jorge-de-los-genoveses-en-napoles\/\" title=\"La iglesia de San Jorge de los Genoveses en N\u00e1poles\">La iglesia de San Jorge de los Genoveses en N\u00e1poles<\/a><\/li>\n<li>\n<div style=\"text-align: left\"><a href=\"\/es\/territorios\/itinerarios-internacionales\/los-genoveses-entre-italia-y-espana-en-epoca-barroca\/los-genoveses-en-el-puerto-de-cadiz-siglo-xvii\/\" title=\"Los genoveses en el Puerto de C\u00e1diz (siglo XVII)\">Los genoveses en el Puerto de C\u00e1diz (siglo XVII)<\/a><\/div>\n<\/li>\n<li>\n<div style=\"text-align: left\"><a href=\"\/es\/territorios\/itinerarios-internacionales\/los-genoveses-entre-italia-y-espana-en-epoca-barroca\/capilla-de-la-parroquia-de-santa-cruz-cadiz\/\" title=\"Capilla de la Parroquia de Santa Cruz (C\u00e1diz)\">La capilla de los Genoveses de la Parroquia de Santa Cruz (C\u00e1diz)<\/a><\/div>\n<\/li>\n<li>\n<div style=\"text-align: left\"><a href=\"\/es\/territorios\/itinerarios-internacionales\/los-genoveses-entre-italia-y-espana-en-epoca-barroca\/esculturas-en-la-catedral-nueva-de-cadiz\/\" title=\"Esculturas en la Catedral Nueva de C\u00e1diz\">Esculturas de la escuela genovesa en la Catedral Nueva de C\u00e1diz<\/a><\/div>\n<\/li>\n<li>\n<div style=\"text-align: left\"><a href=\"\/es\/territorios\/itinerarios-internacionales\/los-genoveses-entre-italia-y-espana-en-epoca-barroca\/el-palacio-riquelme-y-la-cartuja-de-jerez\/\" title=\"El Palacio Riquelme y la Cartuja de Jerez\">El Palacio Riquelme y la Cartuja de Jerez<\/a><\/div>\n<\/li>\n<\/ul><\/div>\n<p><\/p>\n","protected":false},"excerpt":{"rendered":"<p>Los genoveses entre Italia y Espa\u00f1a en \u00c9poca Barroca Una comunidad rica y potente La iglesia de San Jorge de los Genoveses en Palermo La iglesia de San Jorge de los Genoveses en N\u00e1poles Los genoveses en el Puerto de C\u00e1diz (siglo XVII) La capilla&hellip;<\/p>\n","protected":false},"author":1,"featured_media":0,"parent":5911,"menu_order":0,"comment_status":"closed","ping_status":"closed","template":"","meta":{"footnotes":""},"class_list":["post-7583","page","type-page","status-publish","hentry"],"_links":{"self":[{"href":"https:\/\/digitalhistory.unite.it\/es\/wp-json\/wp\/v2\/pages\/7583","targetHints":{"allow":["GET"]}}],"collection":[{"href":"https:\/\/digitalhistory.unite.it\/es\/wp-json\/wp\/v2\/pages"}],"about":[{"href":"https:\/\/digitalhistory.unite.it\/es\/wp-json\/wp\/v2\/types\/page"}],"author":[{"embeddable":true,"href":"https:\/\/digitalhistory.unite.it\/es\/wp-json\/wp\/v2\/users\/1"}],"replies":[{"embeddable":true,"href":"https:\/\/digitalhistory.unite.it\/es\/wp-json\/wp\/v2\/comments?post=7583"}],"version-history":[{"count":2,"href":"https:\/\/digitalhistory.unite.it\/es\/wp-json\/wp\/v2\/pages\/7583\/revisions"}],"predecessor-version":[{"id":12003,"href":"https:\/\/digitalhistory.unite.it\/es\/wp-json\/wp\/v2\/pages\/7583\/revisions\/12003"}],"up":[{"embeddable":true,"href":"https:\/\/digitalhistory.unite.it\/es\/wp-json\/wp\/v2\/pages\/5911"}],"wp:attachment":[{"href":"https:\/\/digitalhistory.unite.it\/es\/wp-json\/wp\/v2\/media?parent=7583"}],"curies":[{"name":"wp","href":"https:\/\/api.w.org\/{rel}","templated":true}]}}