{"id":7584,"date":"2021-08-20T00:04:42","date_gmt":"2021-08-19T22:04:42","guid":{"rendered":"https:\/\/digitalhistory.unite.it\/los-fugger\/"},"modified":"2021-11-23T15:29:00","modified_gmt":"2021-11-23T14:29:00","slug":"los-fugger","status":"publish","type":"page","link":"https:\/\/digitalhistory.unite.it\/es\/territorios\/itinerarios-internacionales\/los-genoveses-entre-italia-y-espana-enepoca-barroca\/una-comunidad-rica-y-potente\/los-fugger\/","title":{"rendered":"Los Fugger"},"content":{"rendered":"<h1>Los Fugger <\/h1>\n<div class=\"testo\">\n<p style=\"text-align: justify\"><img loading=\"lazy\" decoding=\"async\" src=\"https:\/\/digitalhistory.unite.it\/wp-content\/uploads\/2021\/08\/jakob_fugger_227x321.jpg\" width=\"227\" height=\"321\" alt=\"Jakob Fugger\" align=\"left\">La familia alemana de los Fugger fue la verdadera dominante del sistema bancario europeo entre los siglos XV y XVI. Originarios de Augusta, acumularon una gran fortuna gracias a la producci\u00f3n textil, al comercio y a la industria de la miner\u00eda y siderurgia, que les permiti\u00f3 garantizar enormes pr\u00e9stamos de dinero a los papas, reyes, emperadores y otros pr\u00edncipes de Europa, como por ejemplo a los Medici. Con todo, los Fugger ligaron su fortuna principalmente a los Habsburgo, en particular gracias a la habilidad y a la maestr\u00eda en los negocios de Jakob Fugger, llamado &#8220;el rico&#8221; (1459-1525, imagen). De hecho, fue \u00e9ste quien enfoc\u00f3 los intereses de la familia hacia sectores m\u00e1s rentables, en comparaci\u00f3n con el textil, tales como la extracci\u00f3n y venta de metales en Europa Central, el comercio de las especias, y en especial, los pr\u00e9stamos a monarcas europeos. Jakob Fugger fue banquero de Pont\u00edfices, financi\u00f3 la creaci\u00f3n de la Guardia Suiza Pontificia, y sobre todo, contribuy\u00f3 de manera decisiva, gracias a su dinero, a la elecci\u00f3n de Carlos V como emperador. En 1524, Jakob y su familia perdieron la gesti\u00f3n de la ceca romana y el monopolio de la acu\u00f1aci\u00f3n de las monedas de los Papas. Aunque no se lleg\u00f3 a la riqueza y poder vivido durante el per\u00edodo de Jakob, los Fugger fueron los principales protagonistas en el sistema de cr\u00e9dito internacional hasta 1657, convirti\u00e9ndose al mismo tiempo en una dinast\u00eda aristocr\u00e1tica muy ramificada, muchas veces cargada de oficios p\u00fablicos y eclesi\u00e1sticos. A\u00fan existen las tres l\u00edneas de la familia din\u00e1stica: Fugger von Kirchberg y Wei\u00dfenhorn, los Fugger von Gl\u00f6tt y los Fugger-Babenhausen.<\/p>\n<p style=\"text-align: justify\">Para saber m\u00e1s:<\/p>\n<ul>\n<li>\n<div style=\"text-align: justify\">E. Hering, <em>Die Fugger<\/em>, Leipzig 1939.<\/div>\n<\/li>\n<li>G. P\u00f6lnitz, <em>Die Fugger<\/em>, Frankfurt 1960.<\/li>\n<li style=\"text-align: justify\">M. H\u00e4berlein, <em>The Fuggers of Augsburg: Pursuing Wealth and Honor in Renaissance Germany<\/em>, University of Virginia Press 2012.<\/li>\n<\/ul><\/div>\n<p><\/p>\n","protected":false},"excerpt":{"rendered":"<p>Los Fugger La familia alemana de los Fugger fue la verdadera dominante del sistema bancario europeo entre los siglos XV y XVI. Originarios de Augusta, acumularon una gran fortuna gracias a la producci\u00f3n textil, al comercio y a la industria de la miner\u00eda y siderurgia,&hellip;<\/p>\n","protected":false},"author":1,"featured_media":0,"parent":6709,"menu_order":0,"comment_status":"closed","ping_status":"closed","template":"","meta":{"footnotes":""},"class_list":["post-7584","page","type-page","status-publish","hentry"],"_links":{"self":[{"href":"https:\/\/digitalhistory.unite.it\/es\/wp-json\/wp\/v2\/pages\/7584","targetHints":{"allow":["GET"]}}],"collection":[{"href":"https:\/\/digitalhistory.unite.it\/es\/wp-json\/wp\/v2\/pages"}],"about":[{"href":"https:\/\/digitalhistory.unite.it\/es\/wp-json\/wp\/v2\/types\/page"}],"author":[{"embeddable":true,"href":"https:\/\/digitalhistory.unite.it\/es\/wp-json\/wp\/v2\/users\/1"}],"replies":[{"embeddable":true,"href":"https:\/\/digitalhistory.unite.it\/es\/wp-json\/wp\/v2\/comments?post=7584"}],"version-history":[{"count":2,"href":"https:\/\/digitalhistory.unite.it\/es\/wp-json\/wp\/v2\/pages\/7584\/revisions"}],"predecessor-version":[{"id":12015,"href":"https:\/\/digitalhistory.unite.it\/es\/wp-json\/wp\/v2\/pages\/7584\/revisions\/12015"}],"up":[{"embeddable":true,"href":"https:\/\/digitalhistory.unite.it\/es\/wp-json\/wp\/v2\/pages\/6709"}],"wp:attachment":[{"href":"https:\/\/digitalhistory.unite.it\/es\/wp-json\/wp\/v2\/media?parent=7584"}],"curies":[{"name":"wp","href":"https:\/\/api.w.org\/{rel}","templated":true}]}}