{"id":7586,"date":"2021-08-20T00:04:42","date_gmt":"2021-08-19T22:04:42","guid":{"rendered":"https:\/\/digitalhistory.unite.it\/sofonisba-anguissola\/"},"modified":"2021-11-23T17:45:10","modified_gmt":"2021-11-23T16:45:10","slug":"sofonisba-anguissola","status":"publish","type":"page","link":"https:\/\/digitalhistory.unite.it\/es\/sofonisba-anguissola\/","title":{"rendered":"Sofonisba Anguissola"},"content":{"rendered":"<h1>Sofonisba Anguissola <\/h1>\n<div class=\"testo\">\n<p style=\"text-align: justify\"><img loading=\"lazy\" decoding=\"async\" src=\"https:\/\/digitalhistory.unite.it\/wp-content\/uploads\/2021\/08\/sofonisba_anguissola_279x186.jpg\" width=\"279\" height=\"186\" alt=\"Sofonisba Anguissola\" align=\"left\">Nacida en Cremona hacia 1535, Sofonisba Anguissola era descendiente de una familia noble de Piacenza y destac\u00f3 como una de los primeras exponentes femeninas de la pintura europea. C\u00e9lebre retratista, era muy apreciada por grandes artistas de su tiempo, como Giorgio Vasari y Michelangelo Buonarroti. De 1559 a 1568 fue retratista de la familia real espa\u00f1ola en la corte de Felipe II, donde vivi\u00f3 como una dama de la corte de la reina Isabel de Valois. Despu\u00e9s de la muerte de su patrona regres\u00f3 a Italia, y en 1573 se cas\u00f3 con el arist\u00f3crata Fabrizio Moncada, Pr\u00edncipe de Patern\u00f2. Despu\u00e9s de la muerte de \u00e9ste, Sofonisba se cas\u00f3 en segundas nupcias con el noble genov\u00e9s Orazio Lomellini. En 1615 regres\u00f3 a Sicilia siguiendo a Lomellini, donde en Palermo ten\u00eda muchos intereses y contactos con la comunidad genovesa. En Palermo, la artista continu\u00f3 pintando hasta que los problemas de salud se lo impidieron, ya rodeada de gran fama internacional. A su muerte, en 1624, fue enterrada en la iglesia de San Jorge (foto), la iglesia de la Naci\u00f3n genovesa.<\/p>\n<\/p><\/div>\n<p><\/p>\n","protected":false},"excerpt":{"rendered":"<p>Sofonisba Anguissola Nacida en Cremona hacia 1535, Sofonisba Anguissola era descendiente de una familia noble de Piacenza y destac\u00f3 como una de los primeras exponentes femeninas de la pintura europea. C\u00e9lebre retratista, era muy apreciada por grandes artistas de su tiempo, como Giorgio Vasari y&hellip;<\/p>\n","protected":false},"author":1,"featured_media":0,"parent":0,"menu_order":0,"comment_status":"closed","ping_status":"closed","template":"","meta":{"footnotes":""},"class_list":["post-7586","page","type-page","status-publish","hentry"],"_links":{"self":[{"href":"https:\/\/digitalhistory.unite.it\/es\/wp-json\/wp\/v2\/pages\/7586","targetHints":{"allow":["GET"]}}],"collection":[{"href":"https:\/\/digitalhistory.unite.it\/es\/wp-json\/wp\/v2\/pages"}],"about":[{"href":"https:\/\/digitalhistory.unite.it\/es\/wp-json\/wp\/v2\/types\/page"}],"author":[{"embeddable":true,"href":"https:\/\/digitalhistory.unite.it\/es\/wp-json\/wp\/v2\/users\/1"}],"replies":[{"embeddable":true,"href":"https:\/\/digitalhistory.unite.it\/es\/wp-json\/wp\/v2\/comments?post=7586"}],"version-history":[{"count":2,"href":"https:\/\/digitalhistory.unite.it\/es\/wp-json\/wp\/v2\/pages\/7586\/revisions"}],"predecessor-version":[{"id":11860,"href":"https:\/\/digitalhistory.unite.it\/es\/wp-json\/wp\/v2\/pages\/7586\/revisions\/11860"}],"wp:attachment":[{"href":"https:\/\/digitalhistory.unite.it\/es\/wp-json\/wp\/v2\/media?parent=7586"}],"curies":[{"name":"wp","href":"https:\/\/api.w.org\/{rel}","templated":true}]}}