{"id":7587,"date":"2021-08-20T00:04:42","date_gmt":"2021-08-19T22:04:42","guid":{"rendered":"https:\/\/digitalhistory.unite.it\/bartolomeo-daquino\/"},"modified":"2021-11-23T17:45:09","modified_gmt":"2021-11-23T16:45:09","slug":"bartolomeo-daquino","status":"publish","type":"page","link":"https:\/\/digitalhistory.unite.it\/es\/bartolomeo-daquino\/","title":{"rendered":"Bartolomeo d&#8217;Aquino"},"content":{"rendered":"<h1>Bartolomeo d&#8217;Aquino <\/h1>\n<div class=\"testo\">\n<p style=\"text-align: justify\">Bartolomeo d&#8217;Aquino (1609-1658) naci\u00f3 en N\u00e1poles de una de las familias nobles m\u00e1s antiguas del sur de Italia. Durante el reinado de Felipe IV se convirti\u00f3 en el banquero m\u00e1s importante, contratista y recaudador de impuestos del reino de N\u00e1poles. Sus transacciones financieras con la Corona comenzaron en 1636, en medio de la Guerra de los Treinta A\u00f1os (1618-1648) y en v\u00edsperas de las revueltas que, en los a\u00f1os Cuarenta, convulsionaron a la Monarqu\u00eda espa\u00f1ola. Desde 1636 a 1644 d&#8217;Aquino garantiz\u00f3 pr\u00e9stamos sustanciales a la Corona de Madrid (asientos) por un total de m\u00e1s de 17 millones de ducados, siendo devueltos a trav\u00e9s de las rentas anuales del Estado, creadas con la privaci\u00f3n de las entradas todav\u00eda no vendidas y con la imposici\u00f3n de nuevos tributos. Adem\u00e1s, en 1640, acumul\u00f3 un gran patrimonio de tierra en diversas periferias del reino de N\u00e1poles, convirti\u00e9ndose en 1644 en pr\u00edncipe de Caramanico. El gran poder y el enorme enriquecimiento de&nbsp;d&#8217;Aquino, sin embargo, lo convirtieron en una de las dianas de la protesta popular de 1647 a 1648 y, en general, le identificaron como uno de los principales responsables de la oprimente crisis econ\u00f3mica del reino de N\u00e1poles. Ya arrestado en 1644, vio su casa incendiada por los rebeldes en agosto de 1647, vi\u00e9ndose obligado en varias ocasiones a cambiar de residencia por motivos de seguridad y le fue secuestrada una parte de sus vastas propiedades. El proceso de las deudas y los presuntos abusos d&#8217;Aquino continu\u00f3 m\u00e1s all\u00e1 de su muerte, acaecida el 23 de febrero 1658.<\/p>\n<p style=\"text-align: justify\">Para saber m\u00e1s:<\/p>\n<ul>\n<li>\n<div style=\"text-align: justify\">A. Musi, <em>Finanze e politica nella Napoli del &#8216;600: Bartolomeo d&#8217;Aquino<\/em>, Napoli 1976.<\/div>\n<\/li>\n<li style=\"text-align: justify\">R. Villari, <em>Un sogno di libert\u00e0. Napoli nel declino di un impero, 1585-1648<\/em>, Milano 2012.<\/li>\n<\/ul><\/div>\n<p><\/p>\n","protected":false},"excerpt":{"rendered":"<p>Bartolomeo d&#8217;Aquino Bartolomeo d&#8217;Aquino (1609-1658) naci\u00f3 en N\u00e1poles de una de las familias nobles m\u00e1s antiguas del sur de Italia. Durante el reinado de Felipe IV se convirti\u00f3 en el banquero m\u00e1s importante, contratista y recaudador de impuestos del reino de N\u00e1poles. Sus transacciones financieras&hellip;<\/p>\n","protected":false},"author":1,"featured_media":0,"parent":0,"menu_order":0,"comment_status":"closed","ping_status":"closed","template":"","meta":{"footnotes":""},"class_list":["post-7587","page","type-page","status-publish","hentry"],"_links":{"self":[{"href":"https:\/\/digitalhistory.unite.it\/es\/wp-json\/wp\/v2\/pages\/7587","targetHints":{"allow":["GET"]}}],"collection":[{"href":"https:\/\/digitalhistory.unite.it\/es\/wp-json\/wp\/v2\/pages"}],"about":[{"href":"https:\/\/digitalhistory.unite.it\/es\/wp-json\/wp\/v2\/types\/page"}],"author":[{"embeddable":true,"href":"https:\/\/digitalhistory.unite.it\/es\/wp-json\/wp\/v2\/users\/1"}],"replies":[{"embeddable":true,"href":"https:\/\/digitalhistory.unite.it\/es\/wp-json\/wp\/v2\/comments?post=7587"}],"version-history":[{"count":2,"href":"https:\/\/digitalhistory.unite.it\/es\/wp-json\/wp\/v2\/pages\/7587\/revisions"}],"predecessor-version":[{"id":11835,"href":"https:\/\/digitalhistory.unite.it\/es\/wp-json\/wp\/v2\/pages\/7587\/revisions\/11835"}],"wp:attachment":[{"href":"https:\/\/digitalhistory.unite.it\/es\/wp-json\/wp\/v2\/media?parent=7587"}],"curies":[{"name":"wp","href":"https:\/\/api.w.org\/{rel}","templated":true}]}}