{"id":7588,"date":"2021-08-20T00:04:42","date_gmt":"2021-08-19T22:04:42","guid":{"rendered":"https:\/\/digitalhistory.unite.it\/republica-de-genova\/"},"modified":"2021-11-23T15:29:00","modified_gmt":"2021-11-23T14:29:00","slug":"republica-de-genova","status":"publish","type":"page","link":"https:\/\/digitalhistory.unite.it\/es\/territorios\/itinerarios-internacionales\/los-genoveses-entre-italia-y-espana-enepoca-barroca\/los-genoveses-en-el-puerto-de-cadiz-siglo-xvii\/republica-de-genova\/","title":{"rendered":"La Rep\u00fablica de G\u00e9nova"},"content":{"rendered":"<h1>La Rep\u00fablica de G\u00e9nova <\/h1>\n<div class=\"testo\">\n<p style=\"text-align: justify\">Municipio (<em>comune<\/em>) libre desde el siglo XI, en la Edad Media la Rep\u00fablica de G\u00e9nova se impuso en todo el Mediterr\u00e1neo como una de las potencias mar\u00edtimas italianas. Lleg\u00f3 a ocupar la totalidad de Liguria, parte del Piamonte, C\u00f3rcega y Cerde\u00f1a. En la \u00e9poca de Carlos V se vincul\u00f3 con la Monarqu\u00eda espa\u00f1ola a trav\u00e9s de una alianza que habr\u00eda de durar hasta el siglo XVII, cuando las relaciones se deterioraron, debido en parte a la decadencia de la Monarqu\u00eda de los Habsburgo. Originarias de G\u00e9nova eran muchas familias de poderosos comerciantes-banqueros, capaces de garantizar pr\u00e9stamos de grandes sumas de dinero a los monarcas ib\u00e9ricos: entre ellos, destacaron los Spinola, Doria, Centurione, Serra y los Giustiniani. Conquistada por Napole\u00f3n Bonaparte en 1797, la Rep\u00fablica de G\u00e9nova fue incorporada oficialmente, en el Congreso de Viena (1815), al Reino de Cerde\u00f1a.<\/p>\n<\/p><\/div>\n<p><\/p>\n","protected":false},"excerpt":{"rendered":"<p>La Rep\u00fablica de G\u00e9nova Municipio (comune) libre desde el siglo XI, en la Edad Media la Rep\u00fablica de G\u00e9nova se impuso en todo el Mediterr\u00e1neo como una de las potencias mar\u00edtimas italianas. Lleg\u00f3 a ocupar la totalidad de Liguria, parte del Piamonte, C\u00f3rcega y Cerde\u00f1a.&hellip;<\/p>\n","protected":false},"author":1,"featured_media":0,"parent":6712,"menu_order":0,"comment_status":"closed","ping_status":"closed","template":"","meta":{"footnotes":""},"class_list":["post-7588","page","type-page","status-publish","hentry"],"_links":{"self":[{"href":"https:\/\/digitalhistory.unite.it\/es\/wp-json\/wp\/v2\/pages\/7588","targetHints":{"allow":["GET"]}}],"collection":[{"href":"https:\/\/digitalhistory.unite.it\/es\/wp-json\/wp\/v2\/pages"}],"about":[{"href":"https:\/\/digitalhistory.unite.it\/es\/wp-json\/wp\/v2\/types\/page"}],"author":[{"embeddable":true,"href":"https:\/\/digitalhistory.unite.it\/es\/wp-json\/wp\/v2\/users\/1"}],"replies":[{"embeddable":true,"href":"https:\/\/digitalhistory.unite.it\/es\/wp-json\/wp\/v2\/comments?post=7588"}],"version-history":[{"count":2,"href":"https:\/\/digitalhistory.unite.it\/es\/wp-json\/wp\/v2\/pages\/7588\/revisions"}],"predecessor-version":[{"id":12011,"href":"https:\/\/digitalhistory.unite.it\/es\/wp-json\/wp\/v2\/pages\/7588\/revisions\/12011"}],"up":[{"embeddable":true,"href":"https:\/\/digitalhistory.unite.it\/es\/wp-json\/wp\/v2\/pages\/6712"}],"wp:attachment":[{"href":"https:\/\/digitalhistory.unite.it\/es\/wp-json\/wp\/v2\/media?parent=7588"}],"curies":[{"name":"wp","href":"https:\/\/api.w.org\/{rel}","templated":true}]}}