{"id":7589,"date":"2021-08-20T00:04:42","date_gmt":"2021-08-19T22:04:42","guid":{"rendered":"https:\/\/digitalhistory.unite.it\/cadiz\/"},"modified":"2021-11-23T15:29:00","modified_gmt":"2021-11-23T14:29:00","slug":"cadiz","status":"publish","type":"page","link":"https:\/\/digitalhistory.unite.it\/es\/territorios\/itinerarios-internacionales\/los-genoveses-entre-italia-y-espana-enepoca-barroca\/los-genoveses-en-el-puerto-de-cadiz-siglo-xvii\/cadiz\/","title":{"rendered":"C\u00e1diz"},"content":{"rendered":"<h1>C\u00e1diz <\/h1>\n<div class=\"testo\">\n<p style=\"text-align: justify\"><img loading=\"lazy\" decoding=\"async\" src=\"https:\/\/digitalhistory.unite.it\/wp-content\/uploads\/2021\/08\/cadiz_251x188.jpg\" width=\"251\" height=\"188\" alt=\"Cadice 2\" align=\"left\">C\u00e1diz es una ciudad que pertenece a la comunidad de Andaluc\u00eda, situ\u00e1ndose en el extremo m\u00e1s al sur de la Pen\u00ednsula Ib\u00e9rica. Destaca principalmente por su Puerto, lo que la ha convertido, a lo largo de los siglos, en una ciudad eminentemente comercial por su gran actividad mar\u00edtima. Su historia comienza con los primeros asentamientos fenicios en la costa, y la conquista romana que la convierte en un lugar rico y de gran prosperidad. Sin embargo, la Edad Media oscurece la actividad mercantil de la ciudad y empobrece a su poblaci\u00f3n. Las batallas durante la conquista \u00e1rabe y la reconquista cristiana acabaron a mediados del siglo XIII con la incorporaci\u00f3n de C\u00e1diz a la corona castellana. Desde entonces, los Reyes hispanos hicieron de C\u00e1diz uno de los principales puertos y astilleros reales, dando comienzo al siglo de los importantes descubrimientos y las redes comerciales que devolvieron a C\u00e1diz su importancia mar\u00edtima, por detr\u00e1s de Sevilla, en el Atl\u00e1ntico, y tambi\u00e9n en el Mediterr\u00e1neo.<\/p>\n<\/p><\/div>\n<p><\/p>\n","protected":false},"excerpt":{"rendered":"<p>C\u00e1diz C\u00e1diz es una ciudad que pertenece a la comunidad de Andaluc\u00eda, situ\u00e1ndose en el extremo m\u00e1s al sur de la Pen\u00ednsula Ib\u00e9rica. Destaca principalmente por su Puerto, lo que la ha convertido, a lo largo de los siglos, en una ciudad eminentemente comercial por&hellip;<\/p>\n","protected":false},"author":1,"featured_media":0,"parent":6712,"menu_order":0,"comment_status":"closed","ping_status":"closed","template":"","meta":{"footnotes":""},"class_list":["post-7589","page","type-page","status-publish","hentry"],"_links":{"self":[{"href":"https:\/\/digitalhistory.unite.it\/es\/wp-json\/wp\/v2\/pages\/7589","targetHints":{"allow":["GET"]}}],"collection":[{"href":"https:\/\/digitalhistory.unite.it\/es\/wp-json\/wp\/v2\/pages"}],"about":[{"href":"https:\/\/digitalhistory.unite.it\/es\/wp-json\/wp\/v2\/types\/page"}],"author":[{"embeddable":true,"href":"https:\/\/digitalhistory.unite.it\/es\/wp-json\/wp\/v2\/users\/1"}],"replies":[{"embeddable":true,"href":"https:\/\/digitalhistory.unite.it\/es\/wp-json\/wp\/v2\/comments?post=7589"}],"version-history":[{"count":2,"href":"https:\/\/digitalhistory.unite.it\/es\/wp-json\/wp\/v2\/pages\/7589\/revisions"}],"predecessor-version":[{"id":12010,"href":"https:\/\/digitalhistory.unite.it\/es\/wp-json\/wp\/v2\/pages\/7589\/revisions\/12010"}],"up":[{"embeddable":true,"href":"https:\/\/digitalhistory.unite.it\/es\/wp-json\/wp\/v2\/pages\/6712"}],"wp:attachment":[{"href":"https:\/\/digitalhistory.unite.it\/es\/wp-json\/wp\/v2\/media?parent=7589"}],"curies":[{"name":"wp","href":"https:\/\/api.w.org\/{rel}","templated":true}]}}