{"id":7591,"date":"2021-08-20T00:04:42","date_gmt":"2021-08-19T22:04:42","guid":{"rendered":"https:\/\/digitalhistory.unite.it\/catedral-vieja-de-santa-cruz\/"},"modified":"2021-11-23T15:28:59","modified_gmt":"2021-11-23T14:28:59","slug":"catedral-vieja-de-santa-cruz","status":"publish","type":"page","link":"https:\/\/digitalhistory.unite.it\/es\/territorios\/itinerarios-internacionales\/los-genoveses-entre-italia-y-espana-enepoca-barroca\/capilla-de-la-parroquia-de-santa-cruz-cadiz\/catedral-vieja-de-santa-cruz\/","title":{"rendered":"La Catedral Vieja de Santa Cruz"},"content":{"rendered":"<h1>La Catedral Vieja de Santa Cruz <\/h1>\n<div class=\"testo\">\n<p style=\"text-align: justify\">Hoy es conocida como la Parroquia de Santa Cruz. Fue la iglesia m\u00e1s antigua de la ciudad y la Catedral de C\u00e1diz hasta 1838, a\u00f1o en que acabaron las obras de la Nueva Catedral de C\u00e1diz, situada cerca la una de la otra. Alfonso X El Sabio, en el siglo XIII, orden\u00f3 levantar esta Iglesia sobre una antigua mezquita. Es, por tanto, de estilo g\u00f3tico. Fue remodelada a principios del siglo XVII, tal y como hoy la podemos apreciar. En el interior, su forma es rectangular, tiene tres naves divididas por hileras de columnas de piedra y arcos de medio punto. Destaca el retablo de m\u00e1rmol de la capilla de los genoveses, dedicada a esta naci\u00f3n por su importancia econ\u00f3mica en la ciudad gaditana. Por su parte, en el exterior sobresale la torre-campanario con techumbre de azulejos que se haya separada de la Iglesia, lo que corrobora sus or\u00edgenes musulmanes por recordar a un alminar de una mezquita.<\/p>\n<\/p><\/div>\n<p><\/p>\n","protected":false},"excerpt":{"rendered":"<p>La Catedral Vieja de Santa Cruz Hoy es conocida como la Parroquia de Santa Cruz. Fue la iglesia m\u00e1s antigua de la ciudad y la Catedral de C\u00e1diz hasta 1838, a\u00f1o en que acabaron las obras de la Nueva Catedral de C\u00e1diz, situada cerca la&hellip;<\/p>\n","protected":false},"author":1,"featured_media":0,"parent":6713,"menu_order":0,"comment_status":"closed","ping_status":"closed","template":"","meta":{"footnotes":""},"class_list":["post-7591","page","type-page","status-publish","hentry"],"_links":{"self":[{"href":"https:\/\/digitalhistory.unite.it\/es\/wp-json\/wp\/v2\/pages\/7591","targetHints":{"allow":["GET"]}}],"collection":[{"href":"https:\/\/digitalhistory.unite.it\/es\/wp-json\/wp\/v2\/pages"}],"about":[{"href":"https:\/\/digitalhistory.unite.it\/es\/wp-json\/wp\/v2\/types\/page"}],"author":[{"embeddable":true,"href":"https:\/\/digitalhistory.unite.it\/es\/wp-json\/wp\/v2\/users\/1"}],"replies":[{"embeddable":true,"href":"https:\/\/digitalhistory.unite.it\/es\/wp-json\/wp\/v2\/comments?post=7591"}],"version-history":[{"count":2,"href":"https:\/\/digitalhistory.unite.it\/es\/wp-json\/wp\/v2\/pages\/7591\/revisions"}],"predecessor-version":[{"id":12008,"href":"https:\/\/digitalhistory.unite.it\/es\/wp-json\/wp\/v2\/pages\/7591\/revisions\/12008"}],"up":[{"embeddable":true,"href":"https:\/\/digitalhistory.unite.it\/es\/wp-json\/wp\/v2\/pages\/6713"}],"wp:attachment":[{"href":"https:\/\/digitalhistory.unite.it\/es\/wp-json\/wp\/v2\/media?parent=7591"}],"curies":[{"name":"wp","href":"https:\/\/api.w.org\/{rel}","templated":true}]}}