{"id":7592,"date":"2021-08-20T00:04:42","date_gmt":"2021-08-19T22:04:42","guid":{"rendered":"https:\/\/digitalhistory.unite.it\/catedral-nueva-de-cadiz\/"},"modified":"2021-11-23T15:28:59","modified_gmt":"2021-11-23T14:28:59","slug":"catedral-nueva-de-cadiz","status":"publish","type":"page","link":"https:\/\/digitalhistory.unite.it\/es\/territorios\/itinerarios-internacionales\/los-genoveses-entre-italia-y-espana-enepoca-barroca\/esculturas-en-la-catedral-nueva-de-cadiz\/catedral-nueva-de-cadiz\/","title":{"rendered":"La Catedral Nueva de C\u00e1diz"},"content":{"rendered":"<h1>La Catedral Nueva de C\u00e1diz <\/h1>\n<div class=\"testo\">\n<p style=\"text-align: justify\">Situada en el centro hist\u00f3rico de C\u00e1diz junto a la costa, sustituy\u00f3 a la vieja catedral, de menor tama\u00f1o y con un estado muy deteriorado. La construcci\u00f3n de la Nueva Catedral dur\u00f3 pr\u00e1cticamente un siglo: de principios del siglo XVIII a principios del XIX. En su interior podemos encontrar una mezcla de estilos, siendo los del Barroco y Neocl\u00e1sico los que imperan en la decoraci\u00f3n del templo. Es de planta de cruz latina dividida en tres naves. Resalta su gran c\u00fapula del crucero y sus b\u00f3vedas repartidas por todo el edificio, junto con la hilera de capillas dedicadas a diferentes Santos que rodean el per\u00edmetro de la Iglesia. Los materiales utilizados son m\u00e1rmoles y jaspes de colores, lo que le da un aire de grandeza y riqueza en sus espacios. Su exterior es muy diferente al resto de catedrales, tiene una portada de estilo Barroco con dos torres a los lados, y la c\u00fapula est\u00e1 cubierta por azulejos dorados que reflejan la luz.<\/p>\n<\/p><\/div>\n<p><\/p>\n","protected":false},"excerpt":{"rendered":"<p>La Catedral Nueva de C\u00e1diz Situada en el centro hist\u00f3rico de C\u00e1diz junto a la costa, sustituy\u00f3 a la vieja catedral, de menor tama\u00f1o y con un estado muy deteriorado. La construcci\u00f3n de la Nueva Catedral dur\u00f3 pr\u00e1cticamente un siglo: de principios del siglo XVIII&hellip;<\/p>\n","protected":false},"author":1,"featured_media":0,"parent":6714,"menu_order":0,"comment_status":"closed","ping_status":"closed","template":"","meta":{"footnotes":""},"class_list":["post-7592","page","type-page","status-publish","hentry"],"_links":{"self":[{"href":"https:\/\/digitalhistory.unite.it\/es\/wp-json\/wp\/v2\/pages\/7592","targetHints":{"allow":["GET"]}}],"collection":[{"href":"https:\/\/digitalhistory.unite.it\/es\/wp-json\/wp\/v2\/pages"}],"about":[{"href":"https:\/\/digitalhistory.unite.it\/es\/wp-json\/wp\/v2\/types\/page"}],"author":[{"embeddable":true,"href":"https:\/\/digitalhistory.unite.it\/es\/wp-json\/wp\/v2\/users\/1"}],"replies":[{"embeddable":true,"href":"https:\/\/digitalhistory.unite.it\/es\/wp-json\/wp\/v2\/comments?post=7592"}],"version-history":[{"count":2,"href":"https:\/\/digitalhistory.unite.it\/es\/wp-json\/wp\/v2\/pages\/7592\/revisions"}],"predecessor-version":[{"id":12006,"href":"https:\/\/digitalhistory.unite.it\/es\/wp-json\/wp\/v2\/pages\/7592\/revisions\/12006"}],"up":[{"embeddable":true,"href":"https:\/\/digitalhistory.unite.it\/es\/wp-json\/wp\/v2\/pages\/6714"}],"wp:attachment":[{"href":"https:\/\/digitalhistory.unite.it\/es\/wp-json\/wp\/v2\/media?parent=7592"}],"curies":[{"name":"wp","href":"https:\/\/api.w.org\/{rel}","templated":true}]}}