{"id":7595,"date":"2021-08-20T00:04:42","date_gmt":"2021-08-19T22:04:42","guid":{"rendered":"https:\/\/digitalhistory.unite.it\/escolapios\/"},"modified":"2021-11-23T15:28:46","modified_gmt":"2021-11-23T14:28:46","slug":"escolapios","status":"publish","type":"page","link":"https:\/\/digitalhistory.unite.it\/es\/temas\/conservatorios\/santonofrio-a-porta-capuana\/escolapios\/","title":{"rendered":"Los Cl\u00e9rigos Regulares Pobres de la Madre de Dios de las Escuelas P\u00edas"},"content":{"rendered":"<h1>Los Cl\u00e9rigos Regulares Pobres de la Madre de Dios de las Escuelas P\u00edas <\/h1>\n<div class=\"testo\">\n<p style=\"text-align: justify\">Los Cl\u00e9rigos Regulares Pobres de la Madre de Dios de las Escuelas P\u00edas, com\u00fanmente llamados Escolapios o Piaristas, son una Orden religiosa fundada en la \u00e9poca de la Contrarreforma, cuando la Iglesia Cat\u00f3lica trat\u00f3 de reorganizar su propia estructura y sus objetivos para responder a la expansi\u00f3n de las doctrinas protestantes. Jos\u00e9 de Calasanz (1557-1648), religioso de origen espa\u00f1ol que se estableci\u00f3 en Roma en los a\u00f1os noventa del siglo XVI, hab\u00eda fundado la primera escuela popular gratuita (escuela p\u00eda) en 1597, en la iglesia de Santa Dorotea en Trast\u00e9vere. El objetivo de la ense\u00f1anza y de la educaci\u00f3n cristiana de los j\u00f3venes fue pronto el objetivo principal de la congregaci\u00f3n de religiosos seculares sin votos reunidos en torno a Calasanz que se hab\u00eda establecido con la aprobaci\u00f3n oral del papa Clemente VIII en 1602. En 1617 se fund\u00f3 la congregaci\u00f3n de religiosos para la ense\u00f1anza, elevada a Orden Regular el 18 de noviembre de 1621 por un breve del Papa Gregorio XV. Difundidos por toda la Europa cat\u00f3lica, la Orden experiment\u00f3 un primer periodo de crisis grave cuando su fundador fue llamado a comparecer ante la Inquisici\u00f3n y suspendido de su cargo de prep\u00f3sito general. La Orden se redujo a congregaci\u00f3n de sacerdotes seculares sujeta a la jurisdicci\u00f3n de los obispos locales en 1646, pero luego fue restaurada en 1669 por el Papa Clemente IX. Los Escolopios disfrutaron de un per\u00edodo de gran esplendor durante el siglo XVIII, en el que se afirmaron tambi\u00e9n en el extranjero por la modernidad de sus m\u00e9todos de ense\u00f1anza.<\/p>\n<\/p><\/div>\n<p><\/p>\n","protected":false},"excerpt":{"rendered":"<p>Los Cl\u00e9rigos Regulares Pobres de la Madre de Dios de las Escuelas P\u00edas Los Cl\u00e9rigos Regulares Pobres de la Madre de Dios de las Escuelas P\u00edas, com\u00fanmente llamados Escolapios o Piaristas, son una Orden religiosa fundada en la \u00e9poca de la Contrarreforma, cuando la Iglesia&hellip;<\/p>\n","protected":false},"author":1,"featured_media":0,"parent":6728,"menu_order":0,"comment_status":"closed","ping_status":"closed","template":"","meta":{"footnotes":""},"class_list":["post-7595","page","type-page","status-publish","hentry"],"_links":{"self":[{"href":"https:\/\/digitalhistory.unite.it\/es\/wp-json\/wp\/v2\/pages\/7595","targetHints":{"allow":["GET"]}}],"collection":[{"href":"https:\/\/digitalhistory.unite.it\/es\/wp-json\/wp\/v2\/pages"}],"about":[{"href":"https:\/\/digitalhistory.unite.it\/es\/wp-json\/wp\/v2\/types\/page"}],"author":[{"embeddable":true,"href":"https:\/\/digitalhistory.unite.it\/es\/wp-json\/wp\/v2\/users\/1"}],"replies":[{"embeddable":true,"href":"https:\/\/digitalhistory.unite.it\/es\/wp-json\/wp\/v2\/comments?post=7595"}],"version-history":[{"count":2,"href":"https:\/\/digitalhistory.unite.it\/es\/wp-json\/wp\/v2\/pages\/7595\/revisions"}],"predecessor-version":[{"id":11868,"href":"https:\/\/digitalhistory.unite.it\/es\/wp-json\/wp\/v2\/pages\/7595\/revisions\/11868"}],"up":[{"embeddable":true,"href":"https:\/\/digitalhistory.unite.it\/es\/wp-json\/wp\/v2\/pages\/6728"}],"wp:attachment":[{"href":"https:\/\/digitalhistory.unite.it\/es\/wp-json\/wp\/v2\/media?parent=7595"}],"curies":[{"name":"wp","href":"https:\/\/api.w.org\/{rel}","templated":true}]}}