{"id":7596,"date":"2021-08-20T00:04:42","date_gmt":"2021-08-19T22:04:42","guid":{"rendered":"https:\/\/digitalhistory.unite.it\/caserta\/"},"modified":"2021-11-23T17:45:12","modified_gmt":"2021-11-23T16:45:12","slug":"caserta","status":"publish","type":"page","link":"https:\/\/digitalhistory.unite.it\/es\/territorios\/itinerarios-internacionales\/belenes\/belenes-napolitanos-en-el-sur-de-italia\/caserta\/","title":{"rendered":"Caserta"},"content":{"rendered":"<h1>Caserta <\/h1>\n<div class=\"testo\">\n<p style=\"text-align: justify\"><img loading=\"lazy\" decoding=\"async\" src=\"https:\/\/digitalhistory.unite.it\/wp-content\/uploads\/2021\/08\/campania_caserta_251x148.jpg\" width=\"251\" height=\"148\" alt=\"Caserta\" align=\"left\">Capital de la hom\u00f3nima provincia de la regi\u00f3n de Campania, Caserta tiene or\u00edgenes antiguos, que se remontan a la \u00e9poca samnita. El centro de la ciudad actual ya exist\u00eda en el per\u00edodo longobardo, y durante la Edad Media se convirti\u00f3 en sede obispal y se enriqueci\u00f3 con importantes edificios y monumentos, como la catedral y el propio Palacio Episcopal. La provincia de Caserta naci\u00f3 a finales del siglo IX y Pandulfo de Capua fue su primer se\u00f1or. Estuvo bajo el dominio de destacadas familias como los Acquaviva y Caetani, no obstante, el feudo fue finalmente vendido a los Borbones en el siglo XVIII. El rey Carlos III decidi\u00f3 construir el palacio real (foto) que todav\u00eda hoy constituye el elemento de mayor notoriedad para Caserta a nivel internacional. Las obras se iniciaron en 1750 y fueron encargadas al arquitecto Luigi Vanvitelli: el resultado fue un palacio, capaz de competir en belleza y magnificencia con los otros grandes palacios reales europeos, con un gran parque construido alrededor del antiguo jard\u00edn de los Acquaviva, lleno de prados, bosques, fuentes, lagos y cascadas. A finales del Setecientos, Fernando IV quiso una nueva residencia en la localidad de San Leucio, con una f\u00e1brica adyacente dedicada a la producci\u00f3n de seda. Para los trabajadores de la f\u00e1brica se construyeron los barrios de San Carlos y San Fernando, mientras que el Palacio del Belvedere se enriqueci\u00f3 con un magn\u00edfico jard\u00edn a la italiana.<\/p>\n<\/p><\/div>\n<p><\/p>\n","protected":false},"excerpt":{"rendered":"<p>Caserta Capital de la hom\u00f3nima provincia de la regi\u00f3n de Campania, Caserta tiene or\u00edgenes antiguos, que se remontan a la \u00e9poca samnita. El centro de la ciudad actual ya exist\u00eda en el per\u00edodo longobardo, y durante la Edad Media se convirti\u00f3 en sede obispal y&hellip;<\/p>\n","protected":false},"author":1,"featured_media":0,"parent":6718,"menu_order":0,"comment_status":"closed","ping_status":"closed","template":"","meta":{"footnotes":""},"class_list":["post-7596","page","type-page","status-publish","hentry"],"_links":{"self":[{"href":"https:\/\/digitalhistory.unite.it\/es\/wp-json\/wp\/v2\/pages\/7596","targetHints":{"allow":["GET"]}}],"collection":[{"href":"https:\/\/digitalhistory.unite.it\/es\/wp-json\/wp\/v2\/pages"}],"about":[{"href":"https:\/\/digitalhistory.unite.it\/es\/wp-json\/wp\/v2\/types\/page"}],"author":[{"embeddable":true,"href":"https:\/\/digitalhistory.unite.it\/es\/wp-json\/wp\/v2\/users\/1"}],"replies":[{"embeddable":true,"href":"https:\/\/digitalhistory.unite.it\/es\/wp-json\/wp\/v2\/comments?post=7596"}],"version-history":[{"count":2,"href":"https:\/\/digitalhistory.unite.it\/es\/wp-json\/wp\/v2\/pages\/7596\/revisions"}],"predecessor-version":[{"id":11995,"href":"https:\/\/digitalhistory.unite.it\/es\/wp-json\/wp\/v2\/pages\/7596\/revisions\/11995"}],"up":[{"embeddable":true,"href":"https:\/\/digitalhistory.unite.it\/es\/wp-json\/wp\/v2\/pages\/6718"}],"wp:attachment":[{"href":"https:\/\/digitalhistory.unite.it\/es\/wp-json\/wp\/v2\/media?parent=7596"}],"curies":[{"name":"wp","href":"https:\/\/api.w.org\/{rel}","templated":true}]}}