{"id":7597,"date":"2021-08-20T00:04:42","date_gmt":"2021-08-19T22:04:42","guid":{"rendered":"https:\/\/digitalhistory.unite.it\/carlos-iv-de-borbon\/"},"modified":"2021-11-23T15:28:58","modified_gmt":"2021-11-23T14:28:58","slug":"carlos-iv-de-borbon","status":"publish","type":"page","link":"https:\/\/digitalhistory.unite.it\/es\/territorios\/itinerarios-internacionales\/belenes\/carlos-iii-de-espana-y-los-belenes-napolitanos\/carlos-iv-de-borbon\/","title":{"rendered":"Carlos IV de Borb\u00f3n"},"content":{"rendered":"<h1>Carlos IV de Borb\u00f3n <\/h1>\n<div class=\"testo\">\n<p style=\"text-align: justify\"><img loading=\"lazy\" decoding=\"async\" src=\"https:\/\/digitalhistory.unite.it\/wp-content\/uploads\/2021\/08\/carlo_iv_228x282.jpg\" width=\"228\" height=\"282\" alt=\"Carlo IV\" align=\"left\">Carlos IV de Borb\u00f3n fue&nbsp;Rey de Espa\u00f1a de 1788 a 1808. Fue hijo de Carlos III y de M\u00aa Amalia de Sajonia. Su reinado no estuvo exento de revoluciones y cambios, dado el d\u00e9bil car\u00e1cter y la incapacidad de gobierno de este monarca. Su reinado estuvo eclipsado por su valido, Manuel Godoy, y por los acontecimientos de la revoluci\u00f3n francesa de 1789. El reformismo que hab\u00eda emprendido Carlos III hab\u00eda llegado a su fin, dejando un empeoramiento econ\u00f3mico y un malestar social que, sumados a los acontecimientos franceses, hizo peligrar a la Monarqu\u00eda espa\u00f1ola. Por si fuera poco, su hijo Fernando, quiso alejar del poder a Godoy y deponer a su padre en la c\u00e9lebre &#8220;conjura de El Escorial&#8221; que result\u00f3 ser un fracaso. Ante un panorama tan cr\u00edtico, Napole\u00f3n aprovech\u00f3 la debilidad de Carlos IV para conseguir la corona para su hermano Jos\u00e9 Bonaparte. Ante la evidente ocupaci\u00f3n francesa de 1808, se produjo un levantamiento popular (&#8220;El mot\u00edn de Aranjuez&#8221;) contra los monarcas, en el que fue hecho prisionero Godoy y Carlos IV no tuvo m\u00e1s remedio que abdicar en su hijo Fernando VII &#8220;el Deseado&#8221;.<\/p>\n<p style=\"text-align: justify\">Para saber m\u00e1s:<\/p>\n<ul style=\"text-align: justify\">\n<li>P. Molas i Ribalta, A. Guimer\u00e1 Ravina (coords.), <em>La Espa\u00f1a de Carlos IV<\/em>, Madrid 1991.<\/li>\n<li>E. Gim\u00e9nez L\u00f3pez, <em>El fin del Antiguo R\u00e9gimen: el reinado de Carlos IV<\/em>, Madrid 1996.<\/li>\n<li>E. de Lorenzo \u00c1lvarez (coord.), <em>La \u00e9poca de Carlos IV, (1788-1808): actas del IV Congreso Internacional de la Sociedad Espa\u00f1ola de Estudios del Siglo XVIII<\/em>, Oviedo 2009.<\/li>\n<\/ul><\/div>\n<p><\/p>\n","protected":false},"excerpt":{"rendered":"<p>Carlos IV de Borb\u00f3n Carlos IV de Borb\u00f3n fue&nbsp;Rey de Espa\u00f1a de 1788 a 1808. Fue hijo de Carlos III y de M\u00aa Amalia de Sajonia. Su reinado no estuvo exento de revoluciones y cambios, dado el d\u00e9bil car\u00e1cter y la incapacidad de gobierno de&hellip;<\/p>\n","protected":false},"author":1,"featured_media":0,"parent":6719,"menu_order":0,"comment_status":"closed","ping_status":"closed","template":"","meta":{"footnotes":""},"class_list":["post-7597","page","type-page","status-publish","hentry"],"_links":{"self":[{"href":"https:\/\/digitalhistory.unite.it\/es\/wp-json\/wp\/v2\/pages\/7597","targetHints":{"allow":["GET"]}}],"collection":[{"href":"https:\/\/digitalhistory.unite.it\/es\/wp-json\/wp\/v2\/pages"}],"about":[{"href":"https:\/\/digitalhistory.unite.it\/es\/wp-json\/wp\/v2\/types\/page"}],"author":[{"embeddable":true,"href":"https:\/\/digitalhistory.unite.it\/es\/wp-json\/wp\/v2\/users\/1"}],"replies":[{"embeddable":true,"href":"https:\/\/digitalhistory.unite.it\/es\/wp-json\/wp\/v2\/comments?post=7597"}],"version-history":[{"count":2,"href":"https:\/\/digitalhistory.unite.it\/es\/wp-json\/wp\/v2\/pages\/7597\/revisions"}],"predecessor-version":[{"id":11999,"href":"https:\/\/digitalhistory.unite.it\/es\/wp-json\/wp\/v2\/pages\/7597\/revisions\/11999"}],"up":[{"embeddable":true,"href":"https:\/\/digitalhistory.unite.it\/es\/wp-json\/wp\/v2\/pages\/6719"}],"wp:attachment":[{"href":"https:\/\/digitalhistory.unite.it\/es\/wp-json\/wp\/v2\/media?parent=7597"}],"curies":[{"name":"wp","href":"https:\/\/api.w.org\/{rel}","templated":true}]}}