{"id":7598,"date":"2021-08-20T00:04:42","date_gmt":"2021-08-19T22:04:42","guid":{"rendered":"https:\/\/digitalhistory.unite.it\/somascos\/"},"modified":"2021-11-23T15:28:46","modified_gmt":"2021-11-23T14:28:46","slug":"somascos","status":"publish","type":"page","link":"https:\/\/digitalhistory.unite.it\/es\/temas\/conservatorios\/santa-maria-de-loreto\/somascos\/","title":{"rendered":"La Orden de los Cl\u00e9rigos Regulares de Somasca"},"content":{"rendered":"<h1>La Orden de los Cl\u00e9rigos Regulares de Somasca <\/h1>\n<div class=\"testo\">\n<p style=\"text-align: justify\">La Orden de los Cl\u00e9rigos Regulares de Somasca, com\u00fanmente llamados Somascos, fue fundada por Girolamo Emiliani (1486-1537). Miembro de la nobleza veneciana, Emiliani luch\u00f3 por la Rep\u00fablica de San Marcos antes de dedicar su vida al servicio de los m\u00e1s pobres: en 1528 abri\u00f3 un hospicio para hu\u00e9rfanos en la iglesia veneciana de San Basilio y comenz\u00f3 a dedicarse a los enfermos en el hospital de los incurables. En torno a Emiliani se form\u00f3 en poco tiempo una comunidad, en un principio llamada la Compa\u00f1\u00eda de los siervos de los pobres, que se dedicaba al cuidado de los hu\u00e9rfanos y las prostitutas. Despu\u00e9s de la primera aprobaci\u00f3n por el nuncio papal Girolamo Aleandro (1535), fue el Papa Pablo III quien aprob\u00f3 oficialmente la Compa\u00f1\u00eda en 1540, mientras que P\u00edo V la elev\u00f3 a Orden regular en 1568. Los Cl\u00e9rigos Regulares de Somasca (nombre de la ciudad lombarda que se convirti\u00f3 en el centro de la obra de la Orden) se confirmaron como una de las \u00f3rdenes religiosas nuevas m\u00e1s importantes en el contexto de la Contrarreforma, cuyo objetivo no era s\u00f3lo la asistencia a los pobres y a los necesitados, sino tambi\u00e9n la educaci\u00f3n y la educaci\u00f3n cristiana de los j\u00f3venes. Desde la segunda mitad del siglo XVIII, los Somascos conocieron un fuerte per\u00edodo de crisis, que culmin\u00f3 con la supresi\u00f3n ordenada por el emperador Jos\u00e9 II y despu\u00e9s por Napole\u00f3n Bonaparte.<\/p>\n<\/p><\/div>\n<p><\/p>\n","protected":false},"excerpt":{"rendered":"<p>La Orden de los Cl\u00e9rigos Regulares de Somasca La Orden de los Cl\u00e9rigos Regulares de Somasca, com\u00fanmente llamados Somascos, fue fundada por Girolamo Emiliani (1486-1537). Miembro de la nobleza veneciana, Emiliani luch\u00f3 por la Rep\u00fablica de San Marcos antes de dedicar su vida al servicio&hellip;<\/p>\n","protected":false},"author":1,"featured_media":0,"parent":6725,"menu_order":0,"comment_status":"closed","ping_status":"closed","template":"","meta":{"footnotes":""},"class_list":["post-7598","page","type-page","status-publish","hentry"],"_links":{"self":[{"href":"https:\/\/digitalhistory.unite.it\/es\/wp-json\/wp\/v2\/pages\/7598","targetHints":{"allow":["GET"]}}],"collection":[{"href":"https:\/\/digitalhistory.unite.it\/es\/wp-json\/wp\/v2\/pages"}],"about":[{"href":"https:\/\/digitalhistory.unite.it\/es\/wp-json\/wp\/v2\/types\/page"}],"author":[{"embeddable":true,"href":"https:\/\/digitalhistory.unite.it\/es\/wp-json\/wp\/v2\/users\/1"}],"replies":[{"embeddable":true,"href":"https:\/\/digitalhistory.unite.it\/es\/wp-json\/wp\/v2\/comments?post=7598"}],"version-history":[{"count":2,"href":"https:\/\/digitalhistory.unite.it\/es\/wp-json\/wp\/v2\/pages\/7598\/revisions"}],"predecessor-version":[{"id":11870,"href":"https:\/\/digitalhistory.unite.it\/es\/wp-json\/wp\/v2\/pages\/7598\/revisions\/11870"}],"up":[{"embeddable":true,"href":"https:\/\/digitalhistory.unite.it\/es\/wp-json\/wp\/v2\/pages\/6725"}],"wp:attachment":[{"href":"https:\/\/digitalhistory.unite.it\/es\/wp-json\/wp\/v2\/media?parent=7598"}],"curies":[{"name":"wp","href":"https:\/\/api.w.org\/{rel}","templated":true}]}}