{"id":7600,"date":"2021-08-20T00:04:42","date_gmt":"2021-08-19T22:04:42","guid":{"rendered":"https:\/\/digitalhistory.unite.it\/chieti\/"},"modified":"2021-11-23T17:45:10","modified_gmt":"2021-11-23T16:45:10","slug":"chieti","status":"publish","type":"page","link":"https:\/\/digitalhistory.unite.it\/es\/temas\/fiestas-y-rituales\/la-semana-santa-en-los-abruzos\/la-procesion-del-viernes-santo-en-chieti\/chieti\/","title":{"rendered":"Chieti"},"content":{"rendered":"<h1>Chieti <\/h1>\n<div class=\"testo\">\n<p style=\"text-align: justify\"><img loading=\"lazy\" decoding=\"async\" src=\"https:\/\/digitalhistory.unite.it\/wp-content\/uploads\/2021\/08\/chieti_341x162.jpg\" width=\"341\" height=\"162\" alt=\"Chieti\" align=\"left\">De origen muy antiguo, la ciudad de Chieti, antiguamente llamada <em>Teate<\/em> en honor de la diosa Tetis (madre del fundador legendario, Aquiles), recibi\u00f3 el t\u00edtulo de Ciudad Real y capital de los Abruzos por el rey Alfonso V de Arag\u00f3n (1394-1458) en 1443. Confirmada durante siglos como el centro m\u00e1s importante de la regi\u00f3n, Chieti vio cambiar su fachada de forma significativa durante el per\u00edodo barroco, sobre todo en lo que concierne a los edificios religiosos construidos de acuerdo a los dictados de la Contrarreforma. Originarios de Chieti fueron el misionero jesuita Alessandro Valignano (o Valignani, 1539-1606) y el economista Ferdinando Galiani (1728-1787).<\/p>\n<\/p><\/div>\n<p><\/p>\n","protected":false},"excerpt":{"rendered":"<p>Chieti De origen muy antiguo, la ciudad de Chieti, antiguamente llamada Teate en honor de la diosa Tetis (madre del fundador legendario, Aquiles), recibi\u00f3 el t\u00edtulo de Ciudad Real y capital de los Abruzos por el rey Alfonso V de Arag\u00f3n (1394-1458) en 1443. Confirmada&hellip;<\/p>\n","protected":false},"author":1,"featured_media":0,"parent":7599,"menu_order":0,"comment_status":"closed","ping_status":"closed","template":"","meta":{"footnotes":""},"class_list":["post-7600","page","type-page","status-publish","hentry"],"_links":{"self":[{"href":"https:\/\/digitalhistory.unite.it\/es\/wp-json\/wp\/v2\/pages\/7600","targetHints":{"allow":["GET"]}}],"collection":[{"href":"https:\/\/digitalhistory.unite.it\/es\/wp-json\/wp\/v2\/pages"}],"about":[{"href":"https:\/\/digitalhistory.unite.it\/es\/wp-json\/wp\/v2\/types\/page"}],"author":[{"embeddable":true,"href":"https:\/\/digitalhistory.unite.it\/es\/wp-json\/wp\/v2\/users\/1"}],"replies":[{"embeddable":true,"href":"https:\/\/digitalhistory.unite.it\/es\/wp-json\/wp\/v2\/comments?post=7600"}],"version-history":[{"count":2,"href":"https:\/\/digitalhistory.unite.it\/es\/wp-json\/wp\/v2\/pages\/7600\/revisions"}],"predecessor-version":[{"id":11901,"href":"https:\/\/digitalhistory.unite.it\/es\/wp-json\/wp\/v2\/pages\/7600\/revisions\/11901"}],"up":[{"embeddable":true,"href":"https:\/\/digitalhistory.unite.it\/es\/wp-json\/wp\/v2\/pages\/7599"}],"wp:attachment":[{"href":"https:\/\/digitalhistory.unite.it\/es\/wp-json\/wp\/v2\/media?parent=7600"}],"curies":[{"name":"wp","href":"https:\/\/api.w.org\/{rel}","templated":true}]}}