{"id":7602,"date":"2021-08-20T00:04:43","date_gmt":"2021-08-19T22:04:43","guid":{"rendered":"https:\/\/digitalhistory.unite.it\/milan-2\/"},"modified":"2021-11-23T15:28:47","modified_gmt":"2021-11-23T14:28:47","slug":"milan-2","status":"publish","type":"page","link":"https:\/\/digitalhistory.unite.it\/es\/temas\/conservatorios\/las-cuarenta-horas\/milan-2\/","title":{"rendered":"Mil\u00e1n"},"content":{"rendered":"<h1>Mil\u00e1n <\/h1>\n<div class=\"testo\">\n<p style=\"text-align: justify\"><img loading=\"lazy\" decoding=\"async\" src=\"https:\/\/digitalhistory.unite.it\/wp-content\/uploads\/2021\/08\/milano_duomo_galleria1_252x142.jpg\" width=\"252\" height=\"142\" alt=\"Milano\" align=\"left\">El Mil\u00e1n barroco form\u00f3 parte del imperio de los Habsburgo de Espa\u00f1a (en 1535 Carlos V, 1500-1558, incorpor\u00f3 definitivamente el ducado milan\u00e9s a sus posesiones imperiales). Los espa\u00f1oles fortificaron la ciudad, d\u00e1ndole unas enormes murallas de m\u00e1s de once kil\u00f3metros (una de los m\u00e1s largas de Europa), y se encomend\u00f3 la administraci\u00f3n a un gobernador. A caballo entre los siglos XVI y XVII, dos olas sucesivas de peste (1576 y 1630-1631) causaron una reducci\u00f3n de la poblaci\u00f3n: de m\u00e1s de 130.000 habitantes de la primera mitad del siglo XVI, se redujo a cerca de 60.000. Durante la dominaci\u00f3n espa\u00f1ola, la ciudad perdi\u00f3 la centralidad pol\u00edtica conseguida en \u00e9poca ducal con los Visconti y los Sforza, pero vio consolidado el protagonismo de la silla del arzobispo, a menudo en conflicto con los intereses de la Corona espa\u00f1ola y, en algunos casos, con las propias directivas de Roma. Primero, Carlos (1560-1584) y despu\u00e9s, Federico (1595-1631) Borromeo, eran int\u00e9rpretes prestigiosos del mecenazgo y de la pol\u00edtica eclesi\u00e1stica, con una fuerte reorganizaci\u00f3n de la estructura diocesana. En 1647 hubo una conjura anti-espa\u00f1ola, que no obtuvo el resultado de las contempor\u00e1neas en N\u00e1poles y en Palermo. Durante la Guerra de los Treinta A\u00f1os (1618-1648), el estado de Mil\u00e1n fue un centro neur\u00e1lgico de la pol\u00edtica militar espa\u00f1ola. En 1655 la ciudad fue sitiada por los franceses. En 1714, Mil\u00e1n pas\u00f3 oficialmente bajo dominio de la dinast\u00eda imperial de los Habsburgo de Austria e inici\u00f3 su rica estaci\u00f3n ilustrada.<\/p>\n<\/p><\/div>\n<p><\/p>\n","protected":false},"excerpt":{"rendered":"<p>Mil\u00e1n El Mil\u00e1n barroco form\u00f3 parte del imperio de los Habsburgo de Espa\u00f1a (en 1535 Carlos V, 1500-1558, incorpor\u00f3 definitivamente el ducado milan\u00e9s a sus posesiones imperiales). Los espa\u00f1oles fortificaron la ciudad, d\u00e1ndole unas enormes murallas de m\u00e1s de once kil\u00f3metros (una de los m\u00e1s&hellip;<\/p>\n","protected":false},"author":1,"featured_media":0,"parent":6734,"menu_order":0,"comment_status":"closed","ping_status":"closed","template":"","meta":{"footnotes":""},"class_list":["post-7602","page","type-page","status-publish","hentry"],"_links":{"self":[{"href":"https:\/\/digitalhistory.unite.it\/es\/wp-json\/wp\/v2\/pages\/7602","targetHints":{"allow":["GET"]}}],"collection":[{"href":"https:\/\/digitalhistory.unite.it\/es\/wp-json\/wp\/v2\/pages"}],"about":[{"href":"https:\/\/digitalhistory.unite.it\/es\/wp-json\/wp\/v2\/types\/page"}],"author":[{"embeddable":true,"href":"https:\/\/digitalhistory.unite.it\/es\/wp-json\/wp\/v2\/users\/1"}],"replies":[{"embeddable":true,"href":"https:\/\/digitalhistory.unite.it\/es\/wp-json\/wp\/v2\/comments?post=7602"}],"version-history":[{"count":2,"href":"https:\/\/digitalhistory.unite.it\/es\/wp-json\/wp\/v2\/pages\/7602\/revisions"}],"predecessor-version":[{"id":11877,"href":"https:\/\/digitalhistory.unite.it\/es\/wp-json\/wp\/v2\/pages\/7602\/revisions\/11877"}],"up":[{"embeddable":true,"href":"https:\/\/digitalhistory.unite.it\/es\/wp-json\/wp\/v2\/pages\/6734"}],"wp:attachment":[{"href":"https:\/\/digitalhistory.unite.it\/es\/wp-json\/wp\/v2\/media?parent=7602"}],"curies":[{"name":"wp","href":"https:\/\/api.w.org\/{rel}","templated":true}]}}