{"id":7603,"date":"2021-08-20T00:04:43","date_gmt":"2021-08-19T22:04:43","guid":{"rendered":"https:\/\/digitalhistory.unite.it\/paulo-iii\/"},"modified":"2021-11-23T15:28:47","modified_gmt":"2021-11-23T14:28:47","slug":"paulo-iii","status":"publish","type":"page","link":"https:\/\/digitalhistory.unite.it\/es\/temas\/conservatorios\/las-cuarenta-horas\/paulo-iii\/","title":{"rendered":"Paulo III"},"content":{"rendered":"<h1>Paulo III <\/h1>\n<div class=\"testo\">\n<p style=\"text-align: justify\"><img loading=\"lazy\" decoding=\"async\" src=\"https:\/\/digitalhistory.unite.it\/wp-content\/uploads\/2021\/08\/paolo_iii_226x256.jpg\" width=\"226\" height=\"256\" alt=\"Paolo III\" align=\"left\">Alessandro Farnese (1468-1549) naci\u00f3 en Canino (actualmente provincia de Viterbo). Despu\u00e9s de una juventud transcurrida entre lujos y vicios y un per\u00edodo de detenci\u00f3n en Castel Sant&#8217;Angelo, dej\u00f3 Roma temporalmente para ir a la corte de Lorenzo el Magn\u00edfico, donde tuvo la oportunidad de conocer a lo mejor de la nobleza italiana y la cultura de la \u00e9poca. La relaci\u00f3n entre la hermana Julia y el Papa Alejandro VI Borgia favoreci\u00f3 su elecci\u00f3n al cardenalato en septiembre de 1493. Particip\u00f3 en los c\u00f3nclaves donde salieron elegidos el P\u00edo III (1503), Julio II (1503), Le\u00f3n X (1513), Adriano VI (1522) y Clemente VII (1523), siendo ordenado sacerdote en 1513. Elegido Papa en 1534, bajo el nombre de Paulo III, el Farnese fue conocido como el Papa que convoc\u00f3 el Concilio de Trento (1545) y fund\u00f3 la Congregaci\u00f3n del Santo Oficio, presidida por el cardenal Gian Pietro Carafa, futuro Papa Paulo IV. Tambi\u00e9n fue el creador del Ducado de Parma y Piacenza; los territorios que lo formaban fueron quitados a los Estados Pontificios y concedidos al hijo de Paulo III, Pier Luigi Farnese. Gran mecenas de las artes, promovi\u00f3 el desarrollo urbano de Roma promocionando diversos artistas, de todos ellos, Miguel \u00c1ngel Buonarroti (1475-1564).<\/p>\n<\/p><\/div>\n<p><\/p>\n","protected":false},"excerpt":{"rendered":"<p>Paulo III Alessandro Farnese (1468-1549) naci\u00f3 en Canino (actualmente provincia de Viterbo). Despu\u00e9s de una juventud transcurrida entre lujos y vicios y un per\u00edodo de detenci\u00f3n en Castel Sant&#8217;Angelo, dej\u00f3 Roma temporalmente para ir a la corte de Lorenzo el Magn\u00edfico, donde tuvo la oportunidad&hellip;<\/p>\n","protected":false},"author":1,"featured_media":0,"parent":6734,"menu_order":0,"comment_status":"closed","ping_status":"closed","template":"","meta":{"footnotes":""},"class_list":["post-7603","page","type-page","status-publish","hentry"],"_links":{"self":[{"href":"https:\/\/digitalhistory.unite.it\/es\/wp-json\/wp\/v2\/pages\/7603","targetHints":{"allow":["GET"]}}],"collection":[{"href":"https:\/\/digitalhistory.unite.it\/es\/wp-json\/wp\/v2\/pages"}],"about":[{"href":"https:\/\/digitalhistory.unite.it\/es\/wp-json\/wp\/v2\/types\/page"}],"author":[{"embeddable":true,"href":"https:\/\/digitalhistory.unite.it\/es\/wp-json\/wp\/v2\/users\/1"}],"replies":[{"embeddable":true,"href":"https:\/\/digitalhistory.unite.it\/es\/wp-json\/wp\/v2\/comments?post=7603"}],"version-history":[{"count":2,"href":"https:\/\/digitalhistory.unite.it\/es\/wp-json\/wp\/v2\/pages\/7603\/revisions"}],"predecessor-version":[{"id":11878,"href":"https:\/\/digitalhistory.unite.it\/es\/wp-json\/wp\/v2\/pages\/7603\/revisions\/11878"}],"up":[{"embeddable":true,"href":"https:\/\/digitalhistory.unite.it\/es\/wp-json\/wp\/v2\/pages\/6734"}],"wp:attachment":[{"href":"https:\/\/digitalhistory.unite.it\/es\/wp-json\/wp\/v2\/media?parent=7603"}],"curies":[{"name":"wp","href":"https:\/\/api.w.org\/{rel}","templated":true}]}}