{"id":7604,"date":"2021-08-20T00:04:43","date_gmt":"2021-08-19T22:04:43","guid":{"rendered":"https:\/\/digitalhistory.unite.it\/clemente-viii\/"},"modified":"2021-11-23T17:45:10","modified_gmt":"2021-11-23T16:45:10","slug":"clemente-viii","status":"publish","type":"page","link":"https:\/\/digitalhistory.unite.it\/es\/temas\/conservatorios\/las-cuarenta-horas\/clemente-viii\/","title":{"rendered":"Clemente VIII"},"content":{"rendered":"<h1>Clemente VIII <\/h1>\n<div class=\"testo\">\n<p style=\"text-align: justify\"><img loading=\"lazy\" decoding=\"async\" src=\"https:\/\/digitalhistory.unite.it\/wp-content\/uploads\/2021\/08\/clement_viii_sm_maggiore_203x308.jpg\" width=\"203\" height=\"308\" alt=\"Clemente VIII\" align=\"left\">Ippolito Aldobrandini (1536-1605) proven\u00eda de una familia de origen florentino, alejado de Florencia por desacuerdos con la familia Medici. Licenciado en jurisprudencia, trabaj\u00f3 como abogado consistorial y Auditor de la Rota, y fue ordenado sacerdote en 1580. Fue creado cardenal en 1585, y en 1588 fue enviado como legado a Polonia. A la muerte del Papa Inocencio IX se convirti\u00f3 en Papa al final del c\u00f3nclave, que se celebr\u00f3 entre el 10 y el 30 de enero 1592, tomando el nombre de Clemente VIII. Durante su pontificado, el Papa Aldobrandini consigui\u00f3 importantes resultados, entre ellos: la publicaci\u00f3n de una nueva edici\u00f3n de la Vulgata, el Breviario, el Misal Romano y el \u00cdndice de libros prohibidos; la introducci\u00f3n en todas las di\u00f3cesis de la pr\u00e1ctica de las Cuarenta Horas; el reconocimiento de Enrique IV como nuevo rey de Francia despu\u00e9s de su conversi\u00f3n al catolicismo; la anexi\u00f3n de la ciudad de Ferrara a los Estados Pontificios. Potente mecenas de artistas y escritores como Carlo Maderno y Torquato Tasso, Clemente VIII tambi\u00e9n pas\u00f3 a la historia como el Papa que conden\u00f3 a muerte al fil\u00f3sofo Giordano Bruno, quemado vivo en la plaza romana de Campo de&#8217; Fiori el 17 de febrero de 1600.<\/p>\n<\/p><\/div>\n<p><\/p>\n","protected":false},"excerpt":{"rendered":"<p>Clemente VIII Ippolito Aldobrandini (1536-1605) proven\u00eda de una familia de origen florentino, alejado de Florencia por desacuerdos con la familia Medici. Licenciado en jurisprudencia, trabaj\u00f3 como abogado consistorial y Auditor de la Rota, y fue ordenado sacerdote en 1580. Fue creado cardenal en 1585, y&hellip;<\/p>\n","protected":false},"author":1,"featured_media":0,"parent":6734,"menu_order":0,"comment_status":"closed","ping_status":"closed","template":"","meta":{"footnotes":""},"class_list":["post-7604","page","type-page","status-publish","hentry"],"_links":{"self":[{"href":"https:\/\/digitalhistory.unite.it\/es\/wp-json\/wp\/v2\/pages\/7604","targetHints":{"allow":["GET"]}}],"collection":[{"href":"https:\/\/digitalhistory.unite.it\/es\/wp-json\/wp\/v2\/pages"}],"about":[{"href":"https:\/\/digitalhistory.unite.it\/es\/wp-json\/wp\/v2\/types\/page"}],"author":[{"embeddable":true,"href":"https:\/\/digitalhistory.unite.it\/es\/wp-json\/wp\/v2\/users\/1"}],"replies":[{"embeddable":true,"href":"https:\/\/digitalhistory.unite.it\/es\/wp-json\/wp\/v2\/comments?post=7604"}],"version-history":[{"count":2,"href":"https:\/\/digitalhistory.unite.it\/es\/wp-json\/wp\/v2\/pages\/7604\/revisions"}],"predecessor-version":[{"id":11876,"href":"https:\/\/digitalhistory.unite.it\/es\/wp-json\/wp\/v2\/pages\/7604\/revisions\/11876"}],"up":[{"embeddable":true,"href":"https:\/\/digitalhistory.unite.it\/es\/wp-json\/wp\/v2\/pages\/6734"}],"wp:attachment":[{"href":"https:\/\/digitalhistory.unite.it\/es\/wp-json\/wp\/v2\/media?parent=7604"}],"curies":[{"name":"wp","href":"https:\/\/api.w.org\/{rel}","templated":true}]}}