{"id":7607,"date":"2021-08-20T00:04:43","date_gmt":"2021-08-19T22:04:43","guid":{"rendered":"https:\/\/digitalhistory.unite.it\/bagnara\/"},"modified":"2021-11-23T17:45:11","modified_gmt":"2021-11-23T16:45:11","slug":"bagnara","status":"publish","type":"page","link":"https:\/\/digitalhistory.unite.it\/es\/temas\/residencias-nobiliarias\/ruffo\/la-familia-ruffo\/bagnara\/","title":{"rendered":"Bagnara"},"content":{"rendered":"<h1>Bagnara <\/h1>\n<div class=\"testo\">\n<p style=\"text-align: justify\"><img loading=\"lazy\" decoding=\"async\" src=\"https:\/\/digitalhistory.unite.it\/wp-content\/uploads\/2021\/08\/bagnara-calabra-4006_251x188.jpg\" width=\"251\" height=\"188\" alt=\"Bagnara\" align=\"left\">Centro pol\u00edtico, administrativo y comercial de primer orden, en 1419 el feudo de Bagnara fue dado por la reina Juana de Anjou a Carlo Ruffo, conde de Sinopoli, tras el pago de 12.000 ducados. Este fue el origen del nombre de Ruffo di Bagnara quienes, sobre este feudo, construyeron la base de su poder pol\u00edtico y econ\u00f3mico, que ten\u00eda en la producci\u00f3n y comercializaci\u00f3n de la seda uno de los principales sectores econ\u00f3micos, junto con la producci\u00f3n de la madera y la pesca. Bajo el dominio de los Ruffo, la ciudad tambi\u00e9n se transform\u00f3 desde el punto de vista urban\u00edstico y arquitect\u00f3nico, siendo significativas la renovaci\u00f3n y rehabilitaci\u00f3n de los edificios preexistentes, que se adecuaron seg\u00fan las necesidades de vivienda y despu\u00e9s siguiendo los estilos m\u00e1s modernos del renacimiento y el barroco.<\/p>\n<\/p><\/div>\n<p><\/p>\n","protected":false},"excerpt":{"rendered":"<p>Bagnara Centro pol\u00edtico, administrativo y comercial de primer orden, en 1419 el feudo de Bagnara fue dado por la reina Juana de Anjou a Carlo Ruffo, conde de Sinopoli, tras el pago de 12.000 ducados. Este fue el origen del nombre de Ruffo di Bagnara&hellip;<\/p>\n","protected":false},"author":1,"featured_media":0,"parent":6742,"menu_order":0,"comment_status":"closed","ping_status":"closed","template":"","meta":{"footnotes":""},"class_list":["post-7607","page","type-page","status-publish","hentry"],"_links":{"self":[{"href":"https:\/\/digitalhistory.unite.it\/es\/wp-json\/wp\/v2\/pages\/7607","targetHints":{"allow":["GET"]}}],"collection":[{"href":"https:\/\/digitalhistory.unite.it\/es\/wp-json\/wp\/v2\/pages"}],"about":[{"href":"https:\/\/digitalhistory.unite.it\/es\/wp-json\/wp\/v2\/types\/page"}],"author":[{"embeddable":true,"href":"https:\/\/digitalhistory.unite.it\/es\/wp-json\/wp\/v2\/users\/1"}],"replies":[{"embeddable":true,"href":"https:\/\/digitalhistory.unite.it\/es\/wp-json\/wp\/v2\/comments?post=7607"}],"version-history":[{"count":2,"href":"https:\/\/digitalhistory.unite.it\/es\/wp-json\/wp\/v2\/pages\/7607\/revisions"}],"predecessor-version":[{"id":11923,"href":"https:\/\/digitalhistory.unite.it\/es\/wp-json\/wp\/v2\/pages\/7607\/revisions\/11923"}],"up":[{"embeddable":true,"href":"https:\/\/digitalhistory.unite.it\/es\/wp-json\/wp\/v2\/pages\/6742"}],"wp:attachment":[{"href":"https:\/\/digitalhistory.unite.it\/es\/wp-json\/wp\/v2\/media?parent=7607"}],"curies":[{"name":"wp","href":"https:\/\/api.w.org\/{rel}","templated":true}]}}