{"id":7609,"date":"2021-08-20T00:04:43","date_gmt":"2021-08-19T22:04:43","guid":{"rendered":"https:\/\/digitalhistory.unite.it\/potenza\/"},"modified":"2021-11-23T17:44:54","modified_gmt":"2021-11-23T16:44:54","slug":"potenza","status":"publish","type":"page","link":"https:\/\/digitalhistory.unite.it\/es\/temas\/residencias-nobiliarias\/ruffo\/entre-molise-y-basilicata-baranello-y-ruoti\/potenza\/","title":{"rendered":"Potenza"},"content":{"rendered":"<h1>Potenza <\/h1>\n<div class=\"testo\">\n<p style=\"text-align: justify\"><img loading=\"lazy\" decoding=\"async\" src=\"https:\/\/digitalhistory.unite.it\/wp-content\/uploads\/2021\/08\/potenzabynight_345x123.jpg\" width=\"345\" height=\"123\" alt=\"Potenza\" align=\"left\">La ciudad de Potenza, en la actualidad la capital de la regi\u00f3n de Basilicata, en el umbral de la edad moderna pas\u00f3 de ser dominio de los Anjou a los aragoneses. Tras el cambio de r\u00e9gimen, los nuevos gobernantes concedieron el condado potentino al linaje de los Guevara. Antes de que los espa\u00f1oles consolidasen su dominio en el reino de N\u00e1poles, Potenza y la Basilicata fueron escenario del enfrentamiento entre estos \u00faltimos y los franceses. Los tumultos de la ciudad y las protestas estallaron en contra del gobierno espa\u00f1ol durante la famosa revuelta de Masaniello. En 1694, sin embargo, la capital de Basilicata sufri\u00f3 un devastador terremoto que la redujo a escombros.<\/p>\n<\/p><\/div>\n<p><\/p>\n","protected":false},"excerpt":{"rendered":"<p>Potenza La ciudad de Potenza, en la actualidad la capital de la regi\u00f3n de Basilicata, en el umbral de la edad moderna pas\u00f3 de ser dominio de los Anjou a los aragoneses. Tras el cambio de r\u00e9gimen, los nuevos gobernantes concedieron el condado potentino al&hellip;<\/p>\n","protected":false},"author":1,"featured_media":0,"parent":6746,"menu_order":0,"comment_status":"closed","ping_status":"closed","template":"","meta":{"footnotes":""},"class_list":["post-7609","page","type-page","status-publish","hentry"],"_links":{"self":[{"href":"https:\/\/digitalhistory.unite.it\/es\/wp-json\/wp\/v2\/pages\/7609","targetHints":{"allow":["GET"]}}],"collection":[{"href":"https:\/\/digitalhistory.unite.it\/es\/wp-json\/wp\/v2\/pages"}],"about":[{"href":"https:\/\/digitalhistory.unite.it\/es\/wp-json\/wp\/v2\/types\/page"}],"author":[{"embeddable":true,"href":"https:\/\/digitalhistory.unite.it\/es\/wp-json\/wp\/v2\/users\/1"}],"replies":[{"embeddable":true,"href":"https:\/\/digitalhistory.unite.it\/es\/wp-json\/wp\/v2\/comments?post=7609"}],"version-history":[{"count":3,"href":"https:\/\/digitalhistory.unite.it\/es\/wp-json\/wp\/v2\/pages\/7609\/revisions"}],"predecessor-version":[{"id":10355,"href":"https:\/\/digitalhistory.unite.it\/es\/wp-json\/wp\/v2\/pages\/7609\/revisions\/10355"}],"up":[{"embeddable":true,"href":"https:\/\/digitalhistory.unite.it\/es\/wp-json\/wp\/v2\/pages\/6746"}],"wp:attachment":[{"href":"https:\/\/digitalhistory.unite.it\/es\/wp-json\/wp\/v2\/media?parent=7609"}],"curies":[{"name":"wp","href":"https:\/\/api.w.org\/{rel}","templated":true}]}}