{"id":7611,"date":"2021-08-20T00:04:43","date_gmt":"2021-08-19T22:04:43","guid":{"rendered":"https:\/\/digitalhistory.unite.it\/teramo\/"},"modified":"2021-11-23T17:45:11","modified_gmt":"2021-11-23T16:45:11","slug":"teramo","status":"publish","type":"page","link":"https:\/\/digitalhistory.unite.it\/es\/temas\/fiestas-y-rituales\/la-semana-santa-en-los-abruzos\/teramo\/","title":{"rendered":"Teramo"},"content":{"rendered":"<h1>Teramo <\/h1>\n<div class=\"testo\">\n<p style=\"text-align: justify\"><img loading=\"lazy\" decoding=\"async\" src=\"https:\/\/digitalhistory.unite.it\/wp-content\/uploads\/2021\/08\/teramo_253x165.jpg\" width=\"253\" height=\"165\" alt=\"Teramo\" align=\"left\">Capital de la hom\u00f3nima provincia, Teramo es una ciudad de los Abruzos de or\u00edgenes antiguos. Conserva pocas huellas del barroco. Sin embargo, para el turista apasionado del arte barroco y sus vicisitudes, hacer una visita a la Catedral de Santa Mar\u00eda de la Asunci\u00f3n, cuya construcci\u00f3n se remonta al siglo XII, es sin duda una experiencia enigm\u00e1tica. La Iglesia que fue decorada ricamente al estilo barroco en el siglo XVIII, durante el fascismo fue restaurada devolvi\u00e9ndole su aspecto original, medieval y rom\u00e1nico. Hasta tal punto que ahora tan s\u00f3lo la Capilla de San Berardo (el santo patrono de la ciudad) todav\u00eda tiene signos evidentes de la reestructuraci\u00f3n del siglo XVIII. En este caso, por tanto, m\u00e1s que por su persistencia, la curiosidad del visitante se sentir\u00e1 atra\u00edda por la desaparici\u00f3n del Barroco. Una experiencia bastante com\u00fan en los Abruzos: una tierra donde, como se\u00f1ala el t\u00edtulo de un libro de reciente publicaci\u00f3n, en el curso del siglo XX, el barroco fue culpablemente &#8220;negado&#8221;, a trav\u00e9s de la eliminaci\u00f3n, como la realizada en Teramo a mediados de los a\u00f1os treinta.<\/p>\n<\/p><\/div>\n<p><\/p>\n","protected":false},"excerpt":{"rendered":"<p>Teramo Capital de la hom\u00f3nima provincia, Teramo es una ciudad de los Abruzos de or\u00edgenes antiguos. Conserva pocas huellas del barroco. Sin embargo, para el turista apasionado del arte barroco y sus vicisitudes, hacer una visita a la Catedral de Santa Mar\u00eda de la Asunci\u00f3n,&hellip;<\/p>\n","protected":false},"author":1,"featured_media":0,"parent":6782,"menu_order":0,"comment_status":"closed","ping_status":"closed","template":"","meta":{"footnotes":""},"class_list":["post-7611","page","type-page","status-publish","hentry"],"_links":{"self":[{"href":"https:\/\/digitalhistory.unite.it\/es\/wp-json\/wp\/v2\/pages\/7611","targetHints":{"allow":["GET"]}}],"collection":[{"href":"https:\/\/digitalhistory.unite.it\/es\/wp-json\/wp\/v2\/pages"}],"about":[{"href":"https:\/\/digitalhistory.unite.it\/es\/wp-json\/wp\/v2\/types\/page"}],"author":[{"embeddable":true,"href":"https:\/\/digitalhistory.unite.it\/es\/wp-json\/wp\/v2\/users\/1"}],"replies":[{"embeddable":true,"href":"https:\/\/digitalhistory.unite.it\/es\/wp-json\/wp\/v2\/comments?post=7611"}],"version-history":[{"count":2,"href":"https:\/\/digitalhistory.unite.it\/es\/wp-json\/wp\/v2\/pages\/7611\/revisions"}],"predecessor-version":[{"id":11904,"href":"https:\/\/digitalhistory.unite.it\/es\/wp-json\/wp\/v2\/pages\/7611\/revisions\/11904"}],"up":[{"embeddable":true,"href":"https:\/\/digitalhistory.unite.it\/es\/wp-json\/wp\/v2\/pages\/6782"}],"wp:attachment":[{"href":"https:\/\/digitalhistory.unite.it\/es\/wp-json\/wp\/v2\/media?parent=7611"}],"curies":[{"name":"wp","href":"https:\/\/api.w.org\/{rel}","templated":true}]}}