{"id":7618,"date":"2021-08-20T00:04:43","date_gmt":"2021-08-19T22:04:43","guid":{"rendered":"https:\/\/digitalhistory.unite.it\/la-real-maestranza-de-caltanissetta\/"},"modified":"2021-11-23T15:28:48","modified_gmt":"2021-11-23T14:28:48","slug":"la-real-maestranza-de-caltanissetta","status":"publish","type":"page","link":"https:\/\/digitalhistory.unite.it\/es\/temas\/fiestas-y-rituales\/la-semana-santa-en-caltanissetta\/la-real-maestranza-de-caltanissetta\/","title":{"rendered":"La Real Maestranza de Caltanissetta"},"content":{"rendered":"<h1>La Real Maestranza de Caltanissetta <\/h1>\n<div class=\"testo\">\n<p style=\"text-align: justify\"><img loading=\"lazy\" decoding=\"async\" src=\"https:\/\/digitalhistory.unite.it\/wp-content\/uploads\/2021\/08\/la_real_maestranza_di_caltanissetta_250x188.jpg\" width=\"250\" height=\"188\" alt=\"Real Maestranza\" align=\"left\">La <em>Maestranza<\/em> de Caltanissetta naci\u00f3 de la uni\u00f3n de los gremios, formados por artesanos y profesionales que trabajaban en el mismo oficio. Adem\u00e1s de realizar tareas de la vida econ\u00f3mica y de asistencia (en beneficio de sus miembros y sus familias), en el pasado, estas agrupaciones tambi\u00e9n se ocuparon de cargos de seguridad p\u00fablica. Hoy, sin embargo, la <em>Maestranza<\/em> se dedica principalmente a la organizaci\u00f3n de importantes ceremonias paralit\u00fargicas (una funci\u00f3n que normalmente es llevada a cabo por las cofrad\u00edas religiosas en otros lugares). Como estas \u00faltimas, las agrupaciones de artesanos tienen un espacio religioso (una iglesia, una capilla o un oratorio) y un santo patr\u00f3n de referencia, cuya efigie se reproduce en su emblema. En el v\u00e9rtice superior de la <em>Maestranza<\/em> est\u00e1 su <em>capit\u00e1n<\/em>, elegido anualmente por los miembros de las corporaciones participantes. Estas \u00faltimas, al mismo tiempo, eligen entre los miembros que pertenecen al mismo gremio que el Capit\u00e1n temporal, el resto de personajes importantes que deben ocupar en la <em>Maestranza<\/em>: el <em>escudero<\/em>, el <em>obispo mayor<\/em>, el <em>abanderado<\/em> y los <em>alabarderos<\/em> (una nomenclatura que proviene de la antigua configuraci\u00f3n militar de la agrupaci\u00f3n de Caltanissetta). En M\u00e1laga, todav\u00eda hoy, a su hom\u00f3logo, con motivo de la Pascua, se le reconoce el derecho de liberar a un condenado por delitos menores: lo mismo sucedi\u00f3 en Caltanissetta hasta 1822. El <em>capit\u00e1n<\/em> es el protagonista absoluto de la primera ceremonia del Mi\u00e9rcoles Santo, que culmina con la procesi\u00f3n solemne de la <em>Real Maestranza<\/em>, acompa\u00f1ando al Sant\u00edsimo Sacramento.<\/p>\n<p style=\"text-align: justify\">Durante la santa procesi\u00f3n de Jueves Santo, tres gremios pertenecientes a la <em>Real Maestranza<\/em> participan en la procesi\u00f3n con sus respectivas <em>Vare<\/em>: los panaderos con la <em>\u00daltima Cena<\/em>, los escultores con la <em>Primera Ca\u00edda<\/em> y los alba\u00f1iles con el <em>Traslado<\/em>. El Viernes Santo, sin embargo, los artesanos de Caltanissetta participan en la procesi\u00f3n del Se\u00f1or de la ciudad, custodiando el espl\u00e9ndido y antiqu\u00edsimo crucifijo negro de Caltanissetta. El Domingo de Resurrecci\u00f3n, la <em>Real Maestranza<\/em> acompa\u00f1a al obispo y a su <em>capit\u00e1n<\/em> a la Catedral para la Misa de Pascua. Desde hace varios a\u00f1os, la <em>Maestranza<\/em> (de la que forman parte unos cuatrocientos artesanos) ha vuelto a custodiar, como lo hizo una vez, tambi\u00e9n la procesi\u00f3n del Patr\u00f3n San Miguel Arc\u00e1ngel y el desfile del <em>Corpus Domini<\/em>.<\/p>\n<p style=\"text-align: justify\"><a href=\"\/es\/temas\/fiestas-y-rituales\/la-semana-santa-en-caltanissetta\/\" title=\"La Semana Santa en Caltanissetta\">&lt;&lt;&lt;&#8212;La Semana Santa en Caltanissetta<\/a><\/p>\n<\/p><\/div>\n<p><\/p>\n","protected":false},"excerpt":{"rendered":"<p>La Real Maestranza de Caltanissetta La Maestranza de Caltanissetta naci\u00f3 de la uni\u00f3n de los gremios, formados por artesanos y profesionales que trabajaban en el mismo oficio. Adem\u00e1s de realizar tareas de la vida econ\u00f3mica y de asistencia (en beneficio de sus miembros y sus&hellip;<\/p>\n","protected":false},"author":1,"featured_media":0,"parent":6775,"menu_order":0,"comment_status":"closed","ping_status":"closed","template":"","meta":{"footnotes":""},"class_list":["post-7618","page","type-page","status-publish","hentry"],"_links":{"self":[{"href":"https:\/\/digitalhistory.unite.it\/es\/wp-json\/wp\/v2\/pages\/7618","targetHints":{"allow":["GET"]}}],"collection":[{"href":"https:\/\/digitalhistory.unite.it\/es\/wp-json\/wp\/v2\/pages"}],"about":[{"href":"https:\/\/digitalhistory.unite.it\/es\/wp-json\/wp\/v2\/types\/page"}],"author":[{"embeddable":true,"href":"https:\/\/digitalhistory.unite.it\/es\/wp-json\/wp\/v2\/users\/1"}],"replies":[{"embeddable":true,"href":"https:\/\/digitalhistory.unite.it\/es\/wp-json\/wp\/v2\/comments?post=7618"}],"version-history":[{"count":2,"href":"https:\/\/digitalhistory.unite.it\/es\/wp-json\/wp\/v2\/pages\/7618\/revisions"}],"predecessor-version":[{"id":11892,"href":"https:\/\/digitalhistory.unite.it\/es\/wp-json\/wp\/v2\/pages\/7618\/revisions\/11892"}],"up":[{"embeddable":true,"href":"https:\/\/digitalhistory.unite.it\/es\/wp-json\/wp\/v2\/pages\/6775"}],"wp:attachment":[{"href":"https:\/\/digitalhistory.unite.it\/es\/wp-json\/wp\/v2\/media?parent=7618"}],"curies":[{"name":"wp","href":"https:\/\/api.w.org\/{rel}","templated":true}]}}