{"id":7619,"date":"2021-08-20T00:04:43","date_gmt":"2021-08-19T22:04:43","guid":{"rendered":"https:\/\/digitalhistory.unite.it\/el-miercoles-santo-en-caltanissetta-y-las-varicedde\/"},"modified":"2021-11-23T15:28:48","modified_gmt":"2021-11-23T14:28:48","slug":"el-miercoles-santo-en-caltanissetta-y-las-varicedde","status":"publish","type":"page","link":"https:\/\/digitalhistory.unite.it\/es\/temas\/fiestas-y-rituales\/la-semana-santa-en-caltanissetta\/el-miercoles-santo-en-caltanissetta-y-las-varicedde\/","title":{"rendered":"El Mi\u00e9rcoles Santo en Caltanissetta y las Varicedde"},"content":{"rendered":"<h1>El Mi\u00e9rcoles Santo en Caltanissetta y las Varicedde <\/h1>\n<div class=\"testo\">\n<p style=\"text-align: justify\"><img loading=\"lazy\" decoding=\"async\" src=\"https:\/\/digitalhistory.unite.it\/wp-content\/uploads\/2021\/08\/la_varicedda_dell_ultima_cena_251x188.jpg\" width=\"251\" height=\"188\" alt=\"Mercoledi santo\" align=\"left\">Durante el Mi\u00e9rcoles Santo en Caltanissetta tienen lugar dos ceremonias espectaculares: la procesi\u00f3n de la <em>Real Maestranza<\/em> y del Sant\u00edsimo Sacramento y la de las <em>Varicedde<\/em>. El rito protagonizado por la <em>Maestranza<\/em> comienza temprano en la ma\u00f1ana.<br \/>  Durante la noche de ese mismo d\u00eda se pone en escena la ceremonia previa a la gran narraci\u00f3n evang\u00e9lica de Caltanissetta: la procesi\u00f3n de las diecinueve <em>Varicedde<\/em> (reproducciones en miniatura de las <em>vare<\/em> o pasos, de los grupos escult\u00f3ricos del Jueves Santo). Las peque\u00f1as <em>vare<\/em> (realizadas en terracota, con algunas partes en madera y cart\u00f3n piedra) tambi\u00e9n se llaman <em>barette<\/em>. La palabra <em>vara<\/em>, en general, indica el carro o el paso sobre el que reposa el cuerpo de Cristo, de la Virgen y de los santos patronos. Por extensi\u00f3n, por tanto, se identifica a la <em>vara<\/em> como todo el paso procesional, compuesto por la base y las estatuas. La procesi\u00f3n de las <em>Varicedde<\/em> naci\u00f3 a finales del siglo XIX, por voluntad de algunos j\u00f3venes aprendices artesanos, que trataban de imitar a la procesi\u00f3n del Jueves Santo. En los a\u00f1os siguientes, entre 1925 y 1995, los grupos escult\u00f3ricos han sido restaurados, ampliados y luego reemplazados gradualmente con los ejemplares actuales (que pertenecen a algunas familias de Caltanissetta). Hoy por hoy, el desfile, para cuya organizaci\u00f3n ha surgido la concreta agrupaci\u00f3n &#8220;Peque\u00f1os grupos sagrados&#8221;, imita perfectamente el recorrido que sigue la procesi\u00f3n del Jueves Santo. Las <em>Varicedde<\/em>, colocadas sobre los carros, recorren las calles en el siguiente orden: <em>La Cena<\/em>, <em>La Oraci\u00f3n en el Huerto<\/em>, <em>El Sanedr\u00edn<\/em>, <em>La Flagelaci\u00f3n<\/em>, <em>Ecce Homo<\/em>, <em>La Condena<\/em>, <em>La primera ca\u00edda<\/em>, <em>Jes\u00fas encuentra a su Madre Sant\u00edsima<\/em>, <em>El Cirineo<\/em>, <em>La Ver\u00f3nica<\/em>, <em>El Despojo<\/em>, <em>Jes\u00fas clavado en la cruz<\/em>, <em>La Crucifixi\u00f3n<\/em>, <em>El Descendimiento<\/em>, <em>La Piedad<\/em>, <em>El Traslado<\/em>, <em>La Sagrada Urna<\/em> y <em>La Desolada<\/em>. El emocionante y largo desfile termina avanzada la noche. En los d\u00edas siguientes, las <em>Varicedde<\/em> son expuestas en el Ayuntamiento.<\/p>\n<p style=\"text-align: justify\"><a href=\"\/es\/temas\/fiestas-y-rituales\/la-semana-santa-en-caltanissetta\/\" title=\"La Semana Santa en Caltanissetta\">&lt;&lt;&lt;&#8212;La Semana Santa en Caltanissetta<\/a><\/p>\n<\/p><\/div>\n<p><\/p>\n","protected":false},"excerpt":{"rendered":"<p>El Mi\u00e9rcoles Santo en Caltanissetta y las Varicedde Durante el Mi\u00e9rcoles Santo en Caltanissetta tienen lugar dos ceremonias espectaculares: la procesi\u00f3n de la Real Maestranza y del Sant\u00edsimo Sacramento y la de las Varicedde. El rito protagonizado por la Maestranza comienza temprano en la ma\u00f1ana.&hellip;<\/p>\n","protected":false},"author":1,"featured_media":0,"parent":6775,"menu_order":0,"comment_status":"closed","ping_status":"closed","template":"","meta":{"footnotes":""},"class_list":["post-7619","page","type-page","status-publish","hentry"],"_links":{"self":[{"href":"https:\/\/digitalhistory.unite.it\/es\/wp-json\/wp\/v2\/pages\/7619","targetHints":{"allow":["GET"]}}],"collection":[{"href":"https:\/\/digitalhistory.unite.it\/es\/wp-json\/wp\/v2\/pages"}],"about":[{"href":"https:\/\/digitalhistory.unite.it\/es\/wp-json\/wp\/v2\/types\/page"}],"author":[{"embeddable":true,"href":"https:\/\/digitalhistory.unite.it\/es\/wp-json\/wp\/v2\/users\/1"}],"replies":[{"embeddable":true,"href":"https:\/\/digitalhistory.unite.it\/es\/wp-json\/wp\/v2\/comments?post=7619"}],"version-history":[{"count":2,"href":"https:\/\/digitalhistory.unite.it\/es\/wp-json\/wp\/v2\/pages\/7619\/revisions"}],"predecessor-version":[{"id":11891,"href":"https:\/\/digitalhistory.unite.it\/es\/wp-json\/wp\/v2\/pages\/7619\/revisions\/11891"}],"up":[{"embeddable":true,"href":"https:\/\/digitalhistory.unite.it\/es\/wp-json\/wp\/v2\/pages\/6775"}],"wp:attachment":[{"href":"https:\/\/digitalhistory.unite.it\/es\/wp-json\/wp\/v2\/media?parent=7619"}],"curies":[{"name":"wp","href":"https:\/\/api.w.org\/{rel}","templated":true}]}}