{"id":7620,"date":"2021-08-20T00:04:43","date_gmt":"2021-08-19T22:04:43","guid":{"rendered":"https:\/\/digitalhistory.unite.it\/las-vare-del-jueves-santo-en-caltanissetta\/"},"modified":"2021-11-23T15:28:48","modified_gmt":"2021-11-23T14:28:48","slug":"las-vare-del-jueves-santo-en-caltanissetta","status":"publish","type":"page","link":"https:\/\/digitalhistory.unite.it\/es\/temas\/fiestas-y-rituales\/la-semana-santa-en-caltanissetta\/las-vare-del-jueves-santo-en-caltanissetta\/","title":{"rendered":"Las Vare del Jueves Santo en Caltanissetta"},"content":{"rendered":"<h1>Las Vare del Jueves Santo en Caltanissetta <\/h1>\n<div class=\"testo\">\n<p style=\"text-align: justify\"><img loading=\"lazy\" decoding=\"async\" src=\"https:\/\/digitalhistory.unite.it\/wp-content\/uploads\/2021\/08\/la_vara_della_traslazione__ceto_dei_muratori__251x188.jpg\" width=\"251\" height=\"188\" alt=\"Le vare del giovedi santo\" align=\"left\">A finales del siglo XVIII, la procesi\u00f3n del Jueves Santo de Caltanissetta fue organizada por la Cofrad\u00eda de San Felipe Neri. La <em>vara<\/em> es el t\u00e9rmino con el que los sicilianos llaman a los pasos utilizados para el transporte de las reliquias y estatuas de los Santos y de la Virgen, as\u00ed como las escenas escult\u00f3ricas de la Pasi\u00f3n (los <em>Misterios<\/em>). La palabra, que se deriva claramente de la palabra &#8220;bara&#8221;, por extensi\u00f3n indica todo el carro procesional en el que se colocan los cuerpos sagrados (de Cristo, la Virgen Mar\u00eda y los Santos) y las representaciones pl\u00e1sticas del <em>Via Crucis<\/em>.<\/p>\n<p style=\"text-align: justify\">La procesi\u00f3n del Jueves Santo de Caltanissetta, conocida originalmente como la <em>Casazza<\/em> (t\u00e9rmino de origen ligur, con que antiguamente en Sicilia se hac\u00edan llamar a las representaciones de la Pasi\u00f3n de Cristo), con el tiempo tom\u00f3 el nombre de <em>Vare<\/em> o de los <em>Misterios<\/em>. A principios del siglo XIX, los <em>Misterios<\/em> eran 15: <em>Cena<\/em>, <em>Oraci\u00f3n en el Huerto<\/em>, <em>Captura de Cristo<\/em>, <em>Sanedr\u00edn<\/em>, <em>Ecce Homo<\/em>, <em>Condena de Jes\u00fas<\/em>, <em>Primera ca\u00edda<\/em>, <em>El Cireneo<\/em>, <em>Ver\u00f3nica<\/em>, <em>El Calvario<\/em>, <em>Descendimiento de la Cruz<\/em>, <em>Piedad<\/em>, <em>Ida al sepulcro<\/em>, <em>Sagrada Urna<\/em>, <em>Desolada<\/em>. Las <em>Vare<\/em> del Jueves Santo est\u00e1n realizadas en madera, estuco y cart\u00f3n piedra, durante la segunda mitad del siglo XIX y principios del siglo XX. En los a\u00f1os siguientes se han reelaborado y aumentado, hasta tener un total de 16 ejemplares: 14 que representan escenas de la Pasi\u00f3n, m\u00e1s la <em>Sagrada Urna<\/em> y la estatua de la <em>Dolorosa<\/em>. Hoy en d\u00eda, las <em>Vare<\/em> se conf\u00edan a las Asociaciones y agrupaciones (s\u00f3lo tres de las cuales pertenecen a la <em>Real Maestranza<\/em>), que tambi\u00e9n se ocupan de los arreglos florales. La noche del Jueves los grupos se re\u00fanen en la Plaza Garibaldi y salen en procesi\u00f3n al son de las bandas de m\u00fasica, y luego regresan y se separan (con el rito de la <em>Spartenza<\/em>). La procesi\u00f3n sagrada desfila por el centro de la ciudad desde el anochecer del Jueves Santo hasta las primeras horas de la ma\u00f1ana siguiente. En la procesi\u00f3n de las <em>Vare<\/em> juegan un papel clave la iluminaci\u00f3n (conseguida con antorchas y linternas o faroles art\u00edsticos), el conmovedor canto de los fieles (que los sicilianos llaman <em>ladata<\/em> o <em>lamintanza<\/em>) y otros accesorios que distinguen a los gremios y a las maestranzas.<\/p>\n<p>  Est\u00e1 en proceso de construcci\u00f3n el Museo de las <em>Vare<\/em>. Mientras tanto, los <em>Misterios<\/em> de Caltanissetta se pueden ver al alba del Jueves Santo, antes del inicio de la procesi\u00f3n, en algunos puntos estrat\u00e9gicos de la ciudad, donde son colocados para ser decorados.<\/p>\n<p style=\"text-align: justify\"><a href=\"\/es\/temas\/fiestas-y-rituales\/la-semana-santa-en-caltanissetta\/\" title=\"La Semana Santa en Caltanissetta\">&lt;&lt;&lt;&#8212;La Semana Santa en Caltanissetta<\/a><\/p>\n<\/p><\/div>\n<p><\/p>\n","protected":false},"excerpt":{"rendered":"<p>Las Vare del Jueves Santo en Caltanissetta A finales del siglo XVIII, la procesi\u00f3n del Jueves Santo de Caltanissetta fue organizada por la Cofrad\u00eda de San Felipe Neri. La vara es el t\u00e9rmino con el que los sicilianos llaman a los pasos utilizados para el&hellip;<\/p>\n","protected":false},"author":1,"featured_media":0,"parent":6775,"menu_order":0,"comment_status":"closed","ping_status":"closed","template":"","meta":{"footnotes":""},"class_list":["post-7620","page","type-page","status-publish","hentry"],"_links":{"self":[{"href":"https:\/\/digitalhistory.unite.it\/es\/wp-json\/wp\/v2\/pages\/7620","targetHints":{"allow":["GET"]}}],"collection":[{"href":"https:\/\/digitalhistory.unite.it\/es\/wp-json\/wp\/v2\/pages"}],"about":[{"href":"https:\/\/digitalhistory.unite.it\/es\/wp-json\/wp\/v2\/types\/page"}],"author":[{"embeddable":true,"href":"https:\/\/digitalhistory.unite.it\/es\/wp-json\/wp\/v2\/users\/1"}],"replies":[{"embeddable":true,"href":"https:\/\/digitalhistory.unite.it\/es\/wp-json\/wp\/v2\/comments?post=7620"}],"version-history":[{"count":2,"href":"https:\/\/digitalhistory.unite.it\/es\/wp-json\/wp\/v2\/pages\/7620\/revisions"}],"predecessor-version":[{"id":11893,"href":"https:\/\/digitalhistory.unite.it\/es\/wp-json\/wp\/v2\/pages\/7620\/revisions\/11893"}],"up":[{"embeddable":true,"href":"https:\/\/digitalhistory.unite.it\/es\/wp-json\/wp\/v2\/pages\/6775"}],"wp:attachment":[{"href":"https:\/\/digitalhistory.unite.it\/es\/wp-json\/wp\/v2\/media?parent=7620"}],"curies":[{"name":"wp","href":"https:\/\/api.w.org\/{rel}","templated":true}]}}