{"id":7621,"date":"2021-08-20T00:04:43","date_gmt":"2021-08-19T22:04:43","guid":{"rendered":"https:\/\/digitalhistory.unite.it\/lanciano\/"},"modified":"2021-11-23T17:45:10","modified_gmt":"2021-11-23T16:45:10","slug":"lanciano","status":"publish","type":"page","link":"https:\/\/digitalhistory.unite.it\/es\/temas\/fiestas-y-rituales\/la-semana-santa-en-los-abruzos\/la-procesion-de-los-misterios-de-lanciano-chieti\/lanciano\/","title":{"rendered":"Lanciano"},"content":{"rendered":"<h1>Lanciano <\/h1>\n<div class=\"testo\">\n<p style=\"text-align: justify\"><img loading=\"lazy\" decoding=\"async\" src=\"https:\/\/digitalhistory.unite.it\/wp-content\/uploads\/2021\/08\/piazza_plebiscito_-_lanciano_252x189.jpg\" width=\"252\" height=\"189\" alt=\"Lanciano\" align=\"left\">Los or\u00edgenes de la antigua <em>Anxanum<\/em> son muy antiguos y se remontan al siglo XII a.C. En la Edad Media, el emperador Federico II de Suabia (1194-1250) dio a la ciudad el estatus, despu\u00e9s confirmado y perpetuado por el Rey de N\u00e1poles Manfredi de Suabia (1232-1266), de ciudad demaniale (en propiedad de la Corona), y estuvo regida directamente por el rey sin ser sometida a ning\u00fan se\u00f1or feudal. El bienestar econ\u00f3mico y la importancia comercial y pol\u00edtica de la ciudad en la Edad Media fueron confirmados tambi\u00e9n por la instituci\u00f3n de la Di\u00f3cesis (Archidi\u00f3cesis m\u00e1s tarde) de Lanciano, distinta de la de Chieti, en 1515. En la \u00e9poca moderna, sin embargo, Lanciano fue perdiendo la riqueza y el poder, directamente involucrada, como todo los Abruzos, primero en la guerra por el control de Italia entre el emperador Carlos V y el rey Francisco I de Francia, luego en los ataques repetidos de piratas en la costa y de bandoleros en el interior. La larga autonom\u00eda de Lanciano se interrumpi\u00f3 en 1640, cuando el virrey Medina de las Torres vendi\u00f3 la todav\u00eda ciudad demaniale al duque Castro de Pallavicini. Unos a\u00f1os m\u00e1s tarde, y durante m\u00e1s de un siglo, fueron los d&#8217;Avalos, entonces marqueses del Vasto y de Pescara, quienes gobernaron la ciudad.<\/p>\n<\/p><\/div>\n<p><\/p>\n","protected":false},"excerpt":{"rendered":"<p>Lanciano Los or\u00edgenes de la antigua Anxanum son muy antiguos y se remontan al siglo XII a.C. En la Edad Media, el emperador Federico II de Suabia (1194-1250) dio a la ciudad el estatus, despu\u00e9s confirmado y perpetuado por el Rey de N\u00e1poles Manfredi de&hellip;<\/p>\n","protected":false},"author":1,"featured_media":0,"parent":7623,"menu_order":0,"comment_status":"closed","ping_status":"closed","template":"","meta":{"footnotes":""},"class_list":["post-7621","page","type-page","status-publish","hentry"],"_links":{"self":[{"href":"https:\/\/digitalhistory.unite.it\/es\/wp-json\/wp\/v2\/pages\/7621","targetHints":{"allow":["GET"]}}],"collection":[{"href":"https:\/\/digitalhistory.unite.it\/es\/wp-json\/wp\/v2\/pages"}],"about":[{"href":"https:\/\/digitalhistory.unite.it\/es\/wp-json\/wp\/v2\/types\/page"}],"author":[{"embeddable":true,"href":"https:\/\/digitalhistory.unite.it\/es\/wp-json\/wp\/v2\/users\/1"}],"replies":[{"embeddable":true,"href":"https:\/\/digitalhistory.unite.it\/es\/wp-json\/wp\/v2\/comments?post=7621"}],"version-history":[{"count":2,"href":"https:\/\/digitalhistory.unite.it\/es\/wp-json\/wp\/v2\/pages\/7621\/revisions"}],"predecessor-version":[{"id":11899,"href":"https:\/\/digitalhistory.unite.it\/es\/wp-json\/wp\/v2\/pages\/7621\/revisions\/11899"}],"up":[{"embeddable":true,"href":"https:\/\/digitalhistory.unite.it\/es\/wp-json\/wp\/v2\/pages\/7623"}],"wp:attachment":[{"href":"https:\/\/digitalhistory.unite.it\/es\/wp-json\/wp\/v2\/media?parent=7621"}],"curies":[{"name":"wp","href":"https:\/\/api.w.org\/{rel}","templated":true}]}}