{"id":7622,"date":"2021-08-20T00:04:43","date_gmt":"2021-08-19T22:04:43","guid":{"rendered":"https:\/\/digitalhistory.unite.it\/laquila\/"},"modified":"2021-11-23T17:45:09","modified_gmt":"2021-11-23T16:45:09","slug":"laquila","status":"publish","type":"page","link":"https:\/\/digitalhistory.unite.it\/es\/laquila\/","title":{"rendered":"L&#8217;Aquila"},"content":{"rendered":"<h1>L&#8217;Aquila <\/h1>\n<div class=\"testo\">\n<p style=\"text-align: justify\"><img loading=\"lazy\" decoding=\"async\" src=\"https:\/\/digitalhistory.unite.it\/wp-content\/uploads\/2021\/08\/l_aquila_piazza_del_duomo_2007_by-raboe_251x148.jpg\" width=\"251\" height=\"148\" alt=\"L'Aquila\" align=\"left\">Actual capital de la regi\u00f3n de los Abruzos, L&#8217;Aquila fue fundada en el siglo XIII por el emperador Federico II de Suabia. El s\u00edmbolo de la ciudad, la Bas\u00edlica de Santa Mar\u00eda de Collemaggio, fue erigida a finales del mismo siglo por deseo del ermita\u00f1o Pietro da Morrone, donde habr\u00eda sido coronado el Papa con el nombre de Celestino V, el 29 de agosto de 1294. En \u00e9poca moderna, L&#8217;Aquila fue objeto, como todo el sur de Italia, del dominio de los aragoneses y espa\u00f1oles. En 1527, el virrey Filiberto de Orange castig\u00f3 duramente el intento de sublevaci\u00f3n de la ciudad, devast\u00e1ndola e imponi\u00e9ndole una multa elevada. Despu\u00e9s de este episodio fue erigido el Forte espa\u00f1ol, otro s\u00edmbolo de la ciudad, en cuyo portal fue puesto, como advertencia para el futuro, la inscripci\u00f3n <em>Ad reprimendam aquilanorum audaciam<\/em>. La historia de L&#8217;Aquila se ha caracterizado constantemente por numerosos y destructivos terremotos, tales como los de 1349, 1461, 1646, 1703 y, por \u00faltimo, el del 6 de abril de 2009, que supuso un grave da\u00f1o para el patrimonio art\u00edstico de la ciudad.<\/p>\n<\/p><\/div>\n<p><\/p>\n","protected":false},"excerpt":{"rendered":"<p>L&#8217;Aquila Actual capital de la regi\u00f3n de los Abruzos, L&#8217;Aquila fue fundada en el siglo XIII por el emperador Federico II de Suabia. El s\u00edmbolo de la ciudad, la Bas\u00edlica de Santa Mar\u00eda de Collemaggio, fue erigida a finales del mismo siglo por deseo del&hellip;<\/p>\n","protected":false},"author":1,"featured_media":0,"parent":0,"menu_order":0,"comment_status":"closed","ping_status":"closed","template":"","meta":{"footnotes":""},"class_list":["post-7622","page","type-page","status-publish","hentry"],"_links":{"self":[{"href":"https:\/\/digitalhistory.unite.it\/es\/wp-json\/wp\/v2\/pages\/7622","targetHints":{"allow":["GET"]}}],"collection":[{"href":"https:\/\/digitalhistory.unite.it\/es\/wp-json\/wp\/v2\/pages"}],"about":[{"href":"https:\/\/digitalhistory.unite.it\/es\/wp-json\/wp\/v2\/types\/page"}],"author":[{"embeddable":true,"href":"https:\/\/digitalhistory.unite.it\/es\/wp-json\/wp\/v2\/users\/1"}],"replies":[{"embeddable":true,"href":"https:\/\/digitalhistory.unite.it\/es\/wp-json\/wp\/v2\/comments?post=7622"}],"version-history":[{"count":2,"href":"https:\/\/digitalhistory.unite.it\/es\/wp-json\/wp\/v2\/pages\/7622\/revisions"}],"predecessor-version":[{"id":11844,"href":"https:\/\/digitalhistory.unite.it\/es\/wp-json\/wp\/v2\/pages\/7622\/revisions\/11844"}],"wp:attachment":[{"href":"https:\/\/digitalhistory.unite.it\/es\/wp-json\/wp\/v2\/media?parent=7622"}],"curies":[{"name":"wp","href":"https:\/\/api.w.org\/{rel}","templated":true}]}}