{"id":7623,"date":"2021-08-20T00:04:43","date_gmt":"2021-08-19T22:04:43","guid":{"rendered":"https:\/\/digitalhistory.unite.it\/la-procesion-de-los-misterios-de-lanciano-chieti\/"},"modified":"2021-11-23T15:28:49","modified_gmt":"2021-11-23T14:28:49","slug":"la-procesion-de-los-misterios-de-lanciano-chieti","status":"publish","type":"page","link":"https:\/\/digitalhistory.unite.it\/es\/temas\/fiestas-y-rituales\/la-semana-santa-en-los-abruzos\/la-procesion-de-los-misterios-de-lanciano-chieti\/","title":{"rendered":"La Procesi\u00f3n de los Misterios de Lanciano (Chieti)"},"content":{"rendered":"<h1>La Procesi\u00f3n de los Misterios de Lanciano (Chieti) <\/h1>\n<div class=\"testo\">\n<p style=\"text-align: justify\">La Semana Santa en <a href=\"\/es\/temas\/fiestas-y-rituales\/la-semana-santa-en-los-abruzos\/lanciano\/\" title=\"Lanciano\">Lanciano<\/a> (<a href=\"\/es\/temas\/fiestas-y-rituales\/la-semana-santa-en-los-abruzos\/chieti\/\" title=\"Chieti\">Chieti<\/a>) se remonta, al menos, al siglo XVII. En ese momento, la <em><a href=\"\/es\/temas\/fiestas-y-rituales\/las-cofradias-de-la-semana-santa\/\" title=\"Las Cofrad\u00edas de la Semana Santa\">Archicofrad\u00eda<\/a> de la Muerte y Oraci\u00f3n<\/em> (nacida en 1608, pero activa desde el siglo anterior con el t\u00edtulo de la <em>Cofrad\u00eda de la Buena Muerte<\/em>) organizaba ya la representaci\u00f3n sagrada del martirio de Cristo. A finales del siglo XVIII, sin embargo, tom\u00f3 forma la actual procesi\u00f3n de los <em><a href=\"\/es\/temas\/fiestas-y-rituales\/los-misterios\/\" title=\"Los Misterios\">Misterios<\/a><\/em>, que consiste en el desfile de los instrumentos de la Pasi\u00f3n: el \u00c1ngel de la Angustia, con c\u00e1liz y lanza; los instrumentos de la captura en el Huerto de los Olivos; la columna de la flagelaci\u00f3n con los l\u00e1tigos ensangrentados; el gallo; la mano de Malco; la columna con la corona de espinas; el trapo de p\u00farpura y el catino de Pilatos; el Rostro Santo; la columna con cl\u00e1mide, lanzas, manto y clavos; la inscripci\u00f3n de la Cruz con la lanza, la esponja y la escalera. La procesi\u00f3n tiene lugar el Viernes Santo en el sugerente entorno de la ciudad antigua: adem\u00e1s de los <em>Misterios<\/em>, encomendados a los ni\u00f1os, en la ceremonia tambi\u00e9n participan la escultura del <em>Cristo Muerto<\/em> (siglo XVIII) y las estatuas de las tres Mar\u00edas vestidas de luto: la <em>Virgen Dolorosa<\/em>, <em>Mar\u00eda Magdalena<\/em> y <em>Mar\u00eda de Cleof\u00e9<\/em>. Los basamentos sobre los que se apoyan los <em>Misterios<\/em> y las otras estatuas procesionales (que los sicilianos llaman <em>vare<\/em> y los espa\u00f1oles pasos), y en Lanciano y en Abruzzo son llamados <em>talami<\/em>: es famosa la hom\u00f3nima procesi\u00f3n que se desarrolla en Orsogna, tambi\u00e9n en la provincia de Chieti, el Martes de Pascua. El desfile sagrado de Lanciano se abre con las insignias de la Archicofrad\u00eda y de la <em>Pannarola<\/em> (una bandera triangular negra, de cuya cima cuelgan largas cuerdas sujetadas por ni\u00f1os), seguido por los objetos de la Pasi\u00f3n. Dos largas filas de cofrades protegen el <em>Via Crucis<\/em> del desconocido Cireneo y preceden al f\u00e9retro del Cristo Muerto y a las estatuas de las tres Mar\u00edas. La figura de Sim\u00f3n de Cirene (un cofrade particularmente devoto, elegido en secreto por el Prior de la Archicofrad\u00eda) personifica la imagen del Cristo sufridor con la cruz. Recorre las calles de la ciudad descalzo en se\u00f1al de penitencia, encapuchado y envuelto en un sayo de color negro. Una ceremonia conmovedora que est\u00e1 acompa\u00f1ada por la m\u00fasica sagrada de los maestros Ravazzoni, Masciangelo y Bellini y adornada con algunos detalles barrocos (como antorchas y faroles que iluminan el paso lento del Cireneo).<\/p>\n<p style=\"text-align: justify\"><a href=\"\/es\/temas\/fiestas-y-rituales\/la-semana-santa-en-los-abruzos\/\" title=\"La Semana Santa en los Abruzos\">&lt;&lt;&lt;&#8212;La Semana Santa en los Abruzos<\/a><\/p>\n<\/p><\/div>\n<p><\/p>\n","protected":false},"excerpt":{"rendered":"<p>La Procesi\u00f3n de los Misterios de Lanciano (Chieti) La Semana Santa en Lanciano (Chieti) se remonta, al menos, al siglo XVII. En ese momento, la Archicofrad\u00eda de la Muerte y Oraci\u00f3n (nacida en 1608, pero activa desde el siglo anterior con el t\u00edtulo de la&hellip;<\/p>\n","protected":false},"author":1,"featured_media":0,"parent":6782,"menu_order":0,"comment_status":"closed","ping_status":"closed","template":"","meta":{"footnotes":""},"class_list":["post-7623","page","type-page","status-publish","hentry"],"_links":{"self":[{"href":"https:\/\/digitalhistory.unite.it\/es\/wp-json\/wp\/v2\/pages\/7623","targetHints":{"allow":["GET"]}}],"collection":[{"href":"https:\/\/digitalhistory.unite.it\/es\/wp-json\/wp\/v2\/pages"}],"about":[{"href":"https:\/\/digitalhistory.unite.it\/es\/wp-json\/wp\/v2\/types\/page"}],"author":[{"embeddable":true,"href":"https:\/\/digitalhistory.unite.it\/es\/wp-json\/wp\/v2\/users\/1"}],"replies":[{"embeddable":true,"href":"https:\/\/digitalhistory.unite.it\/es\/wp-json\/wp\/v2\/comments?post=7623"}],"version-history":[{"count":2,"href":"https:\/\/digitalhistory.unite.it\/es\/wp-json\/wp\/v2\/pages\/7623\/revisions"}],"predecessor-version":[{"id":11898,"href":"https:\/\/digitalhistory.unite.it\/es\/wp-json\/wp\/v2\/pages\/7623\/revisions\/11898"}],"up":[{"embeddable":true,"href":"https:\/\/digitalhistory.unite.it\/es\/wp-json\/wp\/v2\/pages\/6782"}],"wp:attachment":[{"href":"https:\/\/digitalhistory.unite.it\/es\/wp-json\/wp\/v2\/media?parent=7623"}],"curies":[{"name":"wp","href":"https:\/\/api.w.org\/{rel}","templated":true}]}}