{"id":7624,"date":"2021-08-20T00:04:43","date_gmt":"2021-08-19T22:04:43","guid":{"rendered":"https:\/\/digitalhistory.unite.it\/mariana-de-neoburgo\/"},"modified":"2021-11-23T15:28:48","modified_gmt":"2021-11-23T14:28:48","slug":"mariana-de-neoburgo","status":"publish","type":"page","link":"https:\/\/digitalhistory.unite.it\/es\/temas\/fiestas-y-rituales\/fiesta-de-san-isidro-madrid\/mariana-de-neoburgo\/","title":{"rendered":"Mariana de Neoburgo"},"content":{"rendered":"<h1>Mariana de Neoburgo <\/h1>\n<div class=\"testo\">\n<p style=\"text-align: justify\">Hija de los duques de Neoburgo, Mariana (1667-1740) fue la segunda esposa del rey Carlos II de Espa\u00f1a, siendo reina consorte de 1689 a 1700. Dada las capacidades f\u00edsicas y ps\u00edquicas de Carlos II, el matrimonio de Mariana con este monarca buscaba desesperadamente dar un heredero a la Corona, al no ser posible, cuando falleci\u00f3 el monarca se desat\u00f3 la Guerra de Sucesi\u00f3n Espa\u00f1ola. El apoyo de la reina Mariana al archiduque Carlos de Austria como futuro candidato a la Corona espa\u00f1ola durante el enfrentamiento, le vali\u00f3 el destierro por orden del vencedor Felipe V, quien inaugur\u00f3 la dinast\u00eda de los Borbones en Espa\u00f1a. Mariana fue apartada a Bayona desde 1706 hasta 1738. Dos a\u00f1os m\u00e1s tarde fallec\u00eda a edad anciana.<\/p>\n<\/p><\/div>\n<p><\/p>\n","protected":false},"excerpt":{"rendered":"<p>Mariana de Neoburgo Hija de los duques de Neoburgo, Mariana (1667-1740) fue la segunda esposa del rey Carlos II de Espa\u00f1a, siendo reina consorte de 1689 a 1700. Dada las capacidades f\u00edsicas y ps\u00edquicas de Carlos II, el matrimonio de Mariana con este monarca buscaba&hellip;<\/p>\n","protected":false},"author":1,"featured_media":0,"parent":6784,"menu_order":0,"comment_status":"closed","ping_status":"closed","template":"","meta":{"footnotes":""},"class_list":["post-7624","page","type-page","status-publish","hentry"],"_links":{"self":[{"href":"https:\/\/digitalhistory.unite.it\/es\/wp-json\/wp\/v2\/pages\/7624","targetHints":{"allow":["GET"]}}],"collection":[{"href":"https:\/\/digitalhistory.unite.it\/es\/wp-json\/wp\/v2\/pages"}],"about":[{"href":"https:\/\/digitalhistory.unite.it\/es\/wp-json\/wp\/v2\/types\/page"}],"author":[{"embeddable":true,"href":"https:\/\/digitalhistory.unite.it\/es\/wp-json\/wp\/v2\/users\/1"}],"replies":[{"embeddable":true,"href":"https:\/\/digitalhistory.unite.it\/es\/wp-json\/wp\/v2\/comments?post=7624"}],"version-history":[{"count":2,"href":"https:\/\/digitalhistory.unite.it\/es\/wp-json\/wp\/v2\/pages\/7624\/revisions"}],"predecessor-version":[{"id":11886,"href":"https:\/\/digitalhistory.unite.it\/es\/wp-json\/wp\/v2\/pages\/7624\/revisions\/11886"}],"up":[{"embeddable":true,"href":"https:\/\/digitalhistory.unite.it\/es\/wp-json\/wp\/v2\/pages\/6784"}],"wp:attachment":[{"href":"https:\/\/digitalhistory.unite.it\/es\/wp-json\/wp\/v2\/media?parent=7624"}],"curies":[{"name":"wp","href":"https:\/\/api.w.org\/{rel}","templated":true}]}}