{"id":7625,"date":"2021-08-20T00:04:43","date_gmt":"2021-08-19T22:04:43","guid":{"rendered":"https:\/\/digitalhistory.unite.it\/celebracion-de-la-fiesta-de-san-isidro\/"},"modified":"2021-11-23T15:28:48","modified_gmt":"2021-11-23T14:28:48","slug":"celebracion-de-la-fiesta-de-san-isidro","status":"publish","type":"page","link":"https:\/\/digitalhistory.unite.it\/es\/temas\/fiestas-y-rituales\/fiesta-de-san-isidro-madrid\/celebracion-de-la-fiesta-de-san-isidro\/","title":{"rendered":"Celebraci\u00f3n de la fiesta de San Isidro: tradici\u00f3n barroca versus fiesta popular"},"content":{"rendered":"<h1>Celebraci\u00f3n de la fiesta de San Isidro: tradici\u00f3n barroca versus fiesta popular <\/h1>\n<div class=\"testo\">\n<p style=\"text-align: justify\">&nbsp;<\/p>\n<p style=\"text-align: justify\">&nbsp;<\/p>\n<p style=\"text-align: justify\">Entre la fuente, la ermita y la pradera de San Isidro se celebra el 15 de mayo la fiesta en honor al Santo Patr\u00f3n de <a href=\"\/es\/territorios\/itinerarios-urbanos\/valladolid\/iglesia-de-san-pablo\/madrid\/\" title=\"Madrid\">Madrid<\/a>. Pero San Isidro, al ser un santo labrador, es tambi\u00e9n patr\u00f3n de numerosos pueblos de toda Espa\u00f1a. En Madrid, en el margen derecho del r\u00edo Manzanares, entre los puentes de Segovia y Toledo, se alza la Ermita de San Isidro. All\u00ed se construy\u00f3 esta ermita que recuerda otro milagro del Santo: un d\u00eda, el due\u00f1o de las tierras donde labraba Isidro ten\u00eda mucha sed y le pregunt\u00f3 al labrador d\u00f3nde pod\u00eda coger agua. Isidro le mando que fuera a un campo donde brotaba mucha agua. El due\u00f1o fue al lugar y no encontr\u00f3 el agua por ninguna parte, entonces, enfadado, fue a Isidro a recriminarle el enga\u00f1o. Isidro le acompa\u00f1\u00f3 al mismo sitio, golpe\u00f3 una piedra y pidi\u00f3 a Dios el agua. En ese instante brot\u00f3 una gran cantidad de agua del suelo con la que el amo de Isidro pudo saciar su sed. La fama milagrosa de estas aguas hizo que los madrile\u00f1os se acercaran con sus botijos a coger esta agua, construy\u00e9ndose en este lugar una fuente sagrada. En el siglo XVI la emperatriz <a href=\"#\" class=\"tooltip yellow-tooltip\">Isabel de Portugal<span>Naci\u00f3 el 24 de octubre de 1503 en Lisboa, hija del rey Manuel I de Portugal y de Mar\u00eda de Arag\u00f3n. Se espos\u00f3 en 1526 con el emperador Carlos V (Carlos I de Espa\u00f1a), que buscaba la continuaci\u00f3n de la pol\u00edtica matrimonial de los Reyes Cat\u00f3licos para lograr la uni\u00f3n de Castilla y Portugal. El matrimonio tuvo cinco hijos, de los que Felipe II fue el mayor. Isabel falleci\u00f3 en Toledo el 1 de mayo de 1539, tras un parto prematuro.<\/span><\/a>, viendo que su marido <a href=\"\/es\/territorios\/itinerarios-urbanos\/lecce\/otros-restos\/carlos-v-de-habsburgo\/\" title=\"Carlos V de Habsburgo\">Carlos V<\/a> y su hijo Felipe (futuro <a href=\"\/es\/territorios\/itinerarios-urbanos\/valladolid\/iglesia-de-san-pablo\/felipe-ii\/\" title=\"Felipe II\">Felipe II<\/a>) se encontraban muy enfermos con fiebres muy altas, orden\u00f3 traer agua milagrosa para curarles, obrando as\u00ed un nuevo milagro. En agradecimiento a la sanaci\u00f3n la emperatriz mand\u00f3 construir una ermita en aquel lugar en 1528. Con el paso del tiempo esta ermita tuvo varias restauraciones hasta dar forma al estilo neocl\u00e1sico que hoy se puede contemplar. Actualmente el agua santa sigue brotando bajo el altar de la ermita del Santo y es conducida al exterior del templo.<\/p>\n<p style=\"text-align: justify\">En 1623, un a\u00f1o despu\u00e9s de la canonizaci\u00f3n de San Isidro festejaron la fiesta del Santo los reyes <a href=\"\/es\/territorios\/itinerarios-urbanos\/valladolid\/iglesia-de-san-pablo\/felipe-iv\/\" title=\"Felipe IV\">Felipe IV<\/a> e <a href=\"#\" class=\"tooltip yellow-tooltip\">Isabel de Borb\u00f3n<span>Isabel de Borb\u00f3n naci\u00f3 en 1602. Hija de Enrique IV de Francia y de Mar\u00eda de M\u00e9dicis se cas\u00f3 con Felipe IV (1605-1665), con el que tuvo ocho hijos, muchos de los cuales murieron siendo ni\u00f1os. En 1629 dio a luz al heredero de la corona, Baltasar Carlos, que falleci\u00f3 en 1646, superando en dos a\u00f1os al fallecimiento de Isabel (1644). En la corte, destacaba su mala relaci\u00f3n con el todopoderoso valido don Gaspar de Guzm\u00e1n, conde-duque de Olivares.<\/span><\/a> acudiendo a la ermita del Santo para coger el agua santa, convirtiendo a esta ermita en un lugar de peregrinaci\u00f3n cada 15 de mayo. A esta costumbre inaugurada por los reyes en el siglo XVII, se unen tradiciones m\u00e1s modernas que han convertido a la fiesta de San Isidro en un conjunto de actos populares y sentimiento devoto que todo madrile\u00f1o celebra cada a\u00f1o.<\/p>\n<p style=\"text-align: justify\">Tal y como se muestra en el video con fotograf\u00edas de la fiesta de San Isidro, se comienza el d\u00eda acudiendo a la &#8220;Feria de la Cacharrer\u00eda&#8221; que se sit\u00faa en la plaza de las Comendadoras. En esta feria es t\u00edpico comprar los botijos donde recoger despu\u00e9s el agua en la Ermita del Santo. Ante las puertas de la Ermita se siguen formando enormes colas de gente que esperan pacientemente su turno para coger el agua. La tarde del 15 de mayo se suele pasar en la &#8220;Pradera de San Isidro&#8221;, donde se celebran las fiestas con m\u00fasica y bailes y donde los madrile\u00f1os acuden con bebida y comida a esta gran verbena primaveral. Todav\u00eda en la pradera se pueden ver a muchos madrile\u00f1os vestidos por San Isidro con el traje t\u00edpico de Madrid denominado <a href=\"#\" class=\"tooltip yellow-tooltip\">&#8220;chulapo&#8221;<span>Traje t\u00edpico de Madrid de finales del siglo XIX y principios del XX, que se compone para la mujer chulapa de un pa\u00f1uelo en la cabeza con clavel rojo y vestido t\u00edpico de lunares hasta los pies y Mant\u00f3n de Manila. Y para los hombres de chaleco con clavel en la solapa, pantalones oscuros ajustados, gorra a cuadros y pa\u00f1uelo blanco al cuello.<\/span><\/a>, cuyo origen se encuentra en las zarzuelas del siglo XIX. En cuanto a la gastronom\u00eda, es t\u00edpico comer un dulce que se llama &#8220;rosquillas del Santo&#8221;, de mil colores y sabores, como se muestra al final del video.<\/p>\n<p style=\"text-align: justify\"><a href=\"\/es\/temas\/fiestas-y-rituales\/fiesta-de-san-isidro-madrid\/\" title=\"Fiesta de San Isidro Madrid\">&lt;&lt;&lt;&#8212;p\u00e1gina precedente<\/a>&nbsp;&nbsp; <a href=\"\/es\/temas\/fiestas-y-rituales\/\" title=\"Fiestas y rituales\">\u00cdndice&#8212;&gt;&gt;&gt;<\/a><\/p>\n<\/p><\/div>\n<p><\/p>\n","protected":false},"excerpt":{"rendered":"<p>Celebraci\u00f3n de la fiesta de San Isidro: tradici\u00f3n barroca versus fiesta popular &nbsp; &nbsp; Entre la fuente, la ermita y la pradera de San Isidro se celebra el 15 de mayo la fiesta en honor al Santo Patr\u00f3n de Madrid. Pero San Isidro, al ser&hellip;<\/p>\n","protected":false},"author":1,"featured_media":0,"parent":6784,"menu_order":0,"comment_status":"closed","ping_status":"closed","template":"","meta":{"footnotes":""},"class_list":["post-7625","page","type-page","status-publish","hentry"],"_links":{"self":[{"href":"https:\/\/digitalhistory.unite.it\/es\/wp-json\/wp\/v2\/pages\/7625","targetHints":{"allow":["GET"]}}],"collection":[{"href":"https:\/\/digitalhistory.unite.it\/es\/wp-json\/wp\/v2\/pages"}],"about":[{"href":"https:\/\/digitalhistory.unite.it\/es\/wp-json\/wp\/v2\/types\/page"}],"author":[{"embeddable":true,"href":"https:\/\/digitalhistory.unite.it\/es\/wp-json\/wp\/v2\/users\/1"}],"replies":[{"embeddable":true,"href":"https:\/\/digitalhistory.unite.it\/es\/wp-json\/wp\/v2\/comments?post=7625"}],"version-history":[{"count":2,"href":"https:\/\/digitalhistory.unite.it\/es\/wp-json\/wp\/v2\/pages\/7625\/revisions"}],"predecessor-version":[{"id":11885,"href":"https:\/\/digitalhistory.unite.it\/es\/wp-json\/wp\/v2\/pages\/7625\/revisions\/11885"}],"up":[{"embeddable":true,"href":"https:\/\/digitalhistory.unite.it\/es\/wp-json\/wp\/v2\/pages\/6784"}],"wp:attachment":[{"href":"https:\/\/digitalhistory.unite.it\/es\/wp-json\/wp\/v2\/media?parent=7625"}],"curies":[{"name":"wp","href":"https:\/\/api.w.org\/{rel}","templated":true}]}}