{"id":7628,"date":"2021-08-20T00:04:43","date_gmt":"2021-08-19T22:04:43","guid":{"rendered":"https:\/\/digitalhistory.unite.it\/las-meninas-de-velazquez\/"},"modified":"2021-11-23T15:28:55","modified_gmt":"2021-11-23T14:28:55","slug":"las-meninas-de-velazquez","status":"publish","type":"page","link":"https:\/\/digitalhistory.unite.it\/es\/temas\/vida-material\/muebles\/braseros-lamparas-y-espejos\/las-meninas-de-velazquez\/","title":{"rendered":"Las Meninas de Vel\u00e1zquez"},"content":{"rendered":"<h1>Las Meninas de Vel\u00e1zquez <\/h1>\n<div class=\"testo\">\n<p style=\"text-align: justify\"><img loading=\"lazy\" decoding=\"async\" src=\"https:\/\/digitalhistory.unite.it\/wp-content\/uploads\/2021\/08\/las_meninas__1656___by_velazquez__fileminimizer__252x290.jpg\" width=\"252\" height=\"290\" alt=\"Las Meninas\" align=\"left\">Es el cuadro pintado por Diego Vel\u00e1zquez (1599-1660), pintor de c\u00e1mara de Felipe IV, que representa a la familia de dicho monarca. Es un gran lienzo con pintura al \u00f3leo usando una t\u00e9cnica de pinceladas largas y sueltas. Actualmente el cuadro se expone en el Museo del Prado de Madrid. Vel\u00e1zquez mostr\u00f3 en este cuadro su habilidad para jugar con el espacio; a trav\u00e9s de los puntos de fuga y las profundidades; y la luz, a trav\u00e9s de las sombras y luces. En primer plano del cuadro aparece la infanta Margarita rodeada por sus meninas o criadas, mientras que al fondo del cuadro aparece Felipe IV y su mujer Mariana de Austria en el reflejo de un espejo, lo que sirvi\u00f3 a Vel\u00e1zquez para dar a entender al espectador que su cuadro se debe entender en tres planos diferentes; el de la infanta y las meninas que posan para el cuadro, el de los visitantes reales que ven c\u00f3mo Vel\u00e1zquez pinta, y el del propio pintor que plasma toda la idea.<\/p>\n<\/p><\/div>\n<p><\/p>\n","protected":false},"excerpt":{"rendered":"<p>Las Meninas de Vel\u00e1zquez Es el cuadro pintado por Diego Vel\u00e1zquez (1599-1660), pintor de c\u00e1mara de Felipe IV, que representa a la familia de dicho monarca. Es un gran lienzo con pintura al \u00f3leo usando una t\u00e9cnica de pinceladas largas y sueltas. Actualmente el cuadro&hellip;<\/p>\n","protected":false},"author":1,"featured_media":0,"parent":6789,"menu_order":0,"comment_status":"closed","ping_status":"closed","template":"","meta":{"footnotes":""},"class_list":["post-7628","page","type-page","status-publish","hentry"],"_links":{"self":[{"href":"https:\/\/digitalhistory.unite.it\/es\/wp-json\/wp\/v2\/pages\/7628","targetHints":{"allow":["GET"]}}],"collection":[{"href":"https:\/\/digitalhistory.unite.it\/es\/wp-json\/wp\/v2\/pages"}],"about":[{"href":"https:\/\/digitalhistory.unite.it\/es\/wp-json\/wp\/v2\/types\/page"}],"author":[{"embeddable":true,"href":"https:\/\/digitalhistory.unite.it\/es\/wp-json\/wp\/v2\/users\/1"}],"replies":[{"embeddable":true,"href":"https:\/\/digitalhistory.unite.it\/es\/wp-json\/wp\/v2\/comments?post=7628"}],"version-history":[{"count":2,"href":"https:\/\/digitalhistory.unite.it\/es\/wp-json\/wp\/v2\/pages\/7628\/revisions"}],"predecessor-version":[{"id":11964,"href":"https:\/\/digitalhistory.unite.it\/es\/wp-json\/wp\/v2\/pages\/7628\/revisions\/11964"}],"up":[{"embeddable":true,"href":"https:\/\/digitalhistory.unite.it\/es\/wp-json\/wp\/v2\/pages\/6789"}],"wp:attachment":[{"href":"https:\/\/digitalhistory.unite.it\/es\/wp-json\/wp\/v2\/media?parent=7628"}],"curies":[{"name":"wp","href":"https:\/\/api.w.org\/{rel}","templated":true}]}}