{"id":7630,"date":"2021-08-20T00:04:44","date_gmt":"2021-08-19T22:04:44","guid":{"rendered":"https:\/\/digitalhistory.unite.it\/la-festa-di-san-gennaro-oggi\/"},"modified":"2021-11-23T15:26:52","modified_gmt":"2021-11-23T14:26:52","slug":"la-festa-di-san-gennaro-oggi","status":"publish","type":"page","link":"https:\/\/digitalhistory.unite.it\/es\/temi\/feste-e-rituali\/le-feste-patronali-fercoli-vare-e-candelore-in-campania\/la-festa-di-san-gennaro-a-napoli\/la-festa-di-san-gennaro-oggi\/","title":{"rendered":"La Festa di San Gennaro oggi"},"content":{"rendered":"<h1>La Festa di San Gennaro oggi <\/h1>\n<div class=\"testo\">\n<p style=\"text-align: justify\">Il rito della liquefazione del sangue si svolge ancora oggi nella splendida Cappella del Tesoro di San Gennaro: un vero e proprio scrigno barocco. Delle &#8220;macchine&#8221; e delle altre messe in scena in voga nei secoli XVII e XVIII, tuttavia, non resta nulla o quasi. A partire dai primi decenni dell&#8217;Ottocento, infatti, gli apparati extra-liturgici e le realizzazioni effimere sono andate scemando. Cosicch\u00e9, oggi, la Festa di San Gennaro ha perduto le sue pi\u00f9 importanti connotazioni barocche. Al centro della scena \u00e8 rimasto il popolo, che attende la liquefazione del sangue, e l&#8217;officiante, nelle cui mani si compir\u00e0 l&#8217;agognato miracolo. La Chiesa napoletana, contrariamente a quanto accaduto in altre parti dell&#8217;Italia meridionale, \u00e8 riuscita a ricondurre il culto di San Gennaro negli argini della liturgia, confinando i fedeli e le autorit\u00e0 cittadine nel ruolo degli spettatori. Eppure, l&#8217;attesa del miracolo, quel lasso di tempo variabile che intercorre tra l&#8217;ostensione delle ampolle e la liquefazione del sangue, restituisce simbolicamente alla citt\u00e0 il suo protagonismo: un protagonismo che in un passato non troppo lontano essa esercitava in uno spazio extra-liturgico popolato di invenzioni e meraviglie barocche.<\/p>\n<\/div>\n<p><\/p>\n","protected":false},"excerpt":{"rendered":"<p>La Festa di San Gennaro oggi Il rito della liquefazione del sangue si svolge ancora oggi nella splendida Cappella del Tesoro di San Gennaro: un vero e proprio scrigno barocco. Delle &#8220;macchine&#8221; e delle altre messe in scena in voga nei secoli XVII e XVIII,&hellip;<\/p>\n","protected":false},"author":1,"featured_media":0,"parent":6838,"menu_order":0,"comment_status":"closed","ping_status":"closed","template":"","meta":{"footnotes":""},"class_list":["post-7630","page","type-page","status-publish","hentry"],"_links":{"self":[{"href":"https:\/\/digitalhistory.unite.it\/es\/wp-json\/wp\/v2\/pages\/7630","targetHints":{"allow":["GET"]}}],"collection":[{"href":"https:\/\/digitalhistory.unite.it\/es\/wp-json\/wp\/v2\/pages"}],"about":[{"href":"https:\/\/digitalhistory.unite.it\/es\/wp-json\/wp\/v2\/types\/page"}],"author":[{"embeddable":true,"href":"https:\/\/digitalhistory.unite.it\/es\/wp-json\/wp\/v2\/users\/1"}],"replies":[{"embeddable":true,"href":"https:\/\/digitalhistory.unite.it\/es\/wp-json\/wp\/v2\/comments?post=7630"}],"version-history":[{"count":2,"href":"https:\/\/digitalhistory.unite.it\/es\/wp-json\/wp\/v2\/pages\/7630\/revisions"}],"predecessor-version":[{"id":10646,"href":"https:\/\/digitalhistory.unite.it\/es\/wp-json\/wp\/v2\/pages\/7630\/revisions\/10646"}],"up":[{"embeddable":true,"href":"https:\/\/digitalhistory.unite.it\/es\/wp-json\/wp\/v2\/pages\/6838"}],"wp:attachment":[{"href":"https:\/\/digitalhistory.unite.it\/es\/wp-json\/wp\/v2\/media?parent=7630"}],"curies":[{"name":"wp","href":"https:\/\/api.w.org\/{rel}","templated":true}]}}