{"id":7635,"date":"2021-08-19T22:04:45","date_gmt":"2021-08-19T20:04:45","guid":{"rendered":"https:\/\/digitalhistory.unite.it\/taranto\/"},"modified":"2021-11-23T15:26:49","modified_gmt":"2021-11-23T14:26:49","slug":"taranto","status":"publish","type":"page","link":"https:\/\/digitalhistory.unite.it\/es\/temi\/feste-e-rituali\/la-settimana-santa-in-puglia\/la-settimana-santa-di-taranto\/taranto\/","title":{"rendered":"Taranto"},"content":{"rendered":"<h1>Taranto <\/h1>\n<div class=\"testo\">\n<p style=\"text-align: justify\"><img loading=\"lazy\" decoding=\"async\" src=\"https:\/\/digitalhistory.unite.it\/wp-content\/uploads\/2021\/08\/taranto_above_252x189.jpg\" width=\"252\" height=\"189\" alt=\"Taranto\" align=\"left\">Fondata nell&#8217;VIII secolo a.C., Taranto costituiva l&#8217;unica colonia greca in una regione gi\u00e0 colonizzata dal popolo degli Iapigi. La citt\u00e0 fu protagonista di una lunga serie di conflitti interni ed esterni durante l&#8217;epoca ellenistica e fino alla definitiva conquista romana. In et\u00e0 medievale, dopo secoli di dominio bizantino, nacque il principato di Taranto (che comprendeva anche Otranto, Gallipoli e Brindisi) a seguito dei contrasti tra gli eredi del condottiero normanno Roberto il Guiscardo. Il principato venne annesso al regno di Napoli solo nel 1465, sotto la dominazione aragonese. Proprio gli Aragonesi dotarono Taranto di una solida cinta muraria e del Castello, necessari per la difesa dagli attacchi di Turchi e Veneziani. Contesa tra Francesi e Spagnoli, la citt\u00e0 venne conquistata dalle truppe di Gonzalo Fern\u00e1ndez de C\u00f3rdoba, il <em>Gran Capit\u00e1n<\/em>, nel 1502. Durante il dominio spagnolo, Taranto and\u00f2 incontro ad un lento ma costante declino, pi\u00f9 volte sottoposta agli attacchi dei corsari. Nel 1647, mentre a Napoli si consumava la cosiddetta rivolta di Masaniello, anche Taranto fu protagonista di un&#8217;insurrezione popolare guidata da Giandonato Altamura ma in breve tempo sedata. Nel XVIII secolo, la citt\u00e0 pass\u00f2, come tutto il Regno di Napoli, prima sotto il dominio austriaco e poi sotto quello borbonico.<\/p>\n<\/div>\n<p><\/p>\n","protected":false},"excerpt":{"rendered":"<p>Taranto Fondata nell&#8217;VIII secolo a.C., Taranto costituiva l&#8217;unica colonia greca in una regione gi\u00e0 colonizzata dal popolo degli Iapigi. La citt\u00e0 fu protagonista di una lunga serie di conflitti interni ed esterni durante l&#8217;epoca ellenistica e fino alla definitiva conquista romana. In et\u00e0 medievale, dopo&hellip;<\/p>\n","protected":false},"author":1,"featured_media":0,"parent":7030,"menu_order":0,"comment_status":"closed","ping_status":"closed","template":"","meta":{"footnotes":""},"class_list":["post-7635","page","type-page","status-publish","hentry"],"_links":{"self":[{"href":"https:\/\/digitalhistory.unite.it\/es\/wp-json\/wp\/v2\/pages\/7635","targetHints":{"allow":["GET"]}}],"collection":[{"href":"https:\/\/digitalhistory.unite.it\/es\/wp-json\/wp\/v2\/pages"}],"about":[{"href":"https:\/\/digitalhistory.unite.it\/es\/wp-json\/wp\/v2\/types\/page"}],"author":[{"embeddable":true,"href":"https:\/\/digitalhistory.unite.it\/es\/wp-json\/wp\/v2\/users\/1"}],"replies":[{"embeddable":true,"href":"https:\/\/digitalhistory.unite.it\/es\/wp-json\/wp\/v2\/comments?post=7635"}],"version-history":[{"count":2,"href":"https:\/\/digitalhistory.unite.it\/es\/wp-json\/wp\/v2\/pages\/7635\/revisions"}],"predecessor-version":[{"id":10610,"href":"https:\/\/digitalhistory.unite.it\/es\/wp-json\/wp\/v2\/pages\/7635\/revisions\/10610"}],"up":[{"embeddable":true,"href":"https:\/\/digitalhistory.unite.it\/es\/wp-json\/wp\/v2\/pages\/7030"}],"wp:attachment":[{"href":"https:\/\/digitalhistory.unite.it\/es\/wp-json\/wp\/v2\/media?parent=7635"}],"curies":[{"name":"wp","href":"https:\/\/api.w.org\/{rel}","templated":true}]}}