{"id":7643,"date":"2021-08-20T00:04:45","date_gmt":"2021-08-19T22:04:45","guid":{"rendered":"https:\/\/digitalhistory.unite.it\/lorigine-dei-candelieri-di-sassari\/"},"modified":"2021-11-23T15:26:52","modified_gmt":"2021-11-23T14:26:52","slug":"lorigine-dei-candelieri-di-sassari","status":"publish","type":"page","link":"https:\/\/digitalhistory.unite.it\/es\/temi\/feste-e-rituali\/le-feste-patronali-fercoli-vare-e-candelore-in-sardegna\/la-festa-dellassunta-e-i-candelieri-di-sassari\/lorigine-dei-candelieri-di-sassari\/","title":{"rendered":"L&#8217;origine dei Candelieri di Sassari"},"content":{"rendered":"<h1>L&#8217;origine dei Candelieri di Sassari <\/h1>\n<div class=\"testo\">\n<p style=\"text-align: justify\">La Festa dei Candelieri di Sassari affonda le radici nel Medioevo, quando la citt\u00e0 sarda era sotto l&#8217;influenza della Repubblica di Pisa (XII-XIII secolo). Sono stati i pisani, infatti, ad introdurre nell&#8217;isola il rito della donazione della cera (<em>oblazione dei candeli<\/em>). Celebrata nella madrepatria durante la Festa dell&#8217;Assunta dalle Associazioni di Arti e Mestieri, tale cerimonia prevedeva l&#8217;installazione di una quantit\u00e0 prestabilita di cera (finemente lavorata) su macchine lignee di varia fattura artistica, decorate con stendardi e bandiere e dipinte con scene tratte dalla storia cittadina o dalla Bibbia. A Pisa, in origine, la macchina che ospitava l&#8217;offerta della cera alla Vergine (<em>il candelo<\/em>) consisteva in una struttura rettangolare o quadrata a forma di tabernacolo. Col passare del tempo, per\u00f2, tale figura venne soppiantata dalle pi\u00f9 agili colonne, sui cui capitelli veniva collocata la cera: i Candelieri. I pisani residenti a Sassari, in conformit\u00e0 con quanto stabilito dallo Statuto della Repubblica,&nbsp;erano obbligati a celebrare anche fuori dalla mura cittadine l&#8217;<em>oblazione<\/em> <em>dei candeli<\/em>. Ad un certo momento, per\u00f2, il rito della cera in terra di Sardegna si perse, con l&#8217;abbandono dell&#8217;isola da parte dei pisani, a seguito di una storica sconfitta militare inflittagli dai rivali genovesi (1284). Si dovette attendere il 1528 affinch\u00e9 la tradizione venisse ripristinata stabilmente. In questo periodo nacque la Festa dei Candelieri cos\u00ec come la conosciamo oggi, istituita e rinnovata nei secoli successivi come voto alla Madonna per la cessazione delle pestilenze.<\/p>\n<\/div>\n<p><\/p>\n","protected":false},"excerpt":{"rendered":"<p>L&#8217;origine dei Candelieri di Sassari La Festa dei Candelieri di Sassari affonda le radici nel Medioevo, quando la citt\u00e0 sarda era sotto l&#8217;influenza della Repubblica di Pisa (XII-XIII secolo). Sono stati i pisani, infatti, ad introdurre nell&#8217;isola il rito della donazione della cera (oblazione dei&hellip;<\/p>\n","protected":false},"author":1,"featured_media":0,"parent":7049,"menu_order":0,"comment_status":"closed","ping_status":"closed","template":"","meta":{"footnotes":""},"class_list":["post-7643","page","type-page","status-publish","hentry"],"_links":{"self":[{"href":"https:\/\/digitalhistory.unite.it\/es\/wp-json\/wp\/v2\/pages\/7643","targetHints":{"allow":["GET"]}}],"collection":[{"href":"https:\/\/digitalhistory.unite.it\/es\/wp-json\/wp\/v2\/pages"}],"about":[{"href":"https:\/\/digitalhistory.unite.it\/es\/wp-json\/wp\/v2\/types\/page"}],"author":[{"embeddable":true,"href":"https:\/\/digitalhistory.unite.it\/es\/wp-json\/wp\/v2\/users\/1"}],"replies":[{"embeddable":true,"href":"https:\/\/digitalhistory.unite.it\/es\/wp-json\/wp\/v2\/comments?post=7643"}],"version-history":[{"count":2,"href":"https:\/\/digitalhistory.unite.it\/es\/wp-json\/wp\/v2\/pages\/7643\/revisions"}],"predecessor-version":[{"id":10641,"href":"https:\/\/digitalhistory.unite.it\/es\/wp-json\/wp\/v2\/pages\/7643\/revisions\/10641"}],"up":[{"embeddable":true,"href":"https:\/\/digitalhistory.unite.it\/es\/wp-json\/wp\/v2\/pages\/7049"}],"wp:attachment":[{"href":"https:\/\/digitalhistory.unite.it\/es\/wp-json\/wp\/v2\/media?parent=7643"}],"curies":[{"name":"wp","href":"https:\/\/api.w.org\/{rel}","templated":true}]}}