{"id":7667,"date":"2021-08-20T00:04:47","date_gmt":"2021-08-19T22:04:47","guid":{"rendered":"https:\/\/digitalhistory.unite.it\/juan-martinez-siliceo\/"},"modified":"2021-11-23T17:45:11","modified_gmt":"2021-11-23T16:45:11","slug":"juan-martinez-siliceo","status":"publish","type":"page","link":"https:\/\/digitalhistory.unite.it\/es\/temas\/iglesias\/catedral-de-getafe\/juan-martinez-siliceo\/","title":{"rendered":"Juan Mart\u00ednez Sil\u00edceo"},"content":{"rendered":"<h1>Juan Mart\u00ednez Sil\u00edceo <\/h1>\n<div class=\"testo\">\n<p style=\"text-align: justify\">Juan Mart\u00ednez Sil\u00edceo (1477-1557) fue profesor de la Universidad de Salamanca, hasta que en 1534 fue nombrado preceptor del pr\u00edncipe, futuro monarca Felipe II. En 1545 fue promovido al arzobispado de Toledo, y desde esta posici\u00f3n, fue un f\u00e9rreo defensor de la ortodoxia cat\u00f3lica, utilizando la Inquisici\u00f3n e imponiendo los &#8220;estatutos de limpieza&#8221; que discriminaban a&nbsp;judeoconversos y moriscos de la Espa\u00f1a del siglo XVI. En 1556 fue designado cardenal, falleciendo un a\u00f1o m\u00e1s tarde.<\/p>\n<\/p><\/div>\n<p><\/p>\n","protected":false},"excerpt":{"rendered":"<p>Juan Mart\u00ednez Sil\u00edceo Juan Mart\u00ednez Sil\u00edceo (1477-1557) fue profesor de la Universidad de Salamanca, hasta que en 1534 fue nombrado preceptor del pr\u00edncipe, futuro monarca Felipe II. En 1545 fue promovido al arzobispado de Toledo, y desde esta posici\u00f3n, fue un f\u00e9rreo defensor de la&hellip;<\/p>\n","protected":false},"author":1,"featured_media":0,"parent":7554,"menu_order":0,"comment_status":"closed","ping_status":"closed","template":"","meta":{"footnotes":""},"class_list":["post-7667","page","type-page","status-publish","hentry"],"_links":{"self":[{"href":"https:\/\/digitalhistory.unite.it\/es\/wp-json\/wp\/v2\/pages\/7667","targetHints":{"allow":["GET"]}}],"collection":[{"href":"https:\/\/digitalhistory.unite.it\/es\/wp-json\/wp\/v2\/pages"}],"about":[{"href":"https:\/\/digitalhistory.unite.it\/es\/wp-json\/wp\/v2\/types\/page"}],"author":[{"embeddable":true,"href":"https:\/\/digitalhistory.unite.it\/es\/wp-json\/wp\/v2\/users\/1"}],"replies":[{"embeddable":true,"href":"https:\/\/digitalhistory.unite.it\/es\/wp-json\/wp\/v2\/comments?post=7667"}],"version-history":[{"count":2,"href":"https:\/\/digitalhistory.unite.it\/es\/wp-json\/wp\/v2\/pages\/7667\/revisions"}],"predecessor-version":[{"id":11911,"href":"https:\/\/digitalhistory.unite.it\/es\/wp-json\/wp\/v2\/pages\/7667\/revisions\/11911"}],"up":[{"embeddable":true,"href":"https:\/\/digitalhistory.unite.it\/es\/wp-json\/wp\/v2\/pages\/7554"}],"wp:attachment":[{"href":"https:\/\/digitalhistory.unite.it\/es\/wp-json\/wp\/v2\/media?parent=7667"}],"curies":[{"name":"wp","href":"https:\/\/api.w.org\/{rel}","templated":true}]}}