{"id":7668,"date":"2021-08-20T00:04:47","date_gmt":"2021-08-19T22:04:47","guid":{"rendered":"https:\/\/digitalhistory.unite.it\/alonso-carbonel\/"},"modified":"2021-11-23T15:36:56","modified_gmt":"2021-11-23T14:36:56","slug":"alonso-carbonel","status":"publish","type":"page","link":"https:\/\/digitalhistory.unite.it\/es\/temas\/iglesias\/catedral-de-getafe\/alonso-carbonel\/","title":{"rendered":"Alonso Carbonel"},"content":{"rendered":"<h1>Alonso Carbonel <\/h1>\n<div class=\"testo\">\n<p style=\"text-align: justify\">Alonso Carbonel (1583-1660) destac\u00f3 como escultor y ensamblador espa\u00f1ol. Una de sus obras principales fue el retablo mayor de la Iglesia de la Magdalena de Getafe. No obstante a partir de la d\u00e9cada de los a\u00f1os 20 del siglo XVII su carrera se vincul\u00f3 a la protecci\u00f3n del valido del rey Felipe IV, el Conde-Duque de Olivares. De esta manera, el valido le nombr\u00f3 en 1627 aparejador de las obras reales y en 1630 aparejador mayor. En 1632, Olivares le design\u00f3 como maestro mayor de las obras del Palacio del Buen Retiro. Asimismo, por mandato de Olivares, realiz\u00f3 las trazas del Monasterio de la Concepci\u00f3n de Loeches, donde se retir\u00f3 el valido tras su ca\u00edda en desgracia en 1643.<\/p>\n<\/p><\/div>\n<p><\/p>\n","protected":false},"excerpt":{"rendered":"<p>Alonso Carbonel Alonso Carbonel (1583-1660) destac\u00f3 como escultor y ensamblador espa\u00f1ol. Una de sus obras principales fue el retablo mayor de la Iglesia de la Magdalena de Getafe. No obstante a partir de la d\u00e9cada de los a\u00f1os 20 del siglo XVII su carrera se&hellip;<\/p>\n","protected":false},"author":1,"featured_media":0,"parent":7554,"menu_order":0,"comment_status":"closed","ping_status":"closed","template":"","meta":{"footnotes":""},"class_list":["post-7668","page","type-page","status-publish","hentry"],"_links":{"self":[{"href":"https:\/\/digitalhistory.unite.it\/es\/wp-json\/wp\/v2\/pages\/7668","targetHints":{"allow":["GET"]}}],"collection":[{"href":"https:\/\/digitalhistory.unite.it\/es\/wp-json\/wp\/v2\/pages"}],"about":[{"href":"https:\/\/digitalhistory.unite.it\/es\/wp-json\/wp\/v2\/types\/page"}],"author":[{"embeddable":true,"href":"https:\/\/digitalhistory.unite.it\/es\/wp-json\/wp\/v2\/users\/1"}],"replies":[{"embeddable":true,"href":"https:\/\/digitalhistory.unite.it\/es\/wp-json\/wp\/v2\/comments?post=7668"}],"version-history":[{"count":2,"href":"https:\/\/digitalhistory.unite.it\/es\/wp-json\/wp\/v2\/pages\/7668\/revisions"}],"predecessor-version":[{"id":11910,"href":"https:\/\/digitalhistory.unite.it\/es\/wp-json\/wp\/v2\/pages\/7668\/revisions\/11910"}],"up":[{"embeddable":true,"href":"https:\/\/digitalhistory.unite.it\/es\/wp-json\/wp\/v2\/pages\/7554"}],"wp:attachment":[{"href":"https:\/\/digitalhistory.unite.it\/es\/wp-json\/wp\/v2\/media?parent=7668"}],"curies":[{"name":"wp","href":"https:\/\/api.w.org\/{rel}","templated":true}]}}