{"id":7669,"date":"2021-08-20T00:04:47","date_gmt":"2021-08-19T22:04:47","guid":{"rendered":"https:\/\/digitalhistory.unite.it\/la-historia-del-sacro-monte-de-los-muertos\/"},"modified":"2021-11-23T15:28:49","modified_gmt":"2021-11-23T14:28:49","slug":"la-historia-del-sacro-monte-de-los-muertos","status":"publish","type":"page","link":"https:\/\/digitalhistory.unite.it\/es\/temas\/fiestas-y-rituales\/la-semana-santa-en-los-abruzos\/la-procesion-del-viernes-santo-en-chieti\/la-historia-del-sacro-monte-de-los-muertos\/","title":{"rendered":"La Historia del Sacro Monte de los Muertos"},"content":{"rendered":"<h1>La Historia del Sacro Monte de los Muertos <\/h1>\n<div class=\"testo\">\n<p style=\"text-align: justify\">Es probable que la Cofrad\u00eda teatina estuviera ya activa a finales del siglo XVI, para cumplir con los can\u00f3nicos fines devocionales y caritativos, de la oraci\u00f3n y la caridad, que en ese momento se llev\u00f3 a cabo por las Congregaciones. La <em>Cofrad\u00eda del Sufragio o Monte de los Muertos<\/em> tom\u00f3 el nombre de la <em>Archicofrad\u00eda del Sacro Monte de los Muertos<\/em> a finales del siglo XVIII. En este mismo periodo, sus afiliados se divid\u00edan entre los miembros nobles pertenecientes a los <em>hermanos vocales<\/em> (que eleg\u00edan al Gobernador y gestionaban la agrupaci\u00f3n) y otras clases reunidas en el grupo de los <em>hermanos y hermanas de la devoci\u00f3n<\/em> (inscritos \u00fanicamente por el sufragio de las respectivas almas). Ya con motivo del Jubileo del A\u00f1o Santo de 1650, los cofrades del Monte de los Muertos de Chieti (encapuchados y vestidos con tela de sayo) llevaron en procesi\u00f3n &#8220;una Muerte de madera de tama\u00f1o natural&#8221;, un &#8220;nuevo estandarte en damasco negro&#8221; y el catafalco del Cristo Muerto. En los a\u00f1os treinta del siglo XIX, la procesi\u00f3n se enriqueci\u00f3 con la imagen de la Dolorosa.<\/p>\n<\/p><\/div>\n<p><\/p>\n","protected":false},"excerpt":{"rendered":"<p>La Historia del Sacro Monte de los Muertos Es probable que la Cofrad\u00eda teatina estuviera ya activa a finales del siglo XVI, para cumplir con los can\u00f3nicos fines devocionales y caritativos, de la oraci\u00f3n y la caridad, que en ese momento se llev\u00f3 a cabo&hellip;<\/p>\n","protected":false},"author":1,"featured_media":0,"parent":7599,"menu_order":0,"comment_status":"closed","ping_status":"closed","template":"","meta":{"footnotes":""},"class_list":["post-7669","page","type-page","status-publish","hentry"],"_links":{"self":[{"href":"https:\/\/digitalhistory.unite.it\/es\/wp-json\/wp\/v2\/pages\/7669","targetHints":{"allow":["GET"]}}],"collection":[{"href":"https:\/\/digitalhistory.unite.it\/es\/wp-json\/wp\/v2\/pages"}],"about":[{"href":"https:\/\/digitalhistory.unite.it\/es\/wp-json\/wp\/v2\/types\/page"}],"author":[{"embeddable":true,"href":"https:\/\/digitalhistory.unite.it\/es\/wp-json\/wp\/v2\/users\/1"}],"replies":[{"embeddable":true,"href":"https:\/\/digitalhistory.unite.it\/es\/wp-json\/wp\/v2\/comments?post=7669"}],"version-history":[{"count":2,"href":"https:\/\/digitalhistory.unite.it\/es\/wp-json\/wp\/v2\/pages\/7669\/revisions"}],"predecessor-version":[{"id":11903,"href":"https:\/\/digitalhistory.unite.it\/es\/wp-json\/wp\/v2\/pages\/7669\/revisions\/11903"}],"up":[{"embeddable":true,"href":"https:\/\/digitalhistory.unite.it\/es\/wp-json\/wp\/v2\/pages\/7599"}],"wp:attachment":[{"href":"https:\/\/digitalhistory.unite.it\/es\/wp-json\/wp\/v2\/media?parent=7669"}],"curies":[{"name":"wp","href":"https:\/\/api.w.org\/{rel}","templated":true}]}}