{"id":7671,"date":"2021-08-20T00:04:47","date_gmt":"2021-08-19T22:04:47","guid":{"rendered":"https:\/\/digitalhistory.unite.it\/el-recorrido-de-la-procesion-del-viernes-santo-de-chieti\/"},"modified":"2021-11-23T15:28:49","modified_gmt":"2021-11-23T14:28:49","slug":"el-recorrido-de-la-procesion-del-viernes-santo-de-chieti","status":"publish","type":"page","link":"https:\/\/digitalhistory.unite.it\/es\/temas\/fiestas-y-rituales\/la-semana-santa-en-los-abruzos\/la-procesion-del-viernes-santo-en-chieti\/el-recorrido-de-la-procesion-del-viernes-santo-de-chieti\/","title":{"rendered":"El recorrido de la Procesi\u00f3n del Viernes Santo de Chieti"},"content":{"rendered":"<h1>El recorrido de la Procesi\u00f3n del Viernes Santo de Chieti <\/h1>\n<div class=\"testo\">\n<p style=\"text-align: justify\">Definido por Gabriele d&#8217;Annunzio como una &#8220;fuente de l\u00e1grimas&#8221; e inmortalizada en una espl\u00e9ndida pintura de Francesco Paolo Michetti, la procesi\u00f3n del Cristo Muerto de Chieti avanza todav\u00eda hoy tras las huella de un antiguo recorrido ritual (que parte de la plaza de la Catedral y atraviesa dos veces el empedrado del elegante corso Marrucino), se\u00f1alando con un cruz prospectiva el espacio urbano. La procesi\u00f3n de Chieti es un ejemplo de aplicaci\u00f3n de los dictados de la Contrarreforma en materia de ritos extra-lit\u00fargicos, lo que se hace evidente en la cristalizaci\u00f3n de las escenas de la Pasi\u00f3n en los grupos escult\u00f3ricos y la limitaci\u00f3n del protagonismo de los fieles. A pesar de todo, sin embargo, conserva el encanto de los antiguos dramas lit\u00fargicos y reserva un lugar de honor a la conmoci\u00f3n de los fieles. La antig\u00fcedad de la procesi\u00f3n del Viernes Santo y la historia secular de la Archicofrad\u00eda del Sacro Monte de los Muertos han atra\u00eddo la atenci\u00f3n de la UNESCO, la Agencia de la Naciones Unidas responsable de descubrir las piezas que componen el Patrimonio inmaterial de la humanidad.<\/p>\n<\/p><\/div>\n<p><\/p>\n","protected":false},"excerpt":{"rendered":"<p>El recorrido de la Procesi\u00f3n del Viernes Santo de Chieti Definido por Gabriele d&#8217;Annunzio como una &#8220;fuente de l\u00e1grimas&#8221; e inmortalizada en una espl\u00e9ndida pintura de Francesco Paolo Michetti, la procesi\u00f3n del Cristo Muerto de Chieti avanza todav\u00eda hoy tras las huella de un antiguo&hellip;<\/p>\n","protected":false},"author":1,"featured_media":0,"parent":7599,"menu_order":0,"comment_status":"closed","ping_status":"closed","template":"","meta":{"footnotes":""},"class_list":["post-7671","page","type-page","status-publish","hentry"],"_links":{"self":[{"href":"https:\/\/digitalhistory.unite.it\/es\/wp-json\/wp\/v2\/pages\/7671","targetHints":{"allow":["GET"]}}],"collection":[{"href":"https:\/\/digitalhistory.unite.it\/es\/wp-json\/wp\/v2\/pages"}],"about":[{"href":"https:\/\/digitalhistory.unite.it\/es\/wp-json\/wp\/v2\/types\/page"}],"author":[{"embeddable":true,"href":"https:\/\/digitalhistory.unite.it\/es\/wp-json\/wp\/v2\/users\/1"}],"replies":[{"embeddable":true,"href":"https:\/\/digitalhistory.unite.it\/es\/wp-json\/wp\/v2\/comments?post=7671"}],"version-history":[{"count":2,"href":"https:\/\/digitalhistory.unite.it\/es\/wp-json\/wp\/v2\/pages\/7671\/revisions"}],"predecessor-version":[{"id":11902,"href":"https:\/\/digitalhistory.unite.it\/es\/wp-json\/wp\/v2\/pages\/7671\/revisions\/11902"}],"up":[{"embeddable":true,"href":"https:\/\/digitalhistory.unite.it\/es\/wp-json\/wp\/v2\/pages\/7599"}],"wp:attachment":[{"href":"https:\/\/digitalhistory.unite.it\/es\/wp-json\/wp\/v2\/media?parent=7671"}],"curies":[{"name":"wp","href":"https:\/\/api.w.org\/{rel}","templated":true}]}}