{"id":7675,"date":"2021-09-14T13:33:26","date_gmt":"2021-09-14T11:33:26","guid":{"rendered":"https:\/\/digitalhistory.unite.it\/la-elevacion-de-la-cruz-de-francisco-del-rincon\/"},"modified":"2021-11-23T15:29:10","modified_gmt":"2021-11-23T14:29:10","slug":"la-elevacion-de-la-cruz-de-francisco-del-rincon","status":"publish","type":"page","link":"https:\/\/digitalhistory.unite.it\/es\/territorios\/itinerarios-urbanos\/museo-nacional-de-escultura-de-valladolid\/la-elevacion-de-la-cruz-de-francisco-del-rincon\/","title":{"rendered":"&#8220;La Elevaci\u00f3n de la Cruz&#8221; de Francisco del Rinc\u00f3n"},"content":{"rendered":"<\/p>\n<p style=\"text-align: justify\">D\u00f1a. Mar\u00eda Bola\u00f1os Atienza, Directora del Museo Nacional de Escultura de <a href=\"2039}\" title=\"Valladolid\">Valladolid<\/a>, nos ilustra una de las obras m\u00e1s importantes que\u00a0se exhiben de manera permanente en el\u00a0Museo vallisoletano.<\/p>\n<p><a href=\"2740}\" title=\"Santa Teresa de Jes\u00fas de Gregorio Fern\u00e1ndez\">&lt;&lt;&lt;&#8212;p\u00e1gina precedente<\/a><span>\u00a0\u00a0\u00a0<\/span> <a href=\"2742}\" title=\"Alegor\u00eda de la Virgen Inmaculada di Juan de Roelas\">p\u00e1gina siguiente&#8212;&gt;&gt;&gt;<\/a><a href=\"2595}\" title=\"La obra de Fanzago fuera de N\u00e1poles\"><\/a><\/p>\n","protected":false},"excerpt":{"rendered":"<p>D\u00f1a. Mar\u00eda Bola\u00f1os Atienza, Directora del Museo Nacional de Escultura de Valladolid, nos ilustra una de las obras m\u00e1s importantes que\u00a0se exhiben de manera permanente en el\u00a0Museo vallisoletano. &lt;&lt;&lt;&#8212;p\u00e1gina precedente\u00a0\u00a0\u00a0 p\u00e1gina siguiente&#8212;&gt;&gt;&gt;<\/p>\n","protected":false},"author":1,"featured_media":0,"parent":7486,"menu_order":0,"comment_status":"closed","ping_status":"closed","template":"","meta":{"footnotes":""},"class_list":["post-7675","page","type-page","status-publish","hentry"],"_links":{"self":[{"href":"https:\/\/digitalhistory.unite.it\/es\/wp-json\/wp\/v2\/pages\/7675","targetHints":{"allow":["GET"]}}],"collection":[{"href":"https:\/\/digitalhistory.unite.it\/es\/wp-json\/wp\/v2\/pages"}],"about":[{"href":"https:\/\/digitalhistory.unite.it\/es\/wp-json\/wp\/v2\/types\/page"}],"author":[{"embeddable":true,"href":"https:\/\/digitalhistory.unite.it\/es\/wp-json\/wp\/v2\/users\/1"}],"replies":[{"embeddable":true,"href":"https:\/\/digitalhistory.unite.it\/es\/wp-json\/wp\/v2\/comments?post=7675"}],"version-history":[{"count":1,"href":"https:\/\/digitalhistory.unite.it\/es\/wp-json\/wp\/v2\/pages\/7675\/revisions"}],"predecessor-version":[{"id":12126,"href":"https:\/\/digitalhistory.unite.it\/es\/wp-json\/wp\/v2\/pages\/7675\/revisions\/12126"}],"up":[{"embeddable":true,"href":"https:\/\/digitalhistory.unite.it\/es\/wp-json\/wp\/v2\/pages\/7486"}],"wp:attachment":[{"href":"https:\/\/digitalhistory.unite.it\/es\/wp-json\/wp\/v2\/media?parent=7675"}],"curies":[{"name":"wp","href":"https:\/\/api.w.org\/{rel}","templated":true}]}}