{"id":7683,"date":"2021-11-05T13:25:05","date_gmt":"2021-11-05T12:25:05","guid":{"rendered":"https:\/\/digitalhistory.unite.it\/benigno\/"},"modified":"2021-11-23T15:26:22","modified_gmt":"2021-11-23T14:26:22","slug":"benigno","status":"publish","type":"page","link":"https:\/\/digitalhistory.unite.it\/es\/chi-siamo\/benigno\/","title":{"rendered":"Francesco Benigno"},"content":{"rendered":"<p><img loading=\"lazy\" decoding=\"async\" width=\"218\" height=\"218\" src=\"https:\/\/digitalhistory.unite.it\/wp-content\/uploads\/2021\/11\/foto_benigno-1.jpg\" alt=\"Benigno\">Dal 1993 Professore Ordinario di Storia Moderna presso l&#8217;Universit\u00e0 degli Studi di Teramo, \u00e8 stato preside della Facolt\u00e0 di Scienze della Comunicazione per otto anni. \u00c8 inoltre direttore dell&#8217;IMES, Istituto Meridionale di Storia e Scienze Sociali, e membro del comitato editoriale delle riviste accademiche \u00abStorica\u00bb e \u00abMeridiana. Rivista di storia e scienze sociali\u00bb. Ha pubblicato oltre cento articoli e saggi sulle pi\u00f9 importanti riviste italiane e internazionali, nonch\u00e9 libri sulla storia economica e sociale dell&#8217;area mediterranea e sulla storia politica europea durante l&#8217;et\u00e0 moderna. Il suo ultimo libro \u00e8 Parole nel tempo. Un lessico per pensare la storia, Viella, uscito contemporaneamente anche in spagnolo. Tra le sue opere, L&#8217;ombra del re. Ministri e lotta politica nella Spagna del Seicento \u00e8 stato tradotto in spagnolo, mentre Specchi della Rivoluzione. Conflitto e identit\u00e0 politica nell&#8217;Europa moderna&nbsp;\u00e8 stato pubblicato sia in spagnolo che in inglese. Ha inoltre scritto manuali generali di storia moderna europea.<\/p>\n","protected":false},"excerpt":{"rendered":"<p>Dal 1993 Professore Ordinario di Storia Moderna presso l&#8217;Universit\u00e0 degli Studi di Teramo, \u00e8 stato preside della Facolt\u00e0 di Scienze della Comunicazione per otto anni. \u00c8 inoltre direttore dell&#8217;IMES, Istituto Meridionale di Storia e Scienze Sociali, e membro del comitato editoriale delle riviste accademiche \u00abStorica\u00bb&hellip;<\/p>\n","protected":false},"author":1,"featured_media":0,"parent":5803,"menu_order":0,"comment_status":"closed","ping_status":"closed","template":"","meta":{"footnotes":""},"class_list":["post-7683","page","type-page","status-publish","hentry"],"_links":{"self":[{"href":"https:\/\/digitalhistory.unite.it\/es\/wp-json\/wp\/v2\/pages\/7683","targetHints":{"allow":["GET"]}}],"collection":[{"href":"https:\/\/digitalhistory.unite.it\/es\/wp-json\/wp\/v2\/pages"}],"about":[{"href":"https:\/\/digitalhistory.unite.it\/es\/wp-json\/wp\/v2\/types\/page"}],"author":[{"embeddable":true,"href":"https:\/\/digitalhistory.unite.it\/es\/wp-json\/wp\/v2\/users\/1"}],"replies":[{"embeddable":true,"href":"https:\/\/digitalhistory.unite.it\/es\/wp-json\/wp\/v2\/comments?post=7683"}],"version-history":[{"count":2,"href":"https:\/\/digitalhistory.unite.it\/es\/wp-json\/wp\/v2\/pages\/7683\/revisions"}],"predecessor-version":[{"id":10316,"href":"https:\/\/digitalhistory.unite.it\/es\/wp-json\/wp\/v2\/pages\/7683\/revisions\/10316"}],"up":[{"embeddable":true,"href":"https:\/\/digitalhistory.unite.it\/es\/wp-json\/wp\/v2\/pages\/5803"}],"wp:attachment":[{"href":"https:\/\/digitalhistory.unite.it\/es\/wp-json\/wp\/v2\/media?parent=7683"}],"curies":[{"name":"wp","href":"https:\/\/api.w.org\/{rel}","templated":true}]}}